{"id":580546,"date":"2025-03-04T09:14:12","date_gmt":"2025-03-04T08:14:12","guid":{"rendered":"https:\/\/shop.kustom.ch\/?post_type=product&#038;p=580546"},"modified":"2026-03-31T08:29:11","modified_gmt":"2026-03-31T07:29:11","slug":"x1500-maler-piraten-shorts","status":"publish","type":"product","link":"https:\/\/shop.kustom.ch\/fr\/produit\/x1500-maler-piraten-shorts\/","title":{"rendered":"X1500 Short de pirate peintre"},"content":{"rendered":"<p>En tant que ma\u00e7on ou peintre, vous avez besoin de v\u00eatements de travail fonctionnels et robustes, capables de r\u00e9sister \u00e0 la peinture et aux \u00e9claboussures et offrant un bon emplacement pour les pinceaux et les outils. Notre confortable pantalon de pirate a une poche sp\u00e9ciale pour les pinceaux et les spatules. Le pantalon est dot\u00e9 de poches genouill\u00e8res en CORDURA\u00ae robuste.<\/p>\n<p>D\u00c9TAILS : Poche amovible pour carte d'identit\u00e9. Boucle pour marteau sur le c\u00f4t\u00e9. Boutons en m\u00e9tal. Passants, dont un avec anneau en D. FONCTIONNALIT\u00c9 : Jambes de pantalon particuli\u00e8rement ergonomiques. CARACT\u00c9RISTIQUES PRINCIPALES : Peintre. Messieurs. EN 14004. TISSU : Hommes. Gris. Poches \u00e0 clous. Peintre. POCHES : Poche sur la cuisse avec fermeture \u00e9clair. Poches arri\u00e8re avec soufflet. Poches pour genouill\u00e8res. Poches \u00e0 clous - avec boucles pour outils de peintre. Peuvent \u00eatre gliss\u00e9es dans le pantalon. Poches en biais pour les mains. CONDITIONS DE LAVAGE : S\u00e8che-linge - bas. RENFORCEMENT : Renforts CORDURA\u00ae sur les poches avant, les poches arri\u00e8re, la poche m\u00e8tre, les poches sur les jambes, les genoux. CERTIFICATION : EN 14404:2004+A1:2010 avec genouill\u00e8res 4027, 4057, 4058 et 4032.<\/p>\n<p>100% Coton, serg\u00e9, 320 g\/m<\/p>","protected":false},"excerpt":{"rendered":"<p>Als Maurer und Maler brauchen Sie funktionelle, robuste Arbeitskleidung, die Farbe und Spritzern stand halten kann und einen guten Platz f\u00fcr Pinsel und Werkzeug hat. Unsere komfortable Piraten Hose hat eine spezielle Tasche f\u00fcr Pinsel und Spachtel. Die Hose hat Kniepolstertaschen aus robustem CORDURA\u00ae. DETAILS: Abnehmbare Ausweistasche. Hammerschlaufe an der Seite. Metallkn\u00f6pfe. Schlaufen, davon eine [&hellip;]<\/p>\n","protected":false},"featured_media":580570,"template":"","meta":[],"product_brand":[],"product_cat":[4198],"product_tag":[],"class_list":{"0":"post-580546","1":"product","2":"type-product","3":"status-publish","4":"has-post-thumbnail","6":"product_cat-shorts","7":"pa_brand-blaklaeder","8":"pa_brand-type-workwear","9":"pa_filter-color-grau","10":"pa_filter-color-weiss","12":"first","13":"instock","14":"sale","15":"taxable","16":"shipping-taxable","17":"purchasable","18":"product-type-variable","19":"add-to-wishlist-before_image"},"exclude_global_add_ons":[],"addons":[],"acf":[],"_links":{"self":[{"href":"https:\/\/shop.kustom.ch\/fr\/wp-json\/wp\/v2\/product\/580546"}],"collection":[{"href":"https:\/\/shop.kustom.ch\/fr\/wp-json\/wp\/v2\/product"}],"about":[{"href":"https:\/\/shop.kustom.ch\/fr\/wp-json\/wp\/v2\/types\/product"}],"wp:featuredmedia":[{"embeddable":true,"href":"https:\/\/shop.kustom.ch\/fr\/wp-json\/wp\/v2\/media\/580570"}],"wp:attachment":[{"href":"https:\/\/shop.kustom.ch\/fr\/wp-json\/wp\/v2\/media?parent=580546"}],"wp:term":[{"taxonomy":"product_brand","embeddable":true,"href":"https:\/\/shop.kustom.ch\/fr\/wp-json\/wp\/v2\/product_brand?post=580546"},{"taxonomy":"product_cat","embeddable":true,"href":"https:\/\/shop.kustom.ch\/fr\/wp-json\/wp\/v2\/product_cat?post=580546"},{"taxonomy":"product_tag","embeddable":true,"href":"https:\/\/shop.kustom.ch\/fr\/wp-json\/wp\/v2\/product_tag?post=580546"}],"curies":[{"name":"wp","href":"https:\/\/api.w.org\/{rel}","templated":true}]}}