{"id":580524,"date":"2025-03-04T09:14:07","date_gmt":"2025-03-04T08:14:07","guid":{"rendered":"https:\/\/shop.kustom.ch\/?post_type=product&#038;p=580524"},"modified":"2026-03-31T08:29:10","modified_gmt":"2026-03-31T07:29:10","slug":"x1500-maler-arbeitshose","status":"publish","type":"product","link":"https:\/\/shop.kustom.ch\/fr\/produit\/x1500-maler-arbeitshose\/","title":{"rendered":"X1500 Pantalon de travail pour peintre"},"content":{"rendered":"<p>Pantalon de travail X1500 pour peintre. Ce pantalon de peintre robuste combine un design moderne avec des fonctions et des renforts bien pens\u00e9s pour une utilisation quotidienne. Ce pantalon a \u00e9t\u00e9 con\u00e7u pour les ma\u00e7ons et les peintres, avec des doubles couches de tissu sur les cuisses et des poches sp\u00e9ciales pour les outils, comme les pinceaux et les spatules.<\/p>\n<p>FERMETURE : Bas de jambes r\u00e9glables avec cordon de serrage et renforts en CORDURA\u00ae. D\u00c9TAILS : Poche pour carte d'identit\u00e9 amovible. Boucle pour marteau sur le c\u00f4t\u00e9. Boutons en m\u00e9tal. Passants, dont un avec anneau en D. FONCTIONNALIT\u00c9 : Jambes de pantalon particuli\u00e8rement ergonomiques. CARACT\u00c9RISTIQUES PRINCIPALES : Peintre. EN 14004. TISSU : Hommes. Gris. Poches \u00e0 clous. Peintre. POSITIONS : Poche sur la cuisse avec fermeture \u00e9clair. Poches arri\u00e8re avec soufflet. Poches pour genouill\u00e8res. Poches \u00e0 clous - avec boucles pour outils de peintre. Peuvent \u00eatre gliss\u00e9es dans le pantalon. Poches en biais pour les mains. CONDITIONS DE LAVAGE : S\u00e8che-linge - bas. RENFORCEMENT : Renforts en CORDURA\u00ae sur les poches avant, les poches arri\u00e8re, la poche m\u00e8tre, les poches sur la jambe, les genoux et le bord inf\u00e9rieur. CERTIFICATION : EN 14404:2004+A1:2010 avec genouill\u00e8res 4027, 4057, 4058 et 4032.<\/p>\n<p>100% Coton, serg\u00e9, 320 g\/m<\/p>","protected":false},"excerpt":{"rendered":"<p>X1500 Maler Arbeitshose. Diese robuste Malerhose kombiniert modernes Design mit durchdachten Funktionen und Verst\u00e4rkungen f\u00fcr den t\u00e4glichen Einsatz. Diese Hose wurde f\u00fcr Maurer und Maler entwickelt, mit doppelten Stofflagen am Oberschenkel und speziellen Taschen f\u00fcr Werkzeug, wie Pinsel und Spachtel. ABSCHLUSS: Verstellbare Beinabschl\u00fcsse mit Kordelzug und CORDURA\u00ae-Verst\u00e4rkung. DETAILS: Abnehmbare Ausweistasche. Hammerschlaufe an der Seite. Metallkn\u00f6pfe. [&hellip;]<\/p>\n","protected":false},"featured_media":580568,"template":"","meta":[],"product_brand":[],"product_cat":[4185],"product_tag":[],"class_list":{"0":"post-580524","1":"product","2":"type-product","3":"status-publish","4":"has-post-thumbnail","6":"product_cat-hosen","7":"pa_brand-blaklaeder","8":"pa_brand-type-workwear","9":"pa_filter-color-grau","10":"pa_filter-color-weiss","12":"first","13":"instock","14":"sale","15":"taxable","16":"shipping-taxable","17":"purchasable","18":"product-type-variable","19":"add-to-wishlist-before_image"},"exclude_global_add_ons":[],"addons":[],"acf":[],"_links":{"self":[{"href":"https:\/\/shop.kustom.ch\/fr\/wp-json\/wp\/v2\/product\/580524"}],"collection":[{"href":"https:\/\/shop.kustom.ch\/fr\/wp-json\/wp\/v2\/product"}],"about":[{"href":"https:\/\/shop.kustom.ch\/fr\/wp-json\/wp\/v2\/types\/product"}],"wp:featuredmedia":[{"embeddable":true,"href":"https:\/\/shop.kustom.ch\/fr\/wp-json\/wp\/v2\/media\/580568"}],"wp:attachment":[{"href":"https:\/\/shop.kustom.ch\/fr\/wp-json\/wp\/v2\/media?parent=580524"}],"wp:term":[{"taxonomy":"product_brand","embeddable":true,"href":"https:\/\/shop.kustom.ch\/fr\/wp-json\/wp\/v2\/product_brand?post=580524"},{"taxonomy":"product_cat","embeddable":true,"href":"https:\/\/shop.kustom.ch\/fr\/wp-json\/wp\/v2\/product_cat?post=580524"},{"taxonomy":"product_tag","embeddable":true,"href":"https:\/\/shop.kustom.ch\/fr\/wp-json\/wp\/v2\/product_tag?post=580524"}],"curies":[{"name":"wp","href":"https:\/\/api.w.org\/{rel}","templated":true}]}}