{"id":580393,"date":"2025-03-04T09:12:17","date_gmt":"2025-03-04T08:12:17","guid":{"rendered":"https:\/\/shop.kustom.ch\/?post_type=product&#038;p=580393"},"modified":"2026-03-31T08:29:04","modified_gmt":"2026-03-31T07:29:04","slug":"arbeitshose-multifunktion-bodenleger","status":"publish","type":"product","link":"https:\/\/shop.kustom.ch\/fr\/produit\/arbeitshose-multifunktion-bodenleger\/","title":{"rendered":"Pantalon de travail multifonction Poseur de sol"},"content":{"rendered":"<p>D\u00c9TAILS : Poche pour carte d'identit\u00e9. Boucle marteau sur le c\u00f4t\u00e9. Boutons en m\u00e9tal. Couture int\u00e9rieure de la jambe avec triple couture. Fermeture \u00e0 glissi\u00e8re en plastique \u00e0 l'entrejambe. Passants, dont un avec anneau en D. CARACT\u00c9RISTIQUES PRINCIPALES : Poseur de sol. EN 14004. TISSU : homme. noir. Poches pour genouill\u00e8res. Artisanat. POSITIONS : Poche pour couteau. Poches arri\u00e8re \u00e0 soufflet, une avec rabat et bouton-pression. Poches pour genouill\u00e8res. Poches \u00e0 clous - avec compartiments pour tournevis et boucles pour outils qui peuvent \u00eatre ins\u00e9r\u00e9es dans les poches avant \u00e0 soufflet. Poches avant avec soufflet. Poche pour m\u00e8tre pliant avec porte-couteau et poche pour stylo. INSTRUCTIONS DE LAVAGE : Ne pas blanchir. RENFORCEMENT : Genoux et poches arri\u00e8re renforc\u00e9s en CORDURA\u00ae. CERTIFICATION : EN 14404:2004+A1:2010 avec genouill\u00e8res 4027, 4057, 4058 et 4032.<\/p>\n<p>65% polyester, 35% coton, serg\u00e9, 300g\/m<\/p>","protected":false},"excerpt":{"rendered":"<p>DETAILS: Ausweistasche. Hammerschlaufe an der Seite. Metallkn\u00f6pfe. Innenbeinnaht mit 3-fach-Naht. Kunststoff-Reissverschluss im Schritt. Schlaufen, davon eine mit D-Ring. HAUPTEIGENSCHAFTEN: Bodenleger. EN 14004. STOFF: Herren. schwarz. Kniepolstertaschen. Handwerk. TASCHEN: Messertasche. Ges\u00e4sstaschen mit Balg, eine mit Patte und Druckknopf. Kniepolstertaschen. Nageltaschen &#8211; mit Schraubenzieherf\u00e4chern und Werkzeugschlaufen, die in die Vordertaschen mit Balg gesteckt werden k\u00f6nnen. Vordertaschen mit [&hellip;]<\/p>\n","protected":false},"featured_media":580402,"template":"","meta":[],"product_brand":[],"product_cat":[4185],"product_tag":[],"class_list":{"0":"post-580393","1":"product","2":"type-product","3":"status-publish","4":"has-post-thumbnail","6":"product_cat-hosen","7":"pa_brand-blaklaeder","8":"pa_brand-type-workwear","9":"pa_filter-color-grau","10":"pa_filter-color-schwarz","12":"first","13":"instock","14":"sale","15":"taxable","16":"shipping-taxable","17":"purchasable","18":"product-type-variable","19":"add-to-wishlist-before_image"},"exclude_global_add_ons":[],"addons":[],"acf":[],"_links":{"self":[{"href":"https:\/\/shop.kustom.ch\/fr\/wp-json\/wp\/v2\/product\/580393"}],"collection":[{"href":"https:\/\/shop.kustom.ch\/fr\/wp-json\/wp\/v2\/product"}],"about":[{"href":"https:\/\/shop.kustom.ch\/fr\/wp-json\/wp\/v2\/types\/product"}],"wp:featuredmedia":[{"embeddable":true,"href":"https:\/\/shop.kustom.ch\/fr\/wp-json\/wp\/v2\/media\/580402"}],"wp:attachment":[{"href":"https:\/\/shop.kustom.ch\/fr\/wp-json\/wp\/v2\/media?parent=580393"}],"wp:term":[{"taxonomy":"product_brand","embeddable":true,"href":"https:\/\/shop.kustom.ch\/fr\/wp-json\/wp\/v2\/product_brand?post=580393"},{"taxonomy":"product_cat","embeddable":true,"href":"https:\/\/shop.kustom.ch\/fr\/wp-json\/wp\/v2\/product_cat?post=580393"},{"taxonomy":"product_tag","embeddable":true,"href":"https:\/\/shop.kustom.ch\/fr\/wp-json\/wp\/v2\/product_tag?post=580393"}],"curies":[{"name":"wp","href":"https:\/\/api.w.org\/{rel}","templated":true}]}}