{"id":580105,"date":"2025-03-04T09:08:59","date_gmt":"2025-03-04T08:08:59","guid":{"rendered":"https:\/\/shop.kustom.ch\/?post_type=product&#038;p=580105"},"modified":"2026-03-31T08:28:58","modified_gmt":"2026-03-31T07:28:58","slug":"handwerker-arbeitshose-x1500","status":"publish","type":"product","link":"https:\/\/shop.kustom.ch\/fr\/produit\/handwerker-arbeitshose-x1500\/","title":{"rendered":"Pantalon de travail d'artisan X1500"},"content":{"rendered":"<p>D\u00e9couvrez le nouveau denim extr\u00eame CORDURA\u00ae X1500 : il ressemble \u00e0 un jean, se porte comme un jean, mais il est 4 fois plus solide ! Et poss\u00e8de les m\u00eames fonctions et d\u00e9tails \u00e9prouv\u00e9s que tous les pantalons X1500.<\/p>\n<p>FERMETURE : Bas de jambes r\u00e9glables avec cordon de serrage et renforts en CORDURA\u00ae. D\u00c9TAILS : Poche pour carte d'identit\u00e9 amovible. Couture int\u00e9rieure de la jambe avec triple couture. Patte de boutonnage \u00e0 l'entrejambe. Passants, dont un avec anneau en D. FONCTIONNALIT\u00c9 : Jambes de pantalon particuli\u00e8rement ergonomiques. CARACTERISTIQUES PRINCIPALES : Constructeur de b\u00e9ton. EN 14004. TISSU : Homme. noir. Poches pour genouill\u00e8res. Artisanat. POCHES : poche sur la jambe avec doubles poches \u00e0 fermeture \u00e9clair, poche pour stylo et poche int\u00e9rieure pour t\u00e9l\u00e9phone portable en mesh. Poche sur la cuisse avec fermeture \u00e0 glissi\u00e8re. Poches arri\u00e8re \u00e0 soufflet. Poches rembourr\u00e9es aux genoux. Poches \u00e0 clous - avec boucles pour outils, peuvent \u00eatre ins\u00e9r\u00e9es dans le pantalon. Poches avant en biais. Poche m\u00e8tre renforc\u00e9e CORDURA\u00ae extra large avec poche stylo et porte-couteau. CONDITION DE LAVAGE : S\u00e8che-linge - bas. RENFORCEMENT : Renforts en CORDURA\u00ae sur les poches suspendues, les poches arri\u00e8re, la poche m\u00e8tre, les poches sur les jambes, les genoux et le bord inf\u00e9rieur. CERTIFICATION : EN 14404:2004+A1:2010 avec genouill\u00e8res 4027, 4057, 4058 et 4032.<\/p>\n<p>88% coton, 12% polyamide, denim, enduit, CORDURA\u00ae denim, 375g\/m<\/p>","protected":false},"excerpt":{"rendered":"<p>Entdecken Sie die neue, extreme CORDURA\u00ae Denim X1500: Sie sieht aus wie eine Jeans, tr\u00e4gt sich wie eine Jeans, ist aber 4 x st\u00e4rker! Und hat die selben, bew\u00e4hrten Funktionen und Details wie alle X1500-Hosen. ABSCHLUSS: Verstellbare Beinabschl\u00fcsse mit Kordelzug und CORDURA\u00ae-Verst\u00e4rkung. DETAILS: Abnehmbare Ausweistasche. Innenbeinnaht mit 3-fach-Naht. Knopfleiste im Schritt. Schlaufen, davon eine mit [&hellip;]<\/p>\n","protected":false},"featured_media":580134,"template":"","meta":[],"product_brand":[],"product_cat":[4185],"product_tag":[],"class_list":{"0":"post-580105","1":"product","2":"type-product","3":"status-publish","4":"has-post-thumbnail","6":"product_cat-hosen","7":"pa_brand-blaklaeder","8":"pa_brand-type-workwear","9":"pa_filter-color-beige","10":"pa_filter-color-blau","11":"pa_filter-color-grau","12":"pa_filter-color-gruen","13":"pa_filter-color-schwarz","15":"first","16":"instock","17":"sale","18":"taxable","19":"shipping-taxable","20":"purchasable","21":"product-type-variable","22":"add-to-wishlist-before_image"},"exclude_global_add_ons":[],"addons":[],"acf":[],"_links":{"self":[{"href":"https:\/\/shop.kustom.ch\/fr\/wp-json\/wp\/v2\/product\/580105"}],"collection":[{"href":"https:\/\/shop.kustom.ch\/fr\/wp-json\/wp\/v2\/product"}],"about":[{"href":"https:\/\/shop.kustom.ch\/fr\/wp-json\/wp\/v2\/types\/product"}],"wp:featuredmedia":[{"embeddable":true,"href":"https:\/\/shop.kustom.ch\/fr\/wp-json\/wp\/v2\/media\/580134"}],"wp:attachment":[{"href":"https:\/\/shop.kustom.ch\/fr\/wp-json\/wp\/v2\/media?parent=580105"}],"wp:term":[{"taxonomy":"product_brand","embeddable":true,"href":"https:\/\/shop.kustom.ch\/fr\/wp-json\/wp\/v2\/product_brand?post=580105"},{"taxonomy":"product_cat","embeddable":true,"href":"https:\/\/shop.kustom.ch\/fr\/wp-json\/wp\/v2\/product_cat?post=580105"},{"taxonomy":"product_tag","embeddable":true,"href":"https:\/\/shop.kustom.ch\/fr\/wp-json\/wp\/v2\/product_tag?post=580105"}],"curies":[{"name":"wp","href":"https:\/\/api.w.org\/{rel}","templated":true}]}}