{"id":579995,"date":"2025-03-04T09:07:36","date_gmt":"2025-03-04T08:07:36","guid":{"rendered":"https:\/\/shop.kustom.ch\/?post_type=product&#038;p=579995"},"modified":"2026-03-31T08:26:47","modified_gmt":"2026-03-31T07:26:47","slug":"service-arbeitshose-denim-stretch-3","status":"publish","type":"product","link":"https:\/\/shop.kustom.ch\/fr\/produit\/service-arbeitshose-denim-stretch-3\/","title":{"rendered":"Pantalon de travail Service Denim Stretch"},"content":{"rendered":"<p>Pantalon de travail Denim Stretch Service en jean. Pour une coupe optimale et un confort parfait, ce pantalon est dot\u00e9 d'empi\u00e8cements en stretch aux mollets et \u00e0 l'entrejambe, ainsi que de poches genouill\u00e8res en CORDURA\u00ae stretch \u00e0 remplir par le haut. Des d\u00e9tails soigneusement choisis, comme par exemple des passepoils r\u00e9fl\u00e9chissants discrets et une poche pour t\u00e9l\u00e9phone portable en maille l\u00e9g\u00e8re, font de ce pantalon un compagnon id\u00e9al pour le travail quotidien. <\/p>\n<p>FERMETURE : Bas de jambes r\u00e9glables avec boutons. D\u00c9TAILS : Anneau en D. Boucle marteau sur le c\u00f4t\u00e9. Boutons en m\u00e9tal. Fermeture \u00e9clair m\u00e9tallique \u00e0 l'entrejambe. FONCTIONNALIT\u00c9 : Insert en stretch sur la poche du genou et le mollet. Jambes de pantalon de forme particuli\u00e8rement ergonomique. CARACTERISTIQUES PRINCIPALES : manutentionnaire. EN 14004. REFLEX : D\u00e9tails r\u00e9fl\u00e9chissants. TISSU : Hommes. Noir. Stretch. Tissu stretch. POCHES : Deux poches sur la jambe avec rabats. Une avec poche pour stylo et poche int\u00e9rieure en mesh pour t\u00e9l\u00e9phone portable, une avec poche pour stylo et couteau et ouverture pour m\u00e8tre pliant. Poches arri\u00e8re. Poches pour genouill\u00e8res - en haut avec rabat et fermeture velcro. Tissu stretch \u00e0 l'ext\u00e9rieur et \u00e0 l'int\u00e9rieur pour un meilleur ajustement ergonomique. Poches lat\u00e9rales. INSTRUCTIONS DE LAVAGE : repassage - bas. RENFORCEMENT : Poches de genouill\u00e8res renforc\u00e9es en Cordura\u00ae Stretch. CERTIFICATION : EN 14404:2004+A1:2010 avec genouill\u00e8res 4027 et 4057.<\/p>\n<p>55% coton, 15% polyamide, 30% polyester, denim enduit, CORDURA\u00ae denim, stretch, 340 g\/m<\/p>","protected":false},"excerpt":{"rendered":"<p>Denim Stretch Service Arbeitshose aus Jeansstoff. F\u00fcr einen optimalen Schnitt und perfekten Tragekomfort hat die Bundhose Stretch-Eins\u00e4tze an den Waden und im Schritt, so wie von oben zu f\u00fcllende Kniepolstertaschen aus CORDURA\u00ae-Stretch. Sorgf\u00e4ltig gew\u00e4hlte Details, wie zum Beispiel, diskrete Reflexpaspeln und eine Handytasche aus leichtem Netzfutter machen diese Bundhose zu einem passenden Begleiter im Arbeitsalltag. [&hellip;]<\/p>\n","protected":false},"featured_media":580013,"template":"","meta":[],"product_brand":[],"product_cat":[4185],"product_tag":[],"class_list":{"0":"post-579995","1":"product","2":"type-product","3":"status-publish","4":"has-post-thumbnail","6":"product_cat-hosen","7":"pa_brand-blaklaeder","8":"pa_brand-type-workwear","9":"pa_filter-color-blau","10":"pa_filter-color-schwarz","12":"first","13":"instock","14":"sale","15":"taxable","16":"shipping-taxable","17":"purchasable","18":"product-type-variable","19":"add-to-wishlist-before_image"},"exclude_global_add_ons":[],"addons":[],"acf":[],"_links":{"self":[{"href":"https:\/\/shop.kustom.ch\/fr\/wp-json\/wp\/v2\/product\/579995"}],"collection":[{"href":"https:\/\/shop.kustom.ch\/fr\/wp-json\/wp\/v2\/product"}],"about":[{"href":"https:\/\/shop.kustom.ch\/fr\/wp-json\/wp\/v2\/types\/product"}],"wp:featuredmedia":[{"embeddable":true,"href":"https:\/\/shop.kustom.ch\/fr\/wp-json\/wp\/v2\/media\/580013"}],"wp:attachment":[{"href":"https:\/\/shop.kustom.ch\/fr\/wp-json\/wp\/v2\/media?parent=579995"}],"wp:term":[{"taxonomy":"product_brand","embeddable":true,"href":"https:\/\/shop.kustom.ch\/fr\/wp-json\/wp\/v2\/product_brand?post=579995"},{"taxonomy":"product_cat","embeddable":true,"href":"https:\/\/shop.kustom.ch\/fr\/wp-json\/wp\/v2\/product_cat?post=579995"},{"taxonomy":"product_tag","embeddable":true,"href":"https:\/\/shop.kustom.ch\/fr\/wp-json\/wp\/v2\/product_tag?post=579995"}],"curies":[{"name":"wp","href":"https:\/\/api.w.org\/{rel}","templated":true}]}}