{"id":579650,"date":"2025-03-04T09:04:15","date_gmt":"2025-03-04T08:04:15","guid":{"rendered":"https:\/\/shop.kustom.ch\/?post_type=product&#038;p=579650"},"modified":"2026-03-31T08:26:19","modified_gmt":"2026-03-31T07:26:19","slug":"service-arbeitshose-mit-stretch-2","status":"publish","type":"product","link":"https:\/\/shop.kustom.ch\/fr\/produit\/service-arbeitshose-mit-stretch-2\/","title":{"rendered":"Pantalon de travail de service avec stretch"},"content":{"rendered":"<p>Pantalon de travail robuste et fonctionnel en Ripstop Service. Pour une coupe optimale et un confort parfait, ce pantalon est dot\u00e9 d'inserts en stretch aux mollets et \u00e0 l'entrejambe, ainsi que de poches genouill\u00e8res en CORDURA\u00ae stretch \u00e0 remplir par le haut. Des d\u00e9tails soigneusement choisis, tels que des passepoils r\u00e9fl\u00e9chissants discrets, une poche pour t\u00e9l\u00e9phone portable en filet l\u00e9ger, une poche pour m\u00e8tre pliant et un porte-couteau pratique font de ce pantalon un compagnon id\u00e9al pour le travail quotidien. <\/p>\n<p>FERMETURE : Bas de jambes r\u00e9glables avec boutons. D\u00c9TAILS : Anneau en D. Boucle marteau sur le c\u00f4t\u00e9. Boutons cach\u00e9s. Fermeture \u00e0 glissi\u00e8re en plastique \u00e0 l'entrejambe. FONCTIONNALIT\u00c9 : Inserts stretch \u00e0 l'entrejambe, au mollet et poche de genouill\u00e8re. Jambes de pantalon de forme particuli\u00e8rement ergonomique. CARACT\u00c9RISTIQUES PRINCIPALES : Pouvoir nettoyant. EN 14004. REFLEX : D\u00e9tails r\u00e9fl\u00e9chissants. TISSU : Hommes. Poches pour genouill\u00e8res. Unite. POCHES : Poche sur la jambe avec soufflet, poche pour stylo et poche pour t\u00e9l\u00e9phone portable \u00e0 l'int\u00e9rieur en mesh. Poches arri\u00e8re. Poches pour genouill\u00e8res - en haut avec rabat et fermeture velcro. Tissu stretch \u00e0 l'ext\u00e9rieur et \u00e0 l'int\u00e9rieur pour un meilleur ajustement ergonomique. Poches lat\u00e9rales. Poche m\u00e8tre avec porte couteau et poche stylo. INSTRUCTIONS DE LAVAGE : repassage - bas. RENFORCEMENT : Poches genouill\u00e8res renforc\u00e9es en Cordura\u00ae Stretch. CERTIFICATION : EN 14404:2004+A1:2010 avec genouill\u00e8res 4027 et 4057.<\/p>\n<p>Coton 60%, polyester 40%, ripstop 250g\/m<\/p>","protected":false},"excerpt":{"rendered":"<p>Robuste und funktionelle Ripstop Service Arbeitshose. F\u00fcr einen optimalen Schnitt und perfekten Tragekomfort hat die Bundhose Stretch-Eins\u00e4tze an den Waden und im Schritt, so wie von oben zu f\u00fcllende Kniepolstertaschen aus CORDURA\u00ae-Stretch. Sorgf\u00e4ltig gew\u00e4hlte Details, wie zum Beispiel, diskrete Reflexpaspeln, Handytasche aus leichtem Netzfutter, Zollstocktasche und ein praktischer Messerhalter machen diese Bundhose zu einem passenden [&hellip;]<\/p>\n","protected":false},"featured_media":579706,"template":"","meta":[],"product_brand":[],"product_cat":[4185],"product_tag":[],"class_list":{"0":"post-579650","1":"product","2":"type-product","3":"status-publish","4":"has-post-thumbnail","6":"product_cat-hosen","7":"pa_brand-blaklaeder","8":"pa_brand-type-workwear","9":"pa_filter-color-blau","10":"pa_filter-color-gelb","12":"first","13":"instock","14":"sale","15":"taxable","16":"shipping-taxable","17":"purchasable","18":"product-type-variable","19":"add-to-wishlist-before_image"},"exclude_global_add_ons":[],"addons":[],"acf":[],"_links":{"self":[{"href":"https:\/\/shop.kustom.ch\/fr\/wp-json\/wp\/v2\/product\/579650"}],"collection":[{"href":"https:\/\/shop.kustom.ch\/fr\/wp-json\/wp\/v2\/product"}],"about":[{"href":"https:\/\/shop.kustom.ch\/fr\/wp-json\/wp\/v2\/types\/product"}],"wp:featuredmedia":[{"embeddable":true,"href":"https:\/\/shop.kustom.ch\/fr\/wp-json\/wp\/v2\/media\/579706"}],"wp:attachment":[{"href":"https:\/\/shop.kustom.ch\/fr\/wp-json\/wp\/v2\/media?parent=579650"}],"wp:term":[{"taxonomy":"product_brand","embeddable":true,"href":"https:\/\/shop.kustom.ch\/fr\/wp-json\/wp\/v2\/product_brand?post=579650"},{"taxonomy":"product_cat","embeddable":true,"href":"https:\/\/shop.kustom.ch\/fr\/wp-json\/wp\/v2\/product_cat?post=579650"},{"taxonomy":"product_tag","embeddable":true,"href":"https:\/\/shop.kustom.ch\/fr\/wp-json\/wp\/v2\/product_tag?post=579650"}],"curies":[{"name":"wp","href":"https:\/\/api.w.org\/{rel}","templated":true}]}}