{"id":579517,"date":"2025-03-04T09:02:23","date_gmt":"2025-03-04T08:02:23","guid":{"rendered":"https:\/\/shop.kustom.ch\/?post_type=product&#038;p=579517"},"modified":"2026-03-31T08:25:36","modified_gmt":"2026-03-31T07:25:36","slug":"multinorm-arbeitshose-inhaerent-2","status":"publish","type":"product","link":"https:\/\/shop.kustom.ch\/fr\/produit\/multinorm-arbeitshose-inhaerent-2\/","title":{"rendered":"Pantalon de travail Multinorm Inh\u00e9rent"},"content":{"rendered":"<p>Pantalon ol\u00e9ophobe, anti-salissures et imperm\u00e9able avec un excellent rapport r\u00e9sistance\/poids. Le tissu est intrins\u00e8quement ignifuge, ce qui signifie que les propri\u00e9t\u00e9s ignifuges sont naturellement contenues dans les fibres. Le pantalon est dot\u00e9 d'inserts renforc\u00e9s en CORDURA\u00ae\/Kevlar\u00ae\/Protal\u00ae au niveau des genoux. Il pr\u00e9sente de nombreuses solutions de poches astucieuses qui r\u00e9pondent aux certifications et aux normes. Les poches pr\u00e9sentant une usure excessive sont doublement renforc\u00e9es afin de prolonger leur dur\u00e9e de vie. Le pantalon poss\u00e8de des poches \u00e0 clous, une poche m\u00e8tre ouverte et des poches arri\u00e8re sans rabat. Le tissu ripstop offre une excellente r\u00e9sistance \u00e0 la d\u00e9chirure. Test\u00e9 et approuv\u00e9 pour 50 lavages. Le produit est certifi\u00e9 selon : EN 14404, EN 1149-5, EN ISO 20471, EN ISO 11612, IEC 61482-2. ATPV : 11 cal\/cm\u00b2, HAF : 79,3%, LOI : 29,6%. Ensemble avec l'art. 4089, ils atteignent la classe 3 selon EN ISO 20471. Conforme aux exigences EN ISO 15797 pour le lavage industriel.<\/p>\n<p>FERMETURE : Largeur de l'ourlet de la jambe r\u00e9glable avec des boutons-pression en plastique. D\u00c9TAILS : Poche d'identification amovible pour les v\u00eatements ignifuges. \u00c9tiquettes de certification ext\u00e9rieures. Fermeture \u00e0 glissi\u00e8re en plastique \u00e0 l'entrejambe. Passants, dont un avec anneau en D. FONCTIONNALIT\u00c9 : Sans m\u00e9tal. ACTIVIT\u00c9S PRINCIPALES : Travailleurs de la route et du b\u00e2timent. IEC 61482-2. REFLEX : Bandes r\u00e9fl\u00e9chissantes ignifuges avec doubles coutures. TISSU : Hommes. Bleu. Poches pour genouill\u00e8res. Protection contre les flammes. POCHES : Poche sur la jambe avec soufflet, poche pour t\u00e9l\u00e9phone portable et poche pour stylo. Poches arri\u00e8re renforc\u00e9es par un soufflet. Poches ext\u00e9rieures pour genouill\u00e8res. Poches \u00e0 clous renforc\u00e9es en trois parties. Poches avant en biais. Poche m\u00e8tre avec porte-couteau et poche stylo. INSTRUCTIONS DE LAVAGE : PRO : convient au s\u00e9chage en tambour. RENFORCEMENT : CORDURA\u00ae\/Kevlar\u00ae\/Protal\u00ae - renforc\u00e9 aux genoux. CERTIFICATION : ATPV Rating : 32 cal\/cm\u00b2, CAT 3. 50 lavages maximum. EN 14404:2004+A1:2010 avec les genouill\u00e8res 4027 et 4057. 50 lavages maximum. EN ISO 11612 A1,A2,B1,C1,F1. Groupe de certification W<\/p>\n<p>44% Modacrylique, 30% Coton, 20% FR Polyamide, 5% Aramide, 1% antistatique, Ripstop, ignifug\u00e9, antistatique, 260 g\/m<\/p>","protected":false},"excerpt":{"rendered":"<p>\u00d6l-, schmutz- und wasserabweisende Hose mit ausgezeichnetem St\u00e4rke-Gewichts-Verh\u00e4ltnis. Der Stoff ist inh\u00e4rent flammfest, was bedeutet, dass die Flammschutz-Eigenschaften nat\u00fcrlich in den Fasern enthalten sind. Die Hose hat robuste CORDURA\u00ae\/Kevlar\u00ae\/Protal\u00ae verst\u00e4rkte Eins\u00e4tze an den Knien. Sie weist viele clevere Taschenl\u00f6sungen, die die Zertifizierungen und Normen erf\u00fcllen, auf. Taschen mit \u00fcberm\u00e4ssiger Abnutzung sind doppelt verst\u00e4rkt, um ihre [&hellip;]<\/p>\n","protected":false},"featured_media":579535,"template":"","meta":[],"product_brand":[],"product_cat":[4185],"product_tag":[],"class_list":{"0":"post-579517","1":"product","2":"type-product","3":"status-publish","4":"has-post-thumbnail","6":"product_cat-hosen","7":"pa_brand-blaklaeder","8":"pa_brand-type-workwear","9":"pa_filter-color-blau","10":"pa_filter-color-gelb","11":"pa_filter-color-orange","13":"first","14":"instock","15":"sale","16":"taxable","17":"shipping-taxable","18":"purchasable","19":"product-type-variable","20":"add-to-wishlist-before_image"},"exclude_global_add_ons":[],"addons":[],"acf":[],"_links":{"self":[{"href":"https:\/\/shop.kustom.ch\/fr\/wp-json\/wp\/v2\/product\/579517"}],"collection":[{"href":"https:\/\/shop.kustom.ch\/fr\/wp-json\/wp\/v2\/product"}],"about":[{"href":"https:\/\/shop.kustom.ch\/fr\/wp-json\/wp\/v2\/types\/product"}],"wp:featuredmedia":[{"embeddable":true,"href":"https:\/\/shop.kustom.ch\/fr\/wp-json\/wp\/v2\/media\/579535"}],"wp:attachment":[{"href":"https:\/\/shop.kustom.ch\/fr\/wp-json\/wp\/v2\/media?parent=579517"}],"wp:term":[{"taxonomy":"product_brand","embeddable":true,"href":"https:\/\/shop.kustom.ch\/fr\/wp-json\/wp\/v2\/product_brand?post=579517"},{"taxonomy":"product_cat","embeddable":true,"href":"https:\/\/shop.kustom.ch\/fr\/wp-json\/wp\/v2\/product_cat?post=579517"},{"taxonomy":"product_tag","embeddable":true,"href":"https:\/\/shop.kustom.ch\/fr\/wp-json\/wp\/v2\/product_tag?post=579517"}],"curies":[{"name":"wp","href":"https:\/\/api.w.org\/{rel}","templated":true}]}}