{"id":579451,"date":"2025-03-04T09:01:39","date_gmt":"2025-03-04T08:01:39","guid":{"rendered":"https:\/\/shop.kustom.ch\/?post_type=product&#038;p=579451"},"modified":"2026-03-31T08:25:26","modified_gmt":"2026-03-31T07:25:26","slug":"multinorm-arbeitshose-inhaerent-mit-stretch","status":"publish","type":"product","link":"https:\/\/shop.kustom.ch\/fr\/produit\/multinorm-arbeitshose-inhaerent-mit-stretch\/","title":{"rendered":"Pantalon de travail Multinorm inh\u00e9rent avec stretch"},"content":{"rendered":"<p>Pantalon de travail ignifuge r\u00e9sistant \u00e0 l'huile, \u00e0 la salet\u00e9 et \u00e0 l'eau avec fonction stretch. Le pantalon de travail id\u00e9al avec un haut niveau de confort pour les personnes qui travaillent dans des environnements \u00e0 risque. Le pantalon poss\u00e8de des d\u00e9tails intelligents tels que des inserts stretch pour une meilleure libert\u00e9 de mouvement et une plus grande flexibilit\u00e9. Le tissu est intrins\u00e8quement dot\u00e9 d'une grande r\u00e9sistance \u00e0 l'abrasion. Le pantalon est dot\u00e9 d'un renfort CORDURA\u00ae\/Kevlar\u00ae\/Protal\u00ae au niveau des genoux, d'une poche m\u00e8tre et d'une poche couteau pouvant accueillir un t\u00e9l\u00e9phone portable. Particuli\u00e8rement adapt\u00e9 aux \u00e9lectriciens et aux professions similaires. Certifi\u00e9 selon les normes EN 14404, EN 1149-5, EN ISO 20471, EN ISO 11612, IEC 61482-2.<\/p>\n<p>FERMETURE : Possibilit\u00e9 de rallonger l'ourlet de la jambe. D\u00c9TAILS : Poche d'identification amovible pour les v\u00eatements ignifuges. \u00c9tiquettes de certification ext\u00e9rieures. Fermeture \u00e0 glissi\u00e8re en plastique \u00e0 l'entrejambe. Passants, dont un avec anneau en D. FONCTIONNALIT\u00c9 : Insert stretch \u00e0 l'entrejambe et au fessier. PRINCIPALES CARACT\u00c9RISTIQUES : Employ\u00e9 de service. IEC 61482-2. REFLEX : Bandes r\u00e9fl\u00e9chissantes ignifuges avec doubles coutures. TISSU : Hommes. Jaune. Tissu stretch. R\u00e9sistant aux flammes. POCHES : Poche sur la jambe avec soufflet, rabat et poche pour t\u00e9l\u00e9phone portable. Poche arri\u00e8re. Poches ext\u00e9rieures pour genouill\u00e8res. Poches \u00e0 clous renforc\u00e9es en trois parties. Poches lat\u00e9rales. Poche m\u00e8tre renforc\u00e9e avec deux possibilit\u00e9s de placement du couteau et une poche stylo. INSTRUCTIONS DE LAVAGE : Ne pas repasser. RENFORCEMENT : CORDURA\u00ae\/Kevlar\u00ae\/Protal\u00ae - renforc\u00e9 aux genoux. CERTIFICATION : EN 1149-5. EN 14404:2004+A1:2010 avec genouill\u00e8res 4027 et 4057. EN ISO 11612 A1, B1, C1, F1. Groupe de certification W. IEC 61482-2, APC 1<\/p>\n<p>44% Modacrylique, 30% Coton, 20% FR Polyamide, 5% Aramide, 1% antistatique, Ripstop, ignifug\u00e9, antistatique, 260 g\/m<\/p>","protected":false},"excerpt":{"rendered":"<p>\u00d6l-, schmutz- und wasserabweisende Flammschutz Arbeitshose mit Stretch Funktion. Die ideale Arbeitshose mit einem hohen Level an Komfort f\u00fcr Leute, die in gef\u00e4hrdeten Umgebungen arbeiten. Die Hose besitzt intelligente Details wie Stretch Eins\u00e4tze f\u00fcr eine bessere Bewegungsfreiheit und Flexibilit\u00e4t. Der Stoff ist inh\u00e4rent mit hoher Abriebfestigkeit. Die Hose bietet eine CORDURA\u00ae\/Kevlar\u00ae\/Protal\u00ae- Verst\u00e4rkung an den Knien, [&hellip;]<\/p>\n","protected":false},"featured_media":579492,"template":"","meta":[],"product_brand":[],"product_cat":[4185],"product_tag":[],"class_list":{"0":"post-579451","1":"product","2":"type-product","3":"status-publish","4":"has-post-thumbnail","6":"product_cat-hosen","7":"pa_brand-blaklaeder","8":"pa_brand-type-workwear","9":"pa_filter-color-blau","10":"pa_filter-color-gelb","12":"first","13":"instock","14":"sale","15":"taxable","16":"shipping-taxable","17":"purchasable","18":"product-type-variable","19":"add-to-wishlist-before_image"},"exclude_global_add_ons":[],"addons":[],"acf":[],"_links":{"self":[{"href":"https:\/\/shop.kustom.ch\/fr\/wp-json\/wp\/v2\/product\/579451"}],"collection":[{"href":"https:\/\/shop.kustom.ch\/fr\/wp-json\/wp\/v2\/product"}],"about":[{"href":"https:\/\/shop.kustom.ch\/fr\/wp-json\/wp\/v2\/types\/product"}],"wp:featuredmedia":[{"embeddable":true,"href":"https:\/\/shop.kustom.ch\/fr\/wp-json\/wp\/v2\/media\/579492"}],"wp:attachment":[{"href":"https:\/\/shop.kustom.ch\/fr\/wp-json\/wp\/v2\/media?parent=579451"}],"wp:term":[{"taxonomy":"product_brand","embeddable":true,"href":"https:\/\/shop.kustom.ch\/fr\/wp-json\/wp\/v2\/product_brand?post=579451"},{"taxonomy":"product_cat","embeddable":true,"href":"https:\/\/shop.kustom.ch\/fr\/wp-json\/wp\/v2\/product_cat?post=579451"},{"taxonomy":"product_tag","embeddable":true,"href":"https:\/\/shop.kustom.ch\/fr\/wp-json\/wp\/v2\/product_tag?post=579451"}],"curies":[{"name":"wp","href":"https:\/\/api.w.org\/{rel}","templated":true}]}}