{"id":579428,"date":"2025-03-04T09:01:00","date_gmt":"2025-03-04T08:01:00","guid":{"rendered":"https:\/\/shop.kustom.ch\/?post_type=product&#038;p=579428"},"modified":"2026-03-31T08:25:13","modified_gmt":"2026-03-31T07:25:13","slug":"flammschutz-arbeitshose-inhaerent-mit-stretch","status":"publish","type":"product","link":"https:\/\/shop.kustom.ch\/fr\/produit\/flammschutz-arbeitshose-inhaerent-mit-stretch\/","title":{"rendered":"Pantalon de travail ignifug\u00e9 inh\u00e9rent avec stretch"},"content":{"rendered":"<p>Pantalon de travail flexible et r\u00e9sistant \u00e0 l'usure, fabriqu\u00e9 \u00e0 partir d'un mat\u00e9riau intrins\u00e8que avec des inserts extensibles, bien adapt\u00e9 aux travaux d'entretien \u00e0 l'int\u00e9rieur et \u00e0 l'ext\u00e9rieur par temps chaud. Ce pantalon r\u00e9sistant \u00e0 l'huile, \u00e0 la salet\u00e9 et \u00e0 l'eau a une coupe plus \u00e9troite et des inserts stretch \u00e0 l'entrejambe, aux fesses et aux genoux. Cela donne au pantalon plus de flexibilit\u00e9 et de libert\u00e9 de mouvement. Certifi\u00e9 selon les normes EN 1149-5, EN ISO 11612, IEC 61482-2. ATPV : 10,7 cal\/cm\u00b2, HAF 72,5% (se r\u00e9f\u00e8re au mat\u00e9riau stretch).<\/p>\n<p>FERMETURE : Possibilit\u00e9 de rallonger l'ourlet de la jambe. D\u00c9TAILS : Poche d'identification amovible pour les v\u00eatements ignifuges. \u00c9tiquette \u00e0 l'ext\u00e9rieur. Fermeture \u00e0 glissi\u00e8re en plastique \u00e0 l'entrejambe. Passants, dont un avec anneau en D. FONCTIONNALIT\u00c9 : Empi\u00e8cements stretch \u00e0 l'entrejambe, aux genoux et au fessier. PRINCIPALES CARACT\u00c9RISTIQUES : Artisan. IEC 61482-2. TISSU : Hommes. Noir. Tissu stretch. Protection contre les flammes. POCHES : Poches sur la jambe avec rabat et bouton-pression. Poches lat\u00e9rales. INSTRUCTIONS DE LAVAGE : Ne pas nettoyer \u00e0 sec. CERTIFICATION : EN 1149-5. EN ISO 11612 A1, B1, C1, F1. IEC 61482-2, APC 1<\/p>\n<p>44% Modacrylique, 30% Coton, 20% FR Polyamide, 5% Aramide, 1% antistatique, Ripstop, ignifug\u00e9, antistatique, 260 g\/m<\/p>","protected":false},"excerpt":{"rendered":"<p>Flexible und strapazierf\u00e4hige Service Arbeitshose aus einem inh\u00e4renten Material mit Stretch Eins\u00e4tzen, gut geeignet f\u00fcr Wartungsarbeiten sowohl drinnen als auch draussen bei warmen Temperaturen. Diese \u00f6l-, schmutz- und wasserabweisende Hose hat eine engere Passform und Stretch Eins\u00e4tze im Schritt, am Ges\u00e4ss und an den Knien. Dies gibt der Hose mehr Flexibilit\u00e4t und Bewegungsfreiheit. Zertifiziert nach [&hellip;]<\/p>\n","protected":false},"featured_media":579430,"template":"","meta":[],"product_brand":[],"product_cat":[4185],"product_tag":[],"class_list":{"0":"post-579428","1":"product","2":"type-product","3":"status-publish","4":"has-post-thumbnail","6":"product_cat-hosen","7":"pa_brand-blaklaeder","8":"pa_brand-type-workwear","9":"pa_filter-color-schwarz","11":"first","12":"instock","13":"sale","14":"taxable","15":"shipping-taxable","16":"purchasable","17":"product-type-variable","18":"add-to-wishlist-before_image"},"exclude_global_add_ons":[],"addons":[],"acf":[],"_links":{"self":[{"href":"https:\/\/shop.kustom.ch\/fr\/wp-json\/wp\/v2\/product\/579428"}],"collection":[{"href":"https:\/\/shop.kustom.ch\/fr\/wp-json\/wp\/v2\/product"}],"about":[{"href":"https:\/\/shop.kustom.ch\/fr\/wp-json\/wp\/v2\/types\/product"}],"wp:featuredmedia":[{"embeddable":true,"href":"https:\/\/shop.kustom.ch\/fr\/wp-json\/wp\/v2\/media\/579430"}],"wp:attachment":[{"href":"https:\/\/shop.kustom.ch\/fr\/wp-json\/wp\/v2\/media?parent=579428"}],"wp:term":[{"taxonomy":"product_brand","embeddable":true,"href":"https:\/\/shop.kustom.ch\/fr\/wp-json\/wp\/v2\/product_brand?post=579428"},{"taxonomy":"product_cat","embeddable":true,"href":"https:\/\/shop.kustom.ch\/fr\/wp-json\/wp\/v2\/product_cat?post=579428"},{"taxonomy":"product_tag","embeddable":true,"href":"https:\/\/shop.kustom.ch\/fr\/wp-json\/wp\/v2\/product_tag?post=579428"}],"curies":[{"name":"wp","href":"https:\/\/api.w.org\/{rel}","templated":true}]}}