{"id":579303,"date":"2025-03-04T08:59:32","date_gmt":"2025-03-04T07:59:32","guid":{"rendered":"https:\/\/shop.kustom.ch\/?post_type=product&#038;p=579303"},"modified":"2026-03-31T08:24:57","modified_gmt":"2026-03-31T07:24:57","slug":"service-winterhose-softshell","status":"publish","type":"product","link":"https:\/\/shop.kustom.ch\/fr\/produit\/service-winterhose-softshell\/","title":{"rendered":"Service Pantalon d'hiver Softshell"},"content":{"rendered":"<p>Eine Service Hose entwickelt f\u00fcr Herbst- und Winterbekleidung, komplett aus elastischem Softshell Material. Diese Hose ist nicht nur weich, leicht und hoch atmungsaktiv, sondern auch warm genug f\u00fcr Arbeiten in K\u00fchlr\u00e4umen und beliebt bei Fahrerinnen, die immer wieder in und aus ihren Fahrzeugen steigen.<\/p>\n<p>DETAILS: Gute Oberfl\u00e4chen f\u00fcr Veredelung. Gummi-ummantelter Metallknopf. Kunststoff-Reissverschluss im Schritt. D-Ring am Bund. FUNKTIONALIT\u00c4T: 2-Wege-Stretch. Besonders ergonomisch geformte Hosenbeine. HAUPTEIGENSCHAFTEN: Mechaniker. REFLEX: Reflektierende Details am Bein. STOFF: Herren. blau. Stretch. Industrie \/ Service. TASCHEN: Beintaschen mit Balg, Reissverschluss, Stift- und Messertasche. Ges\u00e4sstaschen. Handytasche innen. Seitentaschen. Zollstocktasche innen. WASCHANLEITUNG: Nicht b\u00fcgeln<\/p>\n<p>92% polyester, 8% \u00e9lasthanne, softshell 3 couches, imperm\u00e9able 11.000 mm, coupe-vent, respirant Ret 20,0, stretch, 255 g\/m<\/p>","protected":false},"excerpt":{"rendered":"<p>Eine Service Hose entwickelt f\u00fcr Herbst- und Winterbekleidung, komplett aus elastischem Softshell Material. Diese Hose ist nicht nur weich, leicht und hoch atmungsaktiv, sondern auch warm genug f\u00fcr Arbeiten in K\u00fchlr\u00e4umen und beliebt bei Fahrerinnen, die immer wieder in und aus ihren Fahrzeugen steigen. DETAILS: Gute Oberfl\u00e4chen f\u00fcr Veredelung. Gummi-ummantelter Metallknopf. Kunststoff-Reissverschluss im Schritt. D-Ring [&hellip;]<\/p>\n","protected":false},"featured_media":579321,"template":"","meta":[],"product_brand":[],"product_cat":[4185],"product_tag":[],"class_list":{"0":"post-579303","1":"product","2":"type-product","3":"status-publish","4":"has-post-thumbnail","6":"product_cat-hosen","7":"pa_brand-blaklaeder","8":"pa_brand-type-workwear","9":"pa_filter-color-blau","10":"pa_filter-color-schwarz","12":"first","13":"instock","14":"sale","15":"taxable","16":"shipping-taxable","17":"purchasable","18":"product-type-variable","19":"add-to-wishlist-before_image"},"exclude_global_add_ons":[],"addons":[],"acf":[],"_links":{"self":[{"href":"https:\/\/shop.kustom.ch\/fr\/wp-json\/wp\/v2\/product\/579303"}],"collection":[{"href":"https:\/\/shop.kustom.ch\/fr\/wp-json\/wp\/v2\/product"}],"about":[{"href":"https:\/\/shop.kustom.ch\/fr\/wp-json\/wp\/v2\/types\/product"}],"wp:featuredmedia":[{"embeddable":true,"href":"https:\/\/shop.kustom.ch\/fr\/wp-json\/wp\/v2\/media\/579321"}],"wp:attachment":[{"href":"https:\/\/shop.kustom.ch\/fr\/wp-json\/wp\/v2\/media?parent=579303"}],"wp:term":[{"taxonomy":"product_brand","embeddable":true,"href":"https:\/\/shop.kustom.ch\/fr\/wp-json\/wp\/v2\/product_brand?post=579303"},{"taxonomy":"product_cat","embeddable":true,"href":"https:\/\/shop.kustom.ch\/fr\/wp-json\/wp\/v2\/product_cat?post=579303"},{"taxonomy":"product_tag","embeddable":true,"href":"https:\/\/shop.kustom.ch\/fr\/wp-json\/wp\/v2\/product_tag?post=579303"}],"curies":[{"name":"wp","href":"https:\/\/api.w.org\/{rel}","templated":true}]}}