{"id":579260,"date":"2025-03-04T08:59:22","date_gmt":"2025-03-04T07:59:22","guid":{"rendered":"https:\/\/shop.kustom.ch\/?post_type=product&#038;p=579260"},"modified":"2026-03-31T08:24:47","modified_gmt":"2026-03-31T07:24:47","slug":"service-arbeitshose-stretch","status":"publish","type":"product","link":"https:\/\/shop.kustom.ch\/fr\/produit\/service-arbeitshose-stretch\/","title":{"rendered":"Pantalon de travail Service Stretch"},"content":{"rendered":"<p>Pantalon de travail moderne et confortable avec poches \u00e0 clous, poches ext\u00e9rieures pour genouill\u00e8res et empi\u00e8cements stretch \u00e0 des endroits soigneusement choisis, comme l'entrejambe, les genoux et le fessier, pour une plus grande libert\u00e9 de mouvement et un meilleur confort. Les jambes sont pr\u00e9form\u00e9es. Le pantalon poss\u00e8de de nombreuses poches fonctionnelles et des possibilit\u00e9s de rangement pour les outils ou les accessoires.<\/p>\n<p>D\u00c9TAILS : fermeture \u00e0 glissi\u00e8re en plastique \u00e0 l'entrejambe. Anneau en D \u00e0 la taille. FONCTIONNALIT\u00c9 : Inserts stretch \u00e0 l'entrejambe, aux genoux et aux fesses. Jambes de pantalon particuli\u00e8rement ergonomiques. CARACT\u00c9RISTIQUES PRINCIPALES : Pouvoir nettoyant. EN 14004. TISSU : homme. noir. Poches \u00e0 clous. Industrie \/ Service. POCHES : Poches sur les jambes avec soufflet, fermeture \u00e0 glissi\u00e8re, poche pour stylo et couteau. Poches arri\u00e8re. Poche pour t\u00e9l\u00e9phone portable \u00e0 l'int\u00e9rieur. Poches ext\u00e9rieures pour genouill\u00e8res. Poches \u00e0 clous \u00e0 l'avant. Poches lat\u00e9rales. INSTRUCTIONS DE LAVAGE : Ne pas essorer. CERTIFICATION : EN 14404:2004+A1:2010 avec genouill\u00e8re 4057<\/p>\n<p>65% polyester, 35% coton, tissage fin , 166g\/m<\/p>","protected":false},"excerpt":{"rendered":"<p>Moderne und komfortable Service Arbeitshose mit Nageltaschen, aussenliegenden Kniepolstertaschen und Stretch-Eins\u00e4tzen an sorgf\u00e4ltig ausgesuchten Stellen, wie zum Beispiel im Schritt, an den Knien und dem Ges\u00e4ss f\u00fcr erh\u00f6hte Bewegungsfreiheit und Komfort. Die Beine sind vorgeformt. Die Bundhose besitzt viele, funktionelle Taschen und Verstaum\u00f6glichkeiten f\u00fcr Werkzeug oder Zubeh\u00f6r. DETAILS: Kunststoff-Reissverschluss im Schritt. D-Ring am Bund. FUNKTIONALIT\u00c4T: [&hellip;]<\/p>\n","protected":false},"featured_media":579319,"template":"","meta":[],"product_brand":[],"product_cat":[4185],"product_tag":[],"class_list":{"0":"post-579260","1":"product","2":"type-product","3":"status-publish","4":"has-post-thumbnail","6":"product_cat-hosen","7":"pa_brand-blaklaeder","8":"pa_brand-type-workwear","9":"pa_filter-color-schwarz","11":"first","12":"instock","13":"sale","14":"taxable","15":"shipping-taxable","16":"purchasable","17":"product-type-variable","18":"add-to-wishlist-before_image"},"exclude_global_add_ons":[],"addons":[],"acf":[],"_links":{"self":[{"href":"https:\/\/shop.kustom.ch\/fr\/wp-json\/wp\/v2\/product\/579260"}],"collection":[{"href":"https:\/\/shop.kustom.ch\/fr\/wp-json\/wp\/v2\/product"}],"about":[{"href":"https:\/\/shop.kustom.ch\/fr\/wp-json\/wp\/v2\/types\/product"}],"wp:featuredmedia":[{"embeddable":true,"href":"https:\/\/shop.kustom.ch\/fr\/wp-json\/wp\/v2\/media\/579319"}],"wp:attachment":[{"href":"https:\/\/shop.kustom.ch\/fr\/wp-json\/wp\/v2\/media?parent=579260"}],"wp:term":[{"taxonomy":"product_brand","embeddable":true,"href":"https:\/\/shop.kustom.ch\/fr\/wp-json\/wp\/v2\/product_brand?post=579260"},{"taxonomy":"product_cat","embeddable":true,"href":"https:\/\/shop.kustom.ch\/fr\/wp-json\/wp\/v2\/product_cat?post=579260"},{"taxonomy":"product_tag","embeddable":true,"href":"https:\/\/shop.kustom.ch\/fr\/wp-json\/wp\/v2\/product_tag?post=579260"}],"curies":[{"name":"wp","href":"https:\/\/api.w.org\/{rel}","templated":true}]}}