{"id":579152,"date":"2025-03-04T08:57:56","date_gmt":"2025-03-04T07:57:56","guid":{"rendered":"https:\/\/shop.kustom.ch\/?post_type=product&#038;p=579152"},"modified":"2026-03-31T08:24:17","modified_gmt":"2026-03-31T07:24:17","slug":"flammschutz-handwerker-hose","status":"publish","type":"product","link":"https:\/\/shop.kustom.ch\/fr\/produit\/flammschutz-handwerker-hose\/","title":{"rendered":"Pantalon ignifug\u00e9 pour artisans"},"content":{"rendered":"<p>Pantalon de travail ignifug\u00e9, durable et bien ajust\u00e9. Ce pantalon r\u00e9sistant \u00e0 l'huile, \u00e0 la salet\u00e9 et \u00e0 l'eau pr\u00e9sente des d\u00e9tails fonctionnels de bout en bout, par exemple des jambes pr\u00e9form\u00e9es et des d\u00e9tails r\u00e9fl\u00e9chissants \u00e0 l'ourlet, ainsi que des poches spacieuses facilement accessibles et dot\u00e9es de nombreuses fonctions. Des poches int\u00e9rieures pour les genoux augmentent le confort lors du travail sur les genoux. Certifi\u00e9 selon les normes EN 14404, EN 1149-5, EN ISO 11612, IEC 61482-2. ATPV : 16,0 cal\/cm\u00b2.<\/p>\n<p>D\u00c9TAILS : poche d'identification amovible pour les v\u00eatements ignifuges. \u00c9tiquettes de certification ext\u00e9rieures. Fermeture \u00e0 glissi\u00e8re m\u00e9tallique \u00e0 l'entrejambe. Passants, dont un avec anneau en D. FONCTIONNALIT\u00c9 : R\u00e9sistant \u00e0 l'huile, \u00e0 la salet\u00e9 et \u00e0 l'eau. CARACT\u00c9RISTIQUES PRINCIPALES : Artisan. IEC 61482-2. REFLEX : D\u00e9tails r\u00e9fl\u00e9chissants. TISSU : Hommes. Gris. Poches pour genouill\u00e8res. Protection contre les flammes. POCHES : Poche sur la jambe avec soufflet, rabat et poche pour stylo, poche suppl\u00e9mentaire et poche pour t\u00e9l\u00e9phone portable. Poches arri\u00e8re \u00e0 soufflet. Poches rembourr\u00e9es aux genoux \u00e0 l'int\u00e9rieur. Poches \u00e0 clous renforc\u00e9es en trois parties. Poches lat\u00e9rales. Poche m\u00e8tre renforc\u00e9e avec porte couteau et poche stylo. INSTRUCTIONS DE LAVAGE : 60\u00b0 C. LAVAGE : Lavage industriel EN ISO 15797. CERTIFICATION : EN 1149-5. EN 14404:2004+A1:2010 ensemble avec genouill\u00e8res 4027, 4057, 4058 et 4032. EN ISO 11612 A1,A2,B1,C1,F1. ATPV - 16 cal\/cm\u00b2<\/p>\n<p>85% coton, 14% polyester, 1% antistatique, serg\u00e9, ignifug\u00e9, antistatique, 350 g\/m<\/p>","protected":false},"excerpt":{"rendered":"<p>Flammsch\u00fctzende, langlebige Arbeitshose mit einem guten Sitz. Die \u00f6l-, schmutz- und wasserabweisende Hose hat durchweg funktionelle Details, zum Beispiel vorgeformte Beine und Reflexdetails am Saum und ger\u00e4umige leicht erreichbare Taschen mit vielen Funktionen. Innenliegende Kniepolstertaschen erh\u00f6hen den Komfort bei der Arbeit auf den Knien. Zertifiziert nach EN 14404, EN 1149-5, EN ISO 11612, IEC 61482-2. [&hellip;]<\/p>\n","protected":false},"featured_media":579207,"template":"","meta":[],"product_brand":[],"product_cat":[4185],"product_tag":[],"class_list":{"0":"post-579152","1":"product","2":"type-product","3":"status-publish","4":"has-post-thumbnail","6":"product_cat-hosen","7":"pa_brand-blaklaeder","8":"pa_brand-type-workwear","9":"pa_filter-color-grau","10":"pa_filter-color-schwarz","12":"first","13":"instock","14":"sale","15":"taxable","16":"shipping-taxable","17":"purchasable","18":"product-type-variable","19":"add-to-wishlist-before_image"},"exclude_global_add_ons":[],"addons":[],"acf":[],"_links":{"self":[{"href":"https:\/\/shop.kustom.ch\/fr\/wp-json\/wp\/v2\/product\/579152"}],"collection":[{"href":"https:\/\/shop.kustom.ch\/fr\/wp-json\/wp\/v2\/product"}],"about":[{"href":"https:\/\/shop.kustom.ch\/fr\/wp-json\/wp\/v2\/types\/product"}],"wp:featuredmedia":[{"embeddable":true,"href":"https:\/\/shop.kustom.ch\/fr\/wp-json\/wp\/v2\/media\/579207"}],"wp:attachment":[{"href":"https:\/\/shop.kustom.ch\/fr\/wp-json\/wp\/v2\/media?parent=579152"}],"wp:term":[{"taxonomy":"product_brand","embeddable":true,"href":"https:\/\/shop.kustom.ch\/fr\/wp-json\/wp\/v2\/product_brand?post=579152"},{"taxonomy":"product_cat","embeddable":true,"href":"https:\/\/shop.kustom.ch\/fr\/wp-json\/wp\/v2\/product_cat?post=579152"},{"taxonomy":"product_tag","embeddable":true,"href":"https:\/\/shop.kustom.ch\/fr\/wp-json\/wp\/v2\/product_tag?post=579152"}],"curies":[{"name":"wp","href":"https:\/\/api.w.org\/{rel}","templated":true}]}}