{"id":578779,"date":"2025-03-04T08:54:21","date_gmt":"2025-03-04T07:54:21","guid":{"rendered":"https:\/\/shop.kustom.ch\/?post_type=product&#038;p=578779"},"modified":"2026-03-31T08:24:03","modified_gmt":"2026-03-31T07:24:03","slug":"service-arbeitshose-denim-mit-stretch","status":"publish","type":"product","link":"https:\/\/shop.kustom.ch\/fr\/produit\/service-arbeitshose-denim-mit-stretch\/","title":{"rendered":"Pantalon de travail Service Denim avec stretch"},"content":{"rendered":"<p>Pantalon de travail de service avec empi\u00e8cements stretch et jambes pr\u00e9form\u00e9es pour une mobilit\u00e9 et un confort optimaux. Le tissu est en CORDURA\u00ae Denim, qui est quatre fois plus r\u00e9sistant que le tissu Denim normal et rend le pantalon extr\u00eamement robuste.<\/p>\n<p>FERMETURE : Possibilit\u00e9 de rallonger l'ourlet de la jambe. D\u00c9TAILS : fermeture \u00e0 glissi\u00e8re en plastique \u00e0 l'entrejambe. Anneau en D \u00e0 la taille. FONCTIONNALIT\u00c9 : Inserts stretch \u00e0 l'entrejambe, aux genoux et au fessier. Jambes de pantalon particuli\u00e8rement ergonomiques. CARACTERISTIQUES PRINCIPALES : Employ\u00e9 de service. TISSU : Hommes. Noir. Insert en stretch. Tissu stretch. POSITIONS : Poches sur les jambes avec soufflet, fermeture \u00e0 glissi\u00e8re, poche pour stylo et couteau. Poches arri\u00e8re. Poche pour t\u00e9l\u00e9phone portable \u00e0 l'int\u00e9rieur. Poches lat\u00e9rales. INSTRUCTIONS DE LAVAGE : repassage - bas<\/p>\n<p>85% coton, 15% polyamide, denim enduit, CORDURA\u00ae denim, 340 g\/m<\/p>","protected":false},"excerpt":{"rendered":"<p>Service Arbeitshose mit Stretch-Eins\u00e4tzen und vorgeformten Beinen f\u00fcr optimale Beweglichkeit und Komfort. Das Material besteht aus CORDURA\u00ae Denim, welches viermal st\u00e4rker ist, als normaler Denim Stoff und es macht die Hose extrem robust. ABSCHLUSS: Verl\u00e4ngerungsm\u00f6glichkeit am Beinsaum. DETAILS: Kunststoff-Reissverschluss im Schritt. D-Ring am Bund. FUNKTIONALIT\u00c4T: Stretch-Eins\u00e4tze im Schritt, den Knien und am Ges\u00e4ss. Besonders ergonomisch [&hellip;]<\/p>\n","protected":false},"featured_media":578832,"template":"","meta":[],"product_brand":[],"product_cat":[4185],"product_tag":[],"class_list":{"0":"post-578779","1":"product","2":"type-product","3":"status-publish","4":"has-post-thumbnail","6":"product_cat-hosen","7":"pa_brand-blaklaeder","8":"pa_brand-type-workwear","9":"pa_filter-color-blau","10":"pa_filter-color-braun","11":"pa_filter-color-grau","12":"pa_filter-color-gruen","13":"pa_filter-color-rot","14":"pa_filter-color-schwarz","16":"first","17":"instock","18":"sale","19":"taxable","20":"shipping-taxable","21":"purchasable","22":"product-type-variable","23":"add-to-wishlist-before_image"},"exclude_global_add_ons":[],"addons":[],"acf":[],"_links":{"self":[{"href":"https:\/\/shop.kustom.ch\/fr\/wp-json\/wp\/v2\/product\/578779"}],"collection":[{"href":"https:\/\/shop.kustom.ch\/fr\/wp-json\/wp\/v2\/product"}],"about":[{"href":"https:\/\/shop.kustom.ch\/fr\/wp-json\/wp\/v2\/types\/product"}],"wp:featuredmedia":[{"embeddable":true,"href":"https:\/\/shop.kustom.ch\/fr\/wp-json\/wp\/v2\/media\/578832"}],"wp:attachment":[{"href":"https:\/\/shop.kustom.ch\/fr\/wp-json\/wp\/v2\/media?parent=578779"}],"wp:term":[{"taxonomy":"product_brand","embeddable":true,"href":"https:\/\/shop.kustom.ch\/fr\/wp-json\/wp\/v2\/product_brand?post=578779"},{"taxonomy":"product_cat","embeddable":true,"href":"https:\/\/shop.kustom.ch\/fr\/wp-json\/wp\/v2\/product_cat?post=578779"},{"taxonomy":"product_tag","embeddable":true,"href":"https:\/\/shop.kustom.ch\/fr\/wp-json\/wp\/v2\/product_tag?post=578779"}],"curies":[{"name":"wp","href":"https:\/\/api.w.org\/{rel}","templated":true}]}}