{"id":578688,"date":"2025-03-04T08:53:13","date_gmt":"2025-03-04T07:53:13","guid":{"rendered":"https:\/\/shop.kustom.ch\/?post_type=product&#038;p=578688"},"modified":"2026-03-31T08:23:25","modified_gmt":"2026-03-31T07:23:25","slug":"service-arbeitshose-denim-stretch-2","status":"publish","type":"product","link":"https:\/\/shop.kustom.ch\/fr\/produit\/service-arbeitshose-denim-stretch-2\/","title":{"rendered":"Pantalon de travail Service Denim Stretch"},"content":{"rendered":"<p>Un pantalon de travail de service qui fait passer la performance au niveau sup\u00e9rieur. Un pantalon en stretch bi-directionnel avec des inserts stretch en stretch quadri-directionnel sur le devant, le dos, l'entrejambe et les genoux. La taille \u00e9lastique rend ce pantalon tr\u00e8s confortable. Le pantalon est enti\u00e8rement r\u00e9sistant aux \u00e9raflures.<\/p>\n<p>DETAILS : Boutons cach\u00e9s. Fermeture \u00e0 glissi\u00e8re en plastique \u00e0 l'entrejambe. Anneau en D \u00e0 la taille. FONCTIONNALIT\u00c9 : Anti-rayures. Jambes de pantalon de forme particuli\u00e8rement ergonomique. CARACTERISTIQUES PRINCIPALES : Jardinier. EN 14004. TISSU : Homme. noir. Poches pour genouill\u00e8res. Tissu stretch. POSITIONS : Poches sur les jambes avec soufflet, poche pour stylo et couteau. Rabat avec boutons magn\u00e9tiques cach\u00e9s. Poche pour t\u00e9l\u00e9phone portable \u00e0 l'int\u00e9rieur. Poches rembourr\u00e9es aux genoux \u00e0 l'int\u00e9rieur. Poches lat\u00e9rales. Poche m\u00e8tre \u00e0 l'int\u00e9rieur. INSTRUCTIONS DE LAVAGE : repassage - bas. CERTIFICATION : EN 14404:2004+A1:2010 avec genouill\u00e8re 4057<\/p>\n<p>80% coton, 17% polyamide, 3% \u00e9lasthanne, denim enduit, CORDURA\u00ae Denim Stretch, 300 g\/m<\/p>","protected":false},"excerpt":{"rendered":"<p>Eine Service Arbeitshose, die Performance auf die n\u00e4chste Stufe hebt. Eine Hose aus 2-Wege-Stretch mit Stretch-Eins\u00e4tzen aus 4-Wege-Stretch an der Vorderseite, der R\u00fcckseite, im Schritt und an den Knien. Die elastische Taille macht diese Hose sehr komfortabel. Die Hose ist vollst\u00e4ndig kratzerresistent. DETAILS: Verdeckte Kn\u00f6pfe. Kunststoff-Reissverschluss im Schritt. D-Ring am Bund. FUNKTIONALIT\u00c4T: Kratzfrei. Besonders ergonomisch [&hellip;]<\/p>\n","protected":false},"featured_media":578709,"template":"","meta":[],"product_brand":[],"product_cat":[4185],"product_tag":[],"class_list":{"0":"post-578688","1":"product","2":"type-product","3":"status-publish","4":"has-post-thumbnail","6":"product_cat-hosen","7":"pa_brand-blaklaeder","8":"pa_brand-type-workwear","9":"pa_filter-color-blau","10":"pa_filter-color-schwarz","12":"first","13":"instock","14":"sale","15":"taxable","16":"shipping-taxable","17":"purchasable","18":"product-type-variable","19":"add-to-wishlist-before_image"},"exclude_global_add_ons":[],"addons":[],"acf":[],"_links":{"self":[{"href":"https:\/\/shop.kustom.ch\/fr\/wp-json\/wp\/v2\/product\/578688"}],"collection":[{"href":"https:\/\/shop.kustom.ch\/fr\/wp-json\/wp\/v2\/product"}],"about":[{"href":"https:\/\/shop.kustom.ch\/fr\/wp-json\/wp\/v2\/types\/product"}],"wp:featuredmedia":[{"embeddable":true,"href":"https:\/\/shop.kustom.ch\/fr\/wp-json\/wp\/v2\/media\/578709"}],"wp:attachment":[{"href":"https:\/\/shop.kustom.ch\/fr\/wp-json\/wp\/v2\/media?parent=578688"}],"wp:term":[{"taxonomy":"product_brand","embeddable":true,"href":"https:\/\/shop.kustom.ch\/fr\/wp-json\/wp\/v2\/product_brand?post=578688"},{"taxonomy":"product_cat","embeddable":true,"href":"https:\/\/shop.kustom.ch\/fr\/wp-json\/wp\/v2\/product_cat?post=578688"},{"taxonomy":"product_tag","embeddable":true,"href":"https:\/\/shop.kustom.ch\/fr\/wp-json\/wp\/v2\/product_tag?post=578688"}],"curies":[{"name":"wp","href":"https:\/\/api.w.org\/{rel}","templated":true}]}}