{"id":578537,"date":"2025-03-04T08:51:27","date_gmt":"2025-03-04T07:51:27","guid":{"rendered":"https:\/\/shop.kustom.ch\/?post_type=product&#038;p=578537"},"modified":"2026-03-31T08:23:13","modified_gmt":"2026-03-31T07:23:13","slug":"service-arbeitshose-mit-stretch","status":"publish","type":"product","link":"https:\/\/shop.kustom.ch\/fr\/produit\/service-arbeitshose-mit-stretch\/","title":{"rendered":"Pantalon de travail de service avec stretch"},"content":{"rendered":"<p>Pantalon de travail flexible et solide pour le service et le transport, adapt\u00e9 \u00e0 diff\u00e9rentes situations qui exigent confort et libert\u00e9 de mouvement. Ce pantalon a une taille \u00e9lastique avec une coupe l\u00e9g\u00e8rement plus \u00e9troite et des inserts stretch pour une meilleure flexibilit\u00e9. Les genoux renforc\u00e9s avec du tissu CORDURA\u00ae Stretch augmentent encore plus la durabilit\u00e9. Le pantalon a deux poches arri\u00e8re, des poches \u00e0 soufflet \u00e0 l'avant et une poche sur la jambe pour ranger des documents. Les couleurs contrast\u00e9es de la fermeture \u00e9clair et des coutures am\u00e9liorent l'impression g\u00e9n\u00e9rale. Les d\u00e9tails r\u00e9fl\u00e9chissants noirs rendent le v\u00eatement plus visible.<\/p>\n<p>FERMETURE : Bas de jambe avec renforts CORDURA\u00ae. D\u00c9TAILS : Anneau en D. Bouton en m\u00e9tal. Fermeture \u00e9clair en plastique \u00e0 l'entrejambe. \u00c9lastique \u00e0 la taille. FONCTIONNALIT\u00c9 : Tissu stretch sur le devant, \u00e0 l'empi\u00e8cement, \u00e0 l'avant et \u00e0 l'arri\u00e8re des genoux et \u00e0 l'entrejambe. Jambes de pantalon particuli\u00e8rement ergonomiques. PRINCIPALES CARACT\u00c9RISTIQUES : Employ\u00e9 de service. REFLEX : D\u00e9tails r\u00e9fl\u00e9chissants sur la jambe. TISSU : Disponible pour hommes et femmes. Noir. Insert en stretch. Unite. POCHES : Poches sur la jambe avec soufflet, fermeture \u00e0 glissi\u00e8re, poche pour stylo et couteau. Poche pour documents. Poches arri\u00e8re. Poche pour t\u00e9l\u00e9phone portable \u00e0 l'int\u00e9rieur. Poches rembourr\u00e9es aux genoux \u00e0 l'int\u00e9rieur. Poches lat\u00e9rales. INSTRUCTIONS DE LAVAGE : Ne pas essorer. RENFORCEMENT : Renforc\u00e9 en CORDURA\u00ae au niveau des genoux. CERTIFICATION : EN 14404 2004+A1 2010, type 1, niveau 0 avec genouill\u00e8re art. 4057<\/p>\n<p>65% polyester, 35% coton, tissage fin , 166g\/m<\/p>","protected":false},"excerpt":{"rendered":"<p>Flexible und starke Service\/Transport Arbeitshose geeignet f\u00fcr verschiedene Situationen, die Komfort und Bewegungsfreiheit erfordern. Diese Hose hat eine elastische Taille durch Gummizug mit leicht engerer Passform und sie hat Stretch Eins\u00e4tze f\u00fcr bessere Flexibilit\u00e4t. Die verst\u00e4rkten Knie mit CORDURA\u00ae Stretch Stoff erh\u00f6hen die Haltbarkeit noch mehr. Die Hose hat zwei Ges\u00e4sstaschen, Balgtaschen vorne und eine [&hellip;]<\/p>\n","protected":false},"featured_media":578584,"template":"","meta":[],"product_brand":[],"product_cat":[4185],"product_tag":[],"class_list":{"0":"post-578537","1":"product","2":"type-product","3":"status-publish","4":"has-post-thumbnail","6":"product_cat-hosen","7":"pa_brand-blaklaeder","8":"pa_brand-type-workwear","9":"pa_filter-color-blau","10":"pa_filter-color-gelb","11":"pa_filter-color-grau","12":"pa_filter-color-gruen","13":"pa_filter-color-rot","14":"pa_filter-color-schwarz","16":"first","17":"instock","18":"sale","19":"taxable","20":"shipping-taxable","21":"purchasable","22":"product-type-variable","23":"add-to-wishlist-before_image"},"exclude_global_add_ons":[],"addons":[],"acf":[],"_links":{"self":[{"href":"https:\/\/shop.kustom.ch\/fr\/wp-json\/wp\/v2\/product\/578537"}],"collection":[{"href":"https:\/\/shop.kustom.ch\/fr\/wp-json\/wp\/v2\/product"}],"about":[{"href":"https:\/\/shop.kustom.ch\/fr\/wp-json\/wp\/v2\/types\/product"}],"wp:featuredmedia":[{"embeddable":true,"href":"https:\/\/shop.kustom.ch\/fr\/wp-json\/wp\/v2\/media\/578584"}],"wp:attachment":[{"href":"https:\/\/shop.kustom.ch\/fr\/wp-json\/wp\/v2\/media?parent=578537"}],"wp:term":[{"taxonomy":"product_brand","embeddable":true,"href":"https:\/\/shop.kustom.ch\/fr\/wp-json\/wp\/v2\/product_brand?post=578537"},{"taxonomy":"product_cat","embeddable":true,"href":"https:\/\/shop.kustom.ch\/fr\/wp-json\/wp\/v2\/product_cat?post=578537"},{"taxonomy":"product_tag","embeddable":true,"href":"https:\/\/shop.kustom.ch\/fr\/wp-json\/wp\/v2\/product_tag?post=578537"}],"curies":[{"name":"wp","href":"https:\/\/api.w.org\/{rel}","templated":true}]}}