{"id":578519,"date":"2025-03-04T08:51:23","date_gmt":"2025-03-04T07:51:23","guid":{"rendered":"https:\/\/shop.kustom.ch\/?post_type=product&#038;p=578519"},"modified":"2026-03-31T08:22:50","modified_gmt":"2026-03-31T07:22:50","slug":"garten-arbeitshose","status":"publish","type":"product","link":"https:\/\/shop.kustom.ch\/fr\/produit\/garten-arbeitshose\/","title":{"rendered":"Pantalon de travail de jardin"},"content":{"rendered":"<p>Pantalon de travail de jardin en polyester recycl\u00e9 et en coton. Les poches du pantalon sont adapt\u00e9es aux outils tels que s\u00e9cateur, b\u00eache \u00e0 main, m\u00e8tre pliant ainsi que bloc et crayon.<\/p>\n<p>D\u00c9TAILS : double couture \u00e0 l'entrejambe. Fermeture \u00e0 glissi\u00e8re m\u00e9tallique \u00e0 l'entrejambe. Larges passants de ceinture \u00e0 l'arri\u00e8re et sur les c\u00f4t\u00e9s. FONCTIONNALIT\u00c9 : Jambes de pantalon particuli\u00e8rement ergonomiques. CARACT\u00c9RISTIQUES PRINCIPALES : Pouvoir nettoyant. EN 14004. TISSU : Disponible pour hommes et femmes. noir. Poches pour genouill\u00e8res. Artisanat. POCHES : Poche sur la jambe avec rabat et bouton-pression et petite poche cousue. Poches arri\u00e8re avec soufflet. Poches pour genouill\u00e8res. Poches en biais. Poche m\u00e8tre renforc\u00e9e en CORDURA\u00ae extra large avec poche stylo, porte-couteau et poche suppl\u00e9mentaire. CONDITION DE LAVAGE : S\u00e8che-linge - bas. RENFORCEMENT : Renforts en CORDURA\u00ae sur les poches avant, les poches arri\u00e8re, la poche m\u00e8tre, les poches sur la jambe, les genoux et le bord inf\u00e9rieur. CERTIFICATION : EN 14404:2004+A1:2010 avec genouill\u00e8res 4027, 4057, 4058 et 4032.<\/p>\n<p>55% Polyester\/45 % Coton, serg\u00e9, polyester recycl\u00e9 270 g\/m<\/p>","protected":false},"excerpt":{"rendered":"<p>Garten Arbeitshose aus Recycling-Polyester und Baumwolle. Die Taschen der Hose sind an Werkzeuge wie Gartenschere, Handspaten, Zollstock sowie Block und Bleistift angepasst. DETAILS: Schrittnaht als Zweifachnaht. Metall-Reissverschluss im Schritt. Breite G\u00fcrtelschlaufen hinten und an den Seiten. FUNKTIONALIT\u00c4T: Besonders ergonomisch geformte Hosenbeine. HAUPTEIGENSCHAFTEN: Reinigungskraft. EN 14004. STOFF: Erh\u00e4ltlich f\u00fcr Damen und Herren. schwarz. Kniepolstertaschen. Handwerk. TASCHEN: [&hellip;]<\/p>\n","protected":false},"featured_media":578543,"template":"","meta":[],"product_brand":[],"product_cat":[4185],"product_tag":[],"class_list":{"0":"post-578519","1":"product","2":"type-product","3":"status-publish","4":"has-post-thumbnail","6":"product_cat-hosen","7":"pa_brand-blaklaeder","8":"pa_brand-type-workwear","9":"pa_filter-color-gruen","10":"pa_filter-color-schwarz","12":"first","13":"instock","14":"sale","15":"taxable","16":"shipping-taxable","17":"purchasable","18":"product-type-variable","19":"add-to-wishlist-before_image"},"exclude_global_add_ons":[],"addons":[],"acf":[],"_links":{"self":[{"href":"https:\/\/shop.kustom.ch\/fr\/wp-json\/wp\/v2\/product\/578519"}],"collection":[{"href":"https:\/\/shop.kustom.ch\/fr\/wp-json\/wp\/v2\/product"}],"about":[{"href":"https:\/\/shop.kustom.ch\/fr\/wp-json\/wp\/v2\/types\/product"}],"wp:featuredmedia":[{"embeddable":true,"href":"https:\/\/shop.kustom.ch\/fr\/wp-json\/wp\/v2\/media\/578543"}],"wp:attachment":[{"href":"https:\/\/shop.kustom.ch\/fr\/wp-json\/wp\/v2\/media?parent=578519"}],"wp:term":[{"taxonomy":"product_brand","embeddable":true,"href":"https:\/\/shop.kustom.ch\/fr\/wp-json\/wp\/v2\/product_brand?post=578519"},{"taxonomy":"product_cat","embeddable":true,"href":"https:\/\/shop.kustom.ch\/fr\/wp-json\/wp\/v2\/product_cat?post=578519"},{"taxonomy":"product_tag","embeddable":true,"href":"https:\/\/shop.kustom.ch\/fr\/wp-json\/wp\/v2\/product_tag?post=578519"}],"curies":[{"name":"wp","href":"https:\/\/api.w.org\/{rel}","templated":true}]}}