{"id":578498,"date":"2025-03-04T08:51:19","date_gmt":"2025-03-04T07:51:19","guid":{"rendered":"https:\/\/shop.kustom.ch\/?post_type=product&#038;p=578498"},"modified":"2026-03-31T08:22:25","modified_gmt":"2026-03-31T07:22:25","slug":"service-arbeitshose","status":"publish","type":"product","link":"https:\/\/shop.kustom.ch\/fr\/produit\/service-arbeitshose\/","title":{"rendered":"Pantalon de travail de service"},"content":{"rendered":"<p>Un pantalon de travail avec des genoux pr\u00e9form\u00e9s et de nombreuses solutions de poches. Poche pour carte d'identit\u00e9 et t\u00e9l\u00e9phone portable. Bandes r\u00e9fl\u00e9chissantes de 50 mm.<\/p>\n<p>D\u00c9TAILS : Bonnes surfaces pour les finitions. Poche pour carte d'identit\u00e9. Boutons en m\u00e9tal. Fermeture \u00e0 glissi\u00e8re en plastique \u00e0 l'entrejambe. Passants, dont un avec anneau en D. FONCTIONNALIT\u00c9 : Mat\u00e9riau durablement imperm\u00e9able. Jambes de pantalon de forme particuli\u00e8rement ergonomique. PRINCIPALES CARACT\u00c9RISTIQUES : Artisan. REFLEX : Bandes r\u00e9fl\u00e9chissantes de 50 mm de large. TISSU : Hommes. Noir. Transport. POSITIONS : Poche sur la jambe avec soufflet, poche pour t\u00e9l\u00e9phone portable et poche pour stylo. Poches arri\u00e8re avec rabat et bouton-pression. INSTRUCTIONS DE LAVAGE : S\u00e9choir \u00e0 linge - bas<\/p>\n<p>65% polyester, 35% coton, serg\u00e9, ext\u00e9rieur hydrofuge, 240g\/m<\/p>","protected":false},"excerpt":{"rendered":"<p>Eine Arbeitshose mit vorgeformten Knien und vielen Taschenl\u00f6sungen. Ausweis- und Handytasche. 50 mm Reflexstreifen. DETAILS: Gute Oberfl\u00e4chen f\u00fcr Veredelung. Ausweistasche. Metallkn\u00f6pfe. Kunststoff-Reissverschluss im Schritt. Schlaufen, davon eine mit D-Ring. FUNKTIONALIT\u00c4T: Dauerhaft wasserabweisendes Material. Besonders ergonomisch geformte Hosenbeine. HAUPTEIGENSCHAFTEN: Handwerker. REFLEX: 50 mm breite Reflexstreifen. STOFF: Herren. schwarz. Transport. TASCHEN: Beintasche mit Balg, Handytasche und Stifttasche. [&hellip;]<\/p>\n","protected":false},"featured_media":578542,"template":"","meta":[],"product_brand":[],"product_cat":[4185],"product_tag":[],"class_list":{"0":"post-578498","1":"product","2":"type-product","3":"status-publish","4":"has-post-thumbnail","6":"product_cat-hosen","7":"pa_brand-blaklaeder","8":"pa_brand-type-workwear","9":"pa_filter-color-schwarz","11":"first","12":"instock","13":"sale","14":"taxable","15":"shipping-taxable","16":"purchasable","17":"product-type-variable","18":"add-to-wishlist-before_image"},"exclude_global_add_ons":[],"addons":[],"acf":[],"_links":{"self":[{"href":"https:\/\/shop.kustom.ch\/fr\/wp-json\/wp\/v2\/product\/578498"}],"collection":[{"href":"https:\/\/shop.kustom.ch\/fr\/wp-json\/wp\/v2\/product"}],"about":[{"href":"https:\/\/shop.kustom.ch\/fr\/wp-json\/wp\/v2\/types\/product"}],"wp:featuredmedia":[{"embeddable":true,"href":"https:\/\/shop.kustom.ch\/fr\/wp-json\/wp\/v2\/media\/578542"}],"wp:attachment":[{"href":"https:\/\/shop.kustom.ch\/fr\/wp-json\/wp\/v2\/media?parent=578498"}],"wp:term":[{"taxonomy":"product_brand","embeddable":true,"href":"https:\/\/shop.kustom.ch\/fr\/wp-json\/wp\/v2\/product_brand?post=578498"},{"taxonomy":"product_cat","embeddable":true,"href":"https:\/\/shop.kustom.ch\/fr\/wp-json\/wp\/v2\/product_cat?post=578498"},{"taxonomy":"product_tag","embeddable":true,"href":"https:\/\/shop.kustom.ch\/fr\/wp-json\/wp\/v2\/product_tag?post=578498"}],"curies":[{"name":"wp","href":"https:\/\/api.w.org\/{rel}","templated":true}]}}