{"id":577814,"date":"2025-03-04T08:43:58","date_gmt":"2025-03-04T07:43:58","guid":{"rendered":"https:\/\/shop.kustom.ch\/?post_type=product&#038;p=577814"},"modified":"2026-03-31T08:21:18","modified_gmt":"2026-03-31T07:21:18","slug":"industrie-arbeitshose-stretch-2","status":"publish","type":"product","link":"https:\/\/shop.kustom.ch\/fr\/produit\/industrie-arbeitshose-stretch-2\/","title":{"rendered":"Pantalon de travail industriel stretch"},"content":{"rendered":"<p>Ce pantalon fait partie de la nouvelle collection industrielle en stretch de Bl\u00e5kl\u00e4der. Adapt\u00e9 au lavage industriel, ce pantalon r\u00e9sistant aux \u00e9raflures est enti\u00e8rement fabriqu\u00e9 dans un tissu stretch \u00e0 deux sens et poss\u00e8de une taille \u00e9lastique qui le rend encore plus confortable. Parmi les caract\u00e9ristiques cach\u00e9es, on trouve une poche int\u00e9rieure pour m\u00e8tre pliant, une poche de s\u00e9curit\u00e9 zipp\u00e9e et des boutons-pression, qui pr\u00e9destinent ce pantalon extr\u00eamement fiable \u00e0 travailler dans des environnements aux surfaces sensibles. Des bandes r\u00e9fl\u00e9chissantes assurent une visibilit\u00e9 suppl\u00e9mentaire en cas de besoin.<\/p>\n<p>D\u00c9TAILS : Anneau en D. Boutons dissimul\u00e9s. Couture de la jambe int\u00e9rieure avec triple couture. Fermeture \u00e0 glissi\u00e8re en plastique \u00e0 l'entrejambe. \u00c9lastique \u00e0 la taille. FONCTIONNALIT\u00c9 : Sans rayures. Jambes de pantalon de forme particuli\u00e8rement ergonomique. PRINCIPALES CARACT\u00c9RISTIQUES : Travail manuel. REFLEX : D\u00e9tails r\u00e9fl\u00e9chissants sur la jambe. TISSU : Disponible pour hommes et femmes. Stretch . Tissu stretch. POCHES : Poches sur la jambe avec soufflet et rabat, boutons m\u00e9talliques cach\u00e9s. Poche arri\u00e8re, une avec rabat. Poche pour t\u00e9l\u00e9phone portable \u00e0 l'int\u00e9rieur. Poche int\u00e9rieure avec poche zipp\u00e9e cach\u00e9e. Poche m\u00e8tre \u00e0 l'int\u00e9rieur. INSTRUCTIONS DE LAVAGE : 70\u00b0 C. LAVAGE : lavage industriel EN ISO 15797<\/p>\n<p>63% polyester, 33% coton, 4% \u00e9lastofin, serg\u00e9, stretch, 260 g\/m<\/p>","protected":false},"excerpt":{"rendered":"<p>Diese Hose ist Teil der neuen Industriekollektion aus Stretch von Bl\u00e5kl\u00e4der. Geeignet f\u00fcr die Industriew\u00e4sche, ist diese kratzerresistente Hose komplett aus 2-Wege-Stretch Stoff gefertigt und hat einen elastischen Bund, der f\u00fcr noch mehr Tragekomfort sorgt. Zu den verdeckten Eigenschaften geh\u00f6ren eine Zollstock-Innentasche, eine Sicherheitstasche mit Reissverschluss und Druckkn\u00f6pfe, die diese \u00e4usserst zuverl\u00e4ssige Hose f\u00fcr das [&hellip;]<\/p>\n","protected":false},"featured_media":577820,"template":"","meta":[],"product_brand":[],"product_cat":[4185],"product_tag":[],"class_list":{"0":"post-577814","1":"product","2":"type-product","3":"status-publish","4":"has-post-thumbnail","6":"product_cat-hosen","7":"pa_brand-blaklaeder","8":"pa_brand-type-workwear","9":"pa_filter-color-blau","10":"pa_filter-color-gelb","12":"first","13":"instock","14":"sale","15":"taxable","16":"shipping-taxable","17":"purchasable","18":"product-type-variable","19":"add-to-wishlist-before_image"},"exclude_global_add_ons":[],"addons":[],"acf":[],"_links":{"self":[{"href":"https:\/\/shop.kustom.ch\/fr\/wp-json\/wp\/v2\/product\/577814"}],"collection":[{"href":"https:\/\/shop.kustom.ch\/fr\/wp-json\/wp\/v2\/product"}],"about":[{"href":"https:\/\/shop.kustom.ch\/fr\/wp-json\/wp\/v2\/types\/product"}],"wp:featuredmedia":[{"embeddable":true,"href":"https:\/\/shop.kustom.ch\/fr\/wp-json\/wp\/v2\/media\/577820"}],"wp:attachment":[{"href":"https:\/\/shop.kustom.ch\/fr\/wp-json\/wp\/v2\/media?parent=577814"}],"wp:term":[{"taxonomy":"product_brand","embeddable":true,"href":"https:\/\/shop.kustom.ch\/fr\/wp-json\/wp\/v2\/product_brand?post=577814"},{"taxonomy":"product_cat","embeddable":true,"href":"https:\/\/shop.kustom.ch\/fr\/wp-json\/wp\/v2\/product_cat?post=577814"},{"taxonomy":"product_tag","embeddable":true,"href":"https:\/\/shop.kustom.ch\/fr\/wp-json\/wp\/v2\/product_tag?post=577814"}],"curies":[{"name":"wp","href":"https:\/\/api.w.org\/{rel}","templated":true}]}}