{"id":577742,"date":"2025-03-04T08:43:14","date_gmt":"2025-03-04T07:43:14","guid":{"rendered":"https:\/\/shop.kustom.ch\/?post_type=product&#038;p=577742"},"modified":"2026-03-31T08:20:54","modified_gmt":"2026-03-31T07:20:54","slug":"service-arbeitshose-denim-stretch","status":"publish","type":"product","link":"https:\/\/shop.kustom.ch\/fr\/produit\/service-arbeitshose-denim-stretch\/","title":{"rendered":"Pantalon de travail Service Denim Stretch"},"content":{"rendered":"<p>Pantalon de travail de service \u00e0 la coupe l\u00e9g\u00e8rement plus \u00e9troite, fabriqu\u00e9 dans un tissu CORDURA\u00ae Denim Stretch tr\u00e8s r\u00e9sistant. Id\u00e9al pour le travail dans l'industrie automobile o\u00f9 les exigences en mati\u00e8re de flexibilit\u00e9 et de fonctions sont \u00e9lev\u00e9es. Le pantalon est r\u00e9sistant \u00e0 l'abrasion et le tissu est solide et flexible. Des poches intelligentes, une bonne coupe avec une coupe cintr\u00e9e, des jambes pr\u00e9form\u00e9es et des bandes r\u00e9fl\u00e9chissantes noires pour assurer la visibilit\u00e9. Poches int\u00e9rieures pour genouill\u00e8res. Le v\u00eatement est pr\u00e9lav\u00e9 pour une sensation plus douce.<\/p>\n<p>DETAILS : Boutons cach\u00e9s. Couture double \u00e0 l'entrejambe. Fermeture \u00e0 glissi\u00e8re m\u00e9tallique \u00e0 l'entrejambe. Broderie Bl\u00e5kl\u00e4der \u00e0 l'arri\u00e8re. FONCTIONNALIT\u00c9 : Anti-rayures. Jambes de pantalon de forme particuli\u00e8rement ergonomique. CARACTERISTIQUES PRINCIPALES : Conducteur. EN 14004. REFLEX : D\u00e9tails r\u00e9fl\u00e9chissants sur la jambe. TISSU : Disponible pour hommes et femmes. bleu. Stretch. Tissu stretch. POCHES : Poche sur la jambe avec poche pour stylo et couteau, poche int\u00e9rieure pour m\u00e8tre pliant. Poches arri\u00e8re. Poches rembourr\u00e9es aux genoux \u00e0 l'int\u00e9rieur. Poche pour la monnaie. Poches lat\u00e9rales. INSTRUCTIONS DE LAVAGE : 40\u00b0 C. CERTIFICATION : EN 14404:2004+A1:2010 avec genouill\u00e8re 4057<\/p>\n<p>55% coton, 15% polyamide, 30% polyester, denim enduit, CORDURA\u00ae denim, stretch, 340 g\/m<\/p>","protected":false},"excerpt":{"rendered":"<p>Service Arbeitshose mit leicht engerer Passform aus einem strapazierf\u00e4higen CORDURA\u00ae Denim Stretch Stoff. Ideal f\u00fcr die Arbeit in der Automobilindustrie mit hohen Anforderungen an Flexibilit\u00e4t und Funktionen. Die Hose ist abriebbest\u00e4ndig und der Stoff ist stark und flexibel. Intelligente Taschen, eine gute Passform mit tailliertem Schnitt, vorgeformte Beine und schwarze Reflexstreifen, um die Sichtbarkeit sicher [&hellip;]<\/p>\n","protected":false},"featured_media":577782,"template":"","meta":[],"product_brand":[],"product_cat":[4185],"product_tag":[],"class_list":{"0":"post-577742","1":"product","2":"type-product","3":"status-publish","4":"has-post-thumbnail","6":"product_cat-hosen","7":"pa_brand-blaklaeder","8":"pa_brand-type-workwear","9":"pa_filter-color-blau","10":"pa_filter-color-schwarz","12":"first","13":"instock","14":"sale","15":"taxable","16":"shipping-taxable","17":"purchasable","18":"product-type-variable","19":"add-to-wishlist-before_image"},"exclude_global_add_ons":[],"addons":[],"acf":[],"_links":{"self":[{"href":"https:\/\/shop.kustom.ch\/fr\/wp-json\/wp\/v2\/product\/577742"}],"collection":[{"href":"https:\/\/shop.kustom.ch\/fr\/wp-json\/wp\/v2\/product"}],"about":[{"href":"https:\/\/shop.kustom.ch\/fr\/wp-json\/wp\/v2\/types\/product"}],"wp:featuredmedia":[{"embeddable":true,"href":"https:\/\/shop.kustom.ch\/fr\/wp-json\/wp\/v2\/media\/577782"}],"wp:attachment":[{"href":"https:\/\/shop.kustom.ch\/fr\/wp-json\/wp\/v2\/media?parent=577742"}],"wp:term":[{"taxonomy":"product_brand","embeddable":true,"href":"https:\/\/shop.kustom.ch\/fr\/wp-json\/wp\/v2\/product_brand?post=577742"},{"taxonomy":"product_cat","embeddable":true,"href":"https:\/\/shop.kustom.ch\/fr\/wp-json\/wp\/v2\/product_cat?post=577742"},{"taxonomy":"product_tag","embeddable":true,"href":"https:\/\/shop.kustom.ch\/fr\/wp-json\/wp\/v2\/product_tag?post=577742"}],"curies":[{"name":"wp","href":"https:\/\/api.w.org\/{rel}","templated":true}]}}