{"id":577552,"date":"2025-03-04T08:41:21","date_gmt":"2025-03-04T07:41:21","guid":{"rendered":"https:\/\/shop.kustom.ch\/?post_type=product&#038;p=577552"},"modified":"2026-03-31T08:20:08","modified_gmt":"2026-03-31T07:20:08","slug":"service-arbeitshose-4-wege-stretch","status":"publish","type":"product","link":"https:\/\/shop.kustom.ch\/fr\/produit\/service-arbeitshose-4-wege-stretch\/","title":{"rendered":"Pantalon de travail Service 4-Wege-Stretch"},"content":{"rendered":"<p>Pantalon de travail de service r\u00e9sistant aux \u00e9raflures, en fibre stretch quadri-directionnelle confortable, qui peut \u00eatre port\u00e9 au travail et pendant les loisirs en plein air. Le pantalon a une coupe plus fine et semble plus \u00e9troit, ce qui est aujourd'hui appr\u00e9ci\u00e9 par de nombreux porteurs. La taille \u00e9lastique assure un confort suppl\u00e9mentaire. L'ourlet est r\u00e9glable et l'empi\u00e8cement en filet \u00e0 l'arri\u00e8re des genoux assure une ventilation accrue. Les journ\u00e9es de travail inconfortables ne sont plus qu'un lointain souvenir.<\/p>\n<p>FERMETURE : \u00c9lastique au bas des jambes. D\u00c9TAILS : Bonnes surfaces pour les finitions. Boutons en m\u00e9tal. Fermeture \u00e0 glissi\u00e8re en plastique \u00e0 l'entrejambe. \u00c9lastique \u00e0 la taille. FONCTIONNALIT\u00c9 : Insert en mesh \u00e0 l'arri\u00e8re des genoux. Jambes de pantalon de forme particuli\u00e8rement ergonomique. PRINCIPALES CARACT\u00c9RISTIQUES : manutentionnaires. REFLEX : D\u00e9tails r\u00e9fl\u00e9chissants noirs. TISSU : Disponible pour hommes et femmes. vert. \u00c9lastique. Tissu stretch. POCHES : Poche sur la jambe gauche avec rabat et bouton magn\u00e9tique dissimul\u00e9 et poche int\u00e9rieure pour t\u00e9l\u00e9phone portable en mesh. Poche int\u00e9rieure avec poche zipp\u00e9e cach\u00e9e. Poche pour m\u00e8tre pliant avec poche pour couteau et stylo. INSTRUCTIONS DE LAVAGE : Ne pas repasser. RENFORCEMENT : Poches renforc\u00e9es en CORDURA\u00ae.<\/p>\n<p>92% polyamide, 8% \u00e9lasthanne, double tissage, stretch quadri-directionnel, 230 g\/m<\/p>","protected":false},"excerpt":{"rendered":"<p>Kratzerresistente Service Arbeitshose aus bequemer 4-Wege-Stretch Faser, die sowohl bei der Arbeit als auch in der Freizeit im Freien getragen werden kann. Die Hose hat eine schlankere Passform und sieht enger aus, was heute bei vielen Tr\u00e4gern beliebt ist. Der elastische Bund sorgt f\u00fcr zus\u00e4tzlichen Komfort. Der Saum ist verstellbar und der Netzeinsatz an der [&hellip;]<\/p>\n","protected":false},"featured_media":577594,"template":"","meta":[],"product_brand":[],"product_cat":[4185],"product_tag":[],"class_list":{"0":"post-577552","1":"product","2":"type-product","3":"status-publish","4":"has-post-thumbnail","6":"product_cat-hosen","7":"pa_brand-blaklaeder","8":"pa_brand-type-workwear","9":"pa_filter-color-blau","10":"pa_filter-color-gelb","11":"pa_filter-color-grau","12":"pa_filter-color-gruen","13":"pa_filter-color-rot","14":"pa_filter-color-schwarz","16":"first","17":"instock","18":"sale","19":"taxable","20":"shipping-taxable","21":"purchasable","22":"product-type-variable","23":"add-to-wishlist-before_image"},"exclude_global_add_ons":[],"addons":[],"acf":[],"_links":{"self":[{"href":"https:\/\/shop.kustom.ch\/fr\/wp-json\/wp\/v2\/product\/577552"}],"collection":[{"href":"https:\/\/shop.kustom.ch\/fr\/wp-json\/wp\/v2\/product"}],"about":[{"href":"https:\/\/shop.kustom.ch\/fr\/wp-json\/wp\/v2\/types\/product"}],"wp:featuredmedia":[{"embeddable":true,"href":"https:\/\/shop.kustom.ch\/fr\/wp-json\/wp\/v2\/media\/577594"}],"wp:attachment":[{"href":"https:\/\/shop.kustom.ch\/fr\/wp-json\/wp\/v2\/media?parent=577552"}],"wp:term":[{"taxonomy":"product_brand","embeddable":true,"href":"https:\/\/shop.kustom.ch\/fr\/wp-json\/wp\/v2\/product_brand?post=577552"},{"taxonomy":"product_cat","embeddable":true,"href":"https:\/\/shop.kustom.ch\/fr\/wp-json\/wp\/v2\/product_cat?post=577552"},{"taxonomy":"product_tag","embeddable":true,"href":"https:\/\/shop.kustom.ch\/fr\/wp-json\/wp\/v2\/product_tag?post=577552"}],"curies":[{"name":"wp","href":"https:\/\/api.w.org\/{rel}","templated":true}]}}