{"id":577461,"date":"2025-03-04T08:40:11","date_gmt":"2025-03-04T07:40:11","guid":{"rendered":"https:\/\/shop.kustom.ch\/?post_type=product&#038;p=577461"},"modified":"2026-03-31T08:19:40","modified_gmt":"2026-03-31T07:19:40","slug":"arbeitshose-profil-2","status":"publish","type":"product","link":"https:\/\/shop.kustom.ch\/fr\/produit\/arbeitshose-profil-2\/","title":{"rendered":"Pantalon de travail Profil"},"content":{"rendered":"<p>D\u00c9TAILS : boutons en m\u00e9tal. Couture de la jambe int\u00e9rieure avec triple couture. Fermeture \u00e0 glissi\u00e8re en plastique \u00e0 l'entrejambe. Passants, dont un avec anneau en D. CARACTERISTIQUES PRINCIPALES : M\u00e9canicien. TISSU : Hommes. Bleu. Industrie \/ Service. POSSIBILIT\u00c9S : Poche sur la jambe avec soufflet, poche pour t\u00e9l\u00e9phone portable et poche pour stylo. Poches arri\u00e8re avec rabat et fermeture velcro. Poche pour m\u00e8tre pliant. INSTRUCTIONS DE LAVAGE : repassage - moyen<\/p>\n<p>65% polyester, 35% coton, serg\u00e9, 240 g\/m<\/p>","protected":false},"excerpt":{"rendered":"<p>DETAILS: Metallkn\u00f6pfe. Innenbeinnaht mit 3-fach-Naht. Kunststoff-Reissverschluss im Schritt. Schlaufen, davon eine mit D-Ring. HAUPTEIGENSCHAFTEN: Mechaniker. STOFF: Herren. blau. Industrie \/ Service. TASCHEN: Beintasche mit Balg, Handytasche und Stifttasche. Ges\u00e4sstaschen mit Patte und Klettverschluss. Zollstocktasche. WASCHANLEITUNG: B\u00fcgeln &#8211; mittel 65% Polyester, 35% Baumwolle, K\u00f6per, 240 g\/m\u00b2<\/p>","protected":false},"featured_media":577485,"template":"","meta":[],"product_brand":[],"product_cat":[4185],"product_tag":[],"class_list":{"0":"post-577461","1":"product","2":"type-product","3":"status-publish","4":"has-post-thumbnail","6":"product_cat-hosen","7":"pa_brand-blaklaeder","8":"pa_brand-type-workwear","9":"pa_filter-color-blau","10":"pa_filter-color-grau","11":"pa_filter-color-schwarz","13":"first","14":"instock","15":"sale","16":"taxable","17":"shipping-taxable","18":"purchasable","19":"product-type-variable","20":"add-to-wishlist-before_image"},"exclude_global_add_ons":[],"addons":[],"acf":[],"_links":{"self":[{"href":"https:\/\/shop.kustom.ch\/fr\/wp-json\/wp\/v2\/product\/577461"}],"collection":[{"href":"https:\/\/shop.kustom.ch\/fr\/wp-json\/wp\/v2\/product"}],"about":[{"href":"https:\/\/shop.kustom.ch\/fr\/wp-json\/wp\/v2\/types\/product"}],"wp:featuredmedia":[{"embeddable":true,"href":"https:\/\/shop.kustom.ch\/fr\/wp-json\/wp\/v2\/media\/577485"}],"wp:attachment":[{"href":"https:\/\/shop.kustom.ch\/fr\/wp-json\/wp\/v2\/media?parent=577461"}],"wp:term":[{"taxonomy":"product_brand","embeddable":true,"href":"https:\/\/shop.kustom.ch\/fr\/wp-json\/wp\/v2\/product_brand?post=577461"},{"taxonomy":"product_cat","embeddable":true,"href":"https:\/\/shop.kustom.ch\/fr\/wp-json\/wp\/v2\/product_cat?post=577461"},{"taxonomy":"product_tag","embeddable":true,"href":"https:\/\/shop.kustom.ch\/fr\/wp-json\/wp\/v2\/product_tag?post=577461"}],"curies":[{"name":"wp","href":"https:\/\/api.w.org\/{rel}","templated":true}]}}