{"id":577437,"date":"2025-03-04T08:40:06","date_gmt":"2025-03-04T07:40:06","guid":{"rendered":"https:\/\/shop.kustom.ch\/?post_type=product&#038;p=577437"},"modified":"2026-03-31T08:19:30","modified_gmt":"2026-03-31T07:19:30","slug":"arbeitshose-2","status":"publish","type":"product","link":"https:\/\/shop.kustom.ch\/fr\/produit\/arbeitshose-2\/","title":{"rendered":"Pantalon de travail"},"content":{"rendered":"<p>D\u00c9TAILS : fermeture \u00e9clair m\u00e9tallique \u00e0 l'entrejambe. CARACTERISTIQUES PRINCIPALES : Artisan. EN 14004. TISSU : Homme. Gris. Poches pour genouill\u00e8res. Industrie \/ Service. POSITIONS : Poche sur la jambe avec soufflet, rabat et poche \u00e0 crayons cousue en trois parties. Poche arri\u00e8re avec rabat. Poche pour t\u00e9l\u00e9phone portable. Poches rembourr\u00e9es aux genoux. Poche lat\u00e9rale avec bande contrast\u00e9e. Poche pour m\u00e8tre pliant. INSTRUCTIONS DE LAVAGE : Nettoyage \u00e0 sec - normal P. RENFORCEMENT : Renforc\u00e9 en CORDURA\u00ae aux genoux. CERTIFICATION : EN 14404:2004+A1:2010 avec genouill\u00e8res 4027 et 4057.<\/p>\n<p>65% polyester, 35% coton, serg\u00e9, 300g\/m<\/p>","protected":false},"excerpt":{"rendered":"<p>DETAILS: Metall-Reissverschluss im Schritt. HAUPTEIGENSCHAFTEN: Handwerker. EN 14004. STOFF: Herren. grau. Kniepolstertaschen. Industrie \/ Service. TASCHEN: Beintasche mit Balg, Patte und dreigeteilter aufgen\u00e4hter Stifttasche. Ges\u00e4sstasche mit Patte. Handytasche. Kniepolstertaschen. Seitentasche mit Kontraststreifen. Zollstocktasche. WASCHANLEITUNG: Chemische Reinigung &#8211; normal P. VERST\u00c4RKUNG: CORDURA\u00ae-verst\u00e4rkt an den Knien. ZERTIFIZIERUNG: EN 14404:2004+A1:2010 zusammen mit Kniepolster 4027 und 4057 65% Polyester, [&hellip;]<\/p>\n","protected":false},"featured_media":577484,"template":"","meta":[],"product_brand":[],"product_cat":[4185],"product_tag":[],"class_list":{"0":"post-577437","1":"product","2":"type-product","3":"status-publish","4":"has-post-thumbnail","6":"product_cat-hosen","7":"pa_brand-blaklaeder","8":"pa_brand-type-workwear","9":"pa_filter-color-grau","10":"pa_filter-color-schwarz","12":"first","13":"instock","14":"sale","15":"taxable","16":"shipping-taxable","17":"purchasable","18":"product-type-variable","19":"add-to-wishlist-before_image"},"exclude_global_add_ons":[],"addons":[],"acf":[],"_links":{"self":[{"href":"https:\/\/shop.kustom.ch\/fr\/wp-json\/wp\/v2\/product\/577437"}],"collection":[{"href":"https:\/\/shop.kustom.ch\/fr\/wp-json\/wp\/v2\/product"}],"about":[{"href":"https:\/\/shop.kustom.ch\/fr\/wp-json\/wp\/v2\/types\/product"}],"wp:featuredmedia":[{"embeddable":true,"href":"https:\/\/shop.kustom.ch\/fr\/wp-json\/wp\/v2\/media\/577484"}],"wp:attachment":[{"href":"https:\/\/shop.kustom.ch\/fr\/wp-json\/wp\/v2\/media?parent=577437"}],"wp:term":[{"taxonomy":"product_brand","embeddable":true,"href":"https:\/\/shop.kustom.ch\/fr\/wp-json\/wp\/v2\/product_brand?post=577437"},{"taxonomy":"product_cat","embeddable":true,"href":"https:\/\/shop.kustom.ch\/fr\/wp-json\/wp\/v2\/product_cat?post=577437"},{"taxonomy":"product_tag","embeddable":true,"href":"https:\/\/shop.kustom.ch\/fr\/wp-json\/wp\/v2\/product_tag?post=577437"}],"curies":[{"name":"wp","href":"https:\/\/api.w.org\/{rel}","templated":true}]}}