{"id":577274,"date":"2025-03-04T08:38:15","date_gmt":"2025-03-04T07:38:15","guid":{"rendered":"https:\/\/shop.kustom.ch\/?post_type=product&#038;p=577274"},"modified":"2026-03-31T08:19:20","modified_gmt":"2026-03-31T07:19:20","slug":"industrie-arbeitshose","status":"publish","type":"product","link":"https:\/\/shop.kustom.ch\/fr\/produit\/industrie-arbeitshose\/","title":{"rendered":"Pantalon de travail industriel"},"content":{"rendered":"<p>Le pantalon industriel bicolore est robuste et r\u00e9sistant. Un mat\u00e9riau durable, une bonne coupe et un design moderne font de ce pantalon un choix absolument prioritaire.<\/p>\n<p>D\u00c9TAILS : Poche pour carte d'identit\u00e9 amovible. Fermeture \u00e0 glissi\u00e8re en plastique \u00e0 l'entrejambe. Larges passants de ceinture \u00e0 l'arri\u00e8re et sur les c\u00f4t\u00e9s. CARACT\u00c9RISTIQUES PRINCIPALES : Pouvoir nettoyant. TISSU : Hommes. Bleu. Industrie \/ Service. POSSIBILIT\u00c9S : Poche sur la jambe avec poche pour t\u00e9l\u00e9phone portable, poche pour carte d'identit\u00e9 et poches pour stylos. Poches arri\u00e8re avec rabat. Poches lat\u00e9rales. Poche pour m\u00e8tre pliant. INSTRUCTIONS DE LAVAGE : repassage - moyen<\/p>\n<p>100% Coton, serg\u00e9, 320 g\/m<\/p>","protected":false},"excerpt":{"rendered":"<p>Die zweifarbige Industriehose ist robust und strapazierf\u00e4hig. Haltbares Material, gute Passform und modernes Design machen diese Hose zur absolut ersten Wahl. DETAILS: Abnehmbare Ausweistasche. Kunststoff-Reissverschluss im Schritt. Breite G\u00fcrtelschlaufen hinten und an den Seiten. HAUPTEIGENSCHAFTEN: Reinigungskraft. STOFF: Herren. blau. Industrie \/ Service. TASCHEN: Beintasche mit Handy-Tasche, Ausweistasche und Stiftf\u00e4chern. Ges\u00e4sstaschen mit Patte. Seitentaschen. Zollstocktasche. WASCHANLEITUNG: [&hellip;]<\/p>\n","protected":false},"featured_media":577312,"template":"","meta":[],"product_brand":[],"product_cat":[4185],"product_tag":[],"class_list":{"0":"post-577274","1":"product","2":"type-product","3":"status-publish","4":"has-post-thumbnail","6":"product_cat-hosen","7":"pa_brand-blaklaeder","8":"pa_brand-type-workwear","9":"pa_filter-color-blau","10":"pa_filter-color-grau","11":"pa_filter-color-rot","12":"pa_filter-color-schwarz","14":"first","15":"instock","16":"sale","17":"taxable","18":"shipping-taxable","19":"purchasable","20":"product-type-variable","21":"add-to-wishlist-before_image"},"exclude_global_add_ons":[],"addons":[],"acf":[],"_links":{"self":[{"href":"https:\/\/shop.kustom.ch\/fr\/wp-json\/wp\/v2\/product\/577274"}],"collection":[{"href":"https:\/\/shop.kustom.ch\/fr\/wp-json\/wp\/v2\/product"}],"about":[{"href":"https:\/\/shop.kustom.ch\/fr\/wp-json\/wp\/v2\/types\/product"}],"wp:featuredmedia":[{"embeddable":true,"href":"https:\/\/shop.kustom.ch\/fr\/wp-json\/wp\/v2\/media\/577312"}],"wp:attachment":[{"href":"https:\/\/shop.kustom.ch\/fr\/wp-json\/wp\/v2\/media?parent=577274"}],"wp:term":[{"taxonomy":"product_brand","embeddable":true,"href":"https:\/\/shop.kustom.ch\/fr\/wp-json\/wp\/v2\/product_brand?post=577274"},{"taxonomy":"product_cat","embeddable":true,"href":"https:\/\/shop.kustom.ch\/fr\/wp-json\/wp\/v2\/product_cat?post=577274"},{"taxonomy":"product_tag","embeddable":true,"href":"https:\/\/shop.kustom.ch\/fr\/wp-json\/wp\/v2\/product_tag?post=577274"}],"curies":[{"name":"wp","href":"https:\/\/api.w.org\/{rel}","templated":true}]}}