{"id":577133,"date":"2025-03-04T08:35:54","date_gmt":"2025-03-04T07:35:54","guid":{"rendered":"https:\/\/shop.kustom.ch\/?post_type=product&#038;p=577133"},"modified":"2026-03-31T08:18:50","modified_gmt":"2026-03-31T07:18:50","slug":"high-vis-ueberziehhose-level-1","status":"publish","type":"product","link":"https:\/\/shop.kustom.ch\/fr\/produit\/high-vis-ueberziehhose-level-1\/","title":{"rendered":"Culotte de protection haute visibilit\u00e9 niveau 1"},"content":{"rendered":"<p>Un sur-pantalon haute visibilit\u00e9 pour tous ceux qui ont des t\u00e2ches professionnelles n\u00e9cessitant des v\u00eatements de pluie l\u00e9gers et doux. Il est imperm\u00e9able au vent et \u00e0 l'eau, poss\u00e8de des coutures soud\u00e9es et un crochet qui peut \u00eatre fix\u00e9 \u00e0 la ceinture ou \u00e0 la bretelle du pantalon. Certifi\u00e9 selon EN 343, v\u00eatements de protection contre le mauvais temps et EN 471 \/ EN ISO 20471, classe 2, v\u00eatements de protection \u00e0 haute visibilit\u00e9.<\/p>\n<p>FERMETURE : La longueur est r\u00e9gl\u00e9e par des crochets. D\u00c9TAILS : Mousqueton, plastique. FONCTIONNALIT\u00c9 : \u00c9tanche au vent et \u00e0 l'eau avec coutures soud\u00e9es. TRAVAILLEURS PRINCIPAUX : Travailleurs de la route et du b\u00e2timent. EN 343. TISSU : Hommes. Jaune haute visibilit\u00e9. Imperm\u00e9able. Protection haute visibilit\u00e9. INSTRUCTIONS DE LAVAGE : Nombre de lavages : x 5 - valable pour la couleur 5500. Ne pas blanchir. CERTIFICATION : EN 343, classe 3.1. EN ISO 20471, classe 2<\/p>\n<p>polyester 100%, enduit de PU, coupe-vent et imperm\u00e9able, 185g\/m<\/p>","protected":false},"excerpt":{"rendered":"<p>Eine \u00dcberziehhose in High Vis f\u00fcr all jene mit Arbeitsaufgaben, die leichte und sanfte Regenkleidung erfordern. Sie ist wind- und wasserdicht und hat verschweisste N\u00e4hte und einen Haken, der am G\u00fcrtel oder am Hosenriemen befestigt werden kann. Zertifiziert nach EN 343, Schutzkleidung vor schlechtem Wetter und EN 471 \/ EN ISO 20471, Klasse 2, Schutzkleidung [&hellip;]<\/p>\n","protected":false},"featured_media":577178,"template":"","meta":[],"product_brand":[],"product_cat":[4185],"product_tag":[],"class_list":{"0":"post-577133","1":"product","2":"type-product","3":"status-publish","4":"has-post-thumbnail","6":"product_cat-hosen","7":"pa_brand-blaklaeder","8":"pa_brand-type-workwear","9":"pa_filter-color-gelb","10":"pa_filter-color-orange","12":"first","13":"instock","14":"sale","15":"taxable","16":"shipping-taxable","17":"purchasable","18":"product-type-variable","19":"add-to-wishlist-before_image"},"exclude_global_add_ons":[],"addons":[],"acf":[],"_links":{"self":[{"href":"https:\/\/shop.kustom.ch\/fr\/wp-json\/wp\/v2\/product\/577133"}],"collection":[{"href":"https:\/\/shop.kustom.ch\/fr\/wp-json\/wp\/v2\/product"}],"about":[{"href":"https:\/\/shop.kustom.ch\/fr\/wp-json\/wp\/v2\/types\/product"}],"wp:featuredmedia":[{"embeddable":true,"href":"https:\/\/shop.kustom.ch\/fr\/wp-json\/wp\/v2\/media\/577178"}],"wp:attachment":[{"href":"https:\/\/shop.kustom.ch\/fr\/wp-json\/wp\/v2\/media?parent=577133"}],"wp:term":[{"taxonomy":"product_brand","embeddable":true,"href":"https:\/\/shop.kustom.ch\/fr\/wp-json\/wp\/v2\/product_brand?post=577133"},{"taxonomy":"product_cat","embeddable":true,"href":"https:\/\/shop.kustom.ch\/fr\/wp-json\/wp\/v2\/product_cat?post=577133"},{"taxonomy":"product_tag","embeddable":true,"href":"https:\/\/shop.kustom.ch\/fr\/wp-json\/wp\/v2\/product_tag?post=577133"}],"curies":[{"name":"wp","href":"https:\/\/api.w.org\/{rel}","templated":true}]}}