{"id":577084,"date":"2025-03-04T08:34:46","date_gmt":"2025-03-04T07:34:46","guid":{"rendered":"https:\/\/shop.kustom.ch\/?post_type=product&#038;p=577084"},"modified":"2026-03-31T08:18:47","modified_gmt":"2026-03-31T07:18:47","slug":"high-vis-regenhose-level-1","status":"publish","type":"product","link":"https:\/\/shop.kustom.ch\/fr\/produit\/high-vis-regenhose-level-1\/","title":{"rendered":"Pantalon de pluie haute visibilit\u00e9 niveau 1"},"content":{"rendered":"<p>Un pantalon de pluie haute visibilit\u00e9 pour tous ceux qui ont des t\u00e2ches professionnelles n\u00e9cessitant des v\u00eatements de pluie l\u00e9gers et doux. Le pantalon est imperm\u00e9able au vent et \u00e0 l'eau avec des coutures soud\u00e9es et des bandes r\u00e9fl\u00e9chissantes \u00e0 l'avant et \u00e0 l'arri\u00e8re. Il a une bonne coupe avec une bande \u00e9lastique et un cordon de serrage \u00e0 la taille et un bord inf\u00e9rieur r\u00e9glable avec des boutons. Certifi\u00e9 selon EN 343, v\u00eatements de protection contre le mauvais temps et EN ISO 20471, classe 2, v\u00eatements de protection \u00e0 haute visibilit\u00e9.<\/p>\n<p>FERMETURE : Bas de jambes r\u00e9glables par boutons. D\u00c9TAILS : R\u00e9glable par cordon de serrage \u00e0 la taille. FONCTIONNALIT\u00c9 : Imperm\u00e9able au vent et \u00e0 l'eau avec coutures soud\u00e9es. CARACTERISTIQUES PRINCIPALES : Travailleurs de la route et du b\u00e2timent. EN 343. REFLEX : bandes r\u00e9fl\u00e9chissantes de 65 mm de large. TISSU : pour hommes. Jaune haute visibilit\u00e9. Imperm\u00e9able. Protection contre la haute visibilit\u00e9. INSTRUCTIONS DE LAVAGE : Nombre de lavages : x 5 - valable pour la couleur 5500. 40\u00b0 C. CERTIFICATION : EN 343, classe 3.1. EN ISO 20471, classe 2<\/p>\n<p>polyester 100%, enduit de PU, coupe-vent et imperm\u00e9able, 185g\/m<\/p>","protected":false},"excerpt":{"rendered":"<p>Eine Regenhose in High Vis f\u00fcr all jene mit Arbeitsaufgaben, die leichte und sanfte Regenkleidung erfordern. Die Hose ist wind- und wasserdicht mit veschweissten N\u00e4hten und hat Reflexstreifen vorne und hinten. Sie hat eine gute Passform mit Gummiband und Kordelzug an der Taille und eine verstellbare Unterkante mit Kn\u00f6pfen. Zertifiziert nach EN 343, Schutzkleidung vor [&hellip;]<\/p>\n","protected":false},"featured_media":577152,"template":"","meta":[],"product_brand":[],"product_cat":[4185],"product_tag":[],"class_list":{"0":"post-577084","1":"product","2":"type-product","3":"status-publish","4":"has-post-thumbnail","6":"product_cat-hosen","7":"pa_brand-blaklaeder","8":"pa_brand-type-workwear","9":"pa_filter-color-gelb","10":"pa_filter-color-orange","11":"pa_filter-color-rot","13":"first","14":"instock","15":"sale","16":"taxable","17":"shipping-taxable","18":"purchasable","19":"product-type-variable","20":"add-to-wishlist-before_image"},"exclude_global_add_ons":[],"addons":[],"acf":[],"_links":{"self":[{"href":"https:\/\/shop.kustom.ch\/fr\/wp-json\/wp\/v2\/product\/577084"}],"collection":[{"href":"https:\/\/shop.kustom.ch\/fr\/wp-json\/wp\/v2\/product"}],"about":[{"href":"https:\/\/shop.kustom.ch\/fr\/wp-json\/wp\/v2\/types\/product"}],"wp:featuredmedia":[{"embeddable":true,"href":"https:\/\/shop.kustom.ch\/fr\/wp-json\/wp\/v2\/media\/577152"}],"wp:attachment":[{"href":"https:\/\/shop.kustom.ch\/fr\/wp-json\/wp\/v2\/media?parent=577084"}],"wp:term":[{"taxonomy":"product_brand","embeddable":true,"href":"https:\/\/shop.kustom.ch\/fr\/wp-json\/wp\/v2\/product_brand?post=577084"},{"taxonomy":"product_cat","embeddable":true,"href":"https:\/\/shop.kustom.ch\/fr\/wp-json\/wp\/v2\/product_cat?post=577084"},{"taxonomy":"product_tag","embeddable":true,"href":"https:\/\/shop.kustom.ch\/fr\/wp-json\/wp\/v2\/product_tag?post=577084"}],"curies":[{"name":"wp","href":"https:\/\/api.w.org\/{rel}","templated":true}]}}