{"id":577082,"date":"2025-03-04T08:34:45","date_gmt":"2025-03-04T07:34:45","guid":{"rendered":"https:\/\/shop.kustom.ch\/?post_type=product&#038;p=577082"},"modified":"2026-03-31T08:18:31","modified_gmt":"2026-03-31T07:18:31","slug":"flammschutz-regenhose-level-2","status":"publish","type":"product","link":"https:\/\/shop.kustom.ch\/fr\/produit\/flammschutz-regenhose-level-2\/","title":{"rendered":"Pantalon de pluie ignifug\u00e9 niveau 2"},"content":{"rendered":"<p>Un pantalon de pluie ignifug\u00e9 pour les t\u00e2ches qui n\u00e9cessitent des v\u00eatements de pluie \u00e0 la fois robustes et flexibles, dans lesquels vous devez \u00e9galement \u00eatre visible. Le pantalon est \u00e9tanche au vent et \u00e0 l'eau avec des coutures soud\u00e9es qui ne laissent pas p\u00e9n\u00e9trer l'humidit\u00e9. Il a une bonne coupe avec une large bande \u00e9lastique dans le dos, des bretelles r\u00e9glables et amovibles et des bas de jambes r\u00e9glables avec des boutons et du Velcro. En outre, le pantalon poss\u00e8de une poche sur la jambe avec soufflet et rabat, ainsi que des ouvertures avec rabat pour d\u00e9crocher les poches \u00e0 clous. Le pantalon est dot\u00e9 de bandes r\u00e9fl\u00e9chissantes de transfert. Certifi\u00e9 selon EN 1149-5. EN ISO 20471. EN 343. EN ISO 14116. IEC 61482-2.<\/p>\n<p>FERMETURE : Bas de jambes r\u00e9glables avec velcro. D\u00c9TAILS : bandes r\u00e9fl\u00e9chissantes imprim\u00e9es. Bretelles r\u00e9glables et amovibles avec \u00e9lastique. Boutons-pression en plastique. Coutures soud\u00e9es. Boucles de serrage. \u00c9lastique et cordon de serrage \u00e0 la taille. FONCTIONNALIT\u00c9 : Imperm\u00e9able au vent et \u00e0 l'eau avec coutures soud\u00e9es. CARACT\u00c9RISTIQUES PRINCIPALES : Artisan. EN ISO 14116. REFLEX : Bandes r\u00e9fl\u00e9chissantes imprim\u00e9es. TISSU : Hommes. bleu. coupe-vent. Protection contre les flammes. POCHES : Poche sur la jambe avec soufflet et rabat. Ouverture avec rabat pour permettre de d\u00e9crocher les poches \u00e0 clous. INSTRUCTIONS DE LAVAGE : Ne pas nettoyer \u00e0 sec. CERTIFICATION : EN 1149-5. EN 343, classe 4,1. EN ISO 14116, indice 3. EN ISO 20471, classe 2. IEC 61482-2, APC 1<\/p>\n<p>67% polyester, 33% coton, enduit de PVC, coupe-vent et imperm\u00e9able, ignifug\u00e9, antistatique, 390 g\/m<\/p>","protected":false},"excerpt":{"rendered":"<p>Eine flammhemmende Regenhose f\u00fcr Aufgaben, die robuste und gleichzeitig flexible Regenkleidung erfordern, in der Sie auch sichtbar sein m\u00fcssen. Die Hose ist wind- und wasserdicht mit verschweissten N\u00e4hten, die keine Feuchtigkeit eindringen lassen. Sie hat eine gute Passform mit breitem Gummizug am R\u00fccken, verstellbaren und abnehmbaren Hosentr\u00e4gern und verstellbaren Beinabschl\u00fcssen mit Kn\u00f6pfen und Klettverschluss. Zus\u00e4tzlich [&hellip;]<\/p>\n","protected":false},"featured_media":577129,"template":"","meta":[],"product_brand":[],"product_cat":[4185],"product_tag":[],"class_list":{"0":"post-577082","1":"product","2":"type-product","3":"status-publish","4":"has-post-thumbnail","6":"product_cat-hosen","7":"pa_brand-blaklaeder","8":"pa_brand-type-workwear","9":"pa_filter-color-blau","10":"pa_filter-color-gelb","12":"first","13":"instock","14":"sale","15":"taxable","16":"shipping-taxable","17":"purchasable","18":"product-type-variable","19":"add-to-wishlist-before_image"},"exclude_global_add_ons":[],"addons":[],"acf":[],"_links":{"self":[{"href":"https:\/\/shop.kustom.ch\/fr\/wp-json\/wp\/v2\/product\/577082"}],"collection":[{"href":"https:\/\/shop.kustom.ch\/fr\/wp-json\/wp\/v2\/product"}],"about":[{"href":"https:\/\/shop.kustom.ch\/fr\/wp-json\/wp\/v2\/types\/product"}],"wp:featuredmedia":[{"embeddable":true,"href":"https:\/\/shop.kustom.ch\/fr\/wp-json\/wp\/v2\/media\/577129"}],"wp:attachment":[{"href":"https:\/\/shop.kustom.ch\/fr\/wp-json\/wp\/v2\/media?parent=577082"}],"wp:term":[{"taxonomy":"product_brand","embeddable":true,"href":"https:\/\/shop.kustom.ch\/fr\/wp-json\/wp\/v2\/product_brand?post=577082"},{"taxonomy":"product_cat","embeddable":true,"href":"https:\/\/shop.kustom.ch\/fr\/wp-json\/wp\/v2\/product_cat?post=577082"},{"taxonomy":"product_tag","embeddable":true,"href":"https:\/\/shop.kustom.ch\/fr\/wp-json\/wp\/v2\/product_tag?post=577082"}],"curies":[{"name":"wp","href":"https:\/\/api.w.org\/{rel}","templated":true}]}}