{"id":577061,"date":"2025-03-04T08:34:41","date_gmt":"2025-03-04T07:34:41","guid":{"rendered":"https:\/\/shop.kustom.ch\/?post_type=product&#038;p=577061"},"modified":"2026-03-31T08:18:29","modified_gmt":"2026-03-31T07:18:29","slug":"high-vis-regenhose-level-3","status":"publish","type":"product","link":"https:\/\/shop.kustom.ch\/fr\/produit\/high-vis-regenhose-level-3\/","title":{"rendered":"Pantalon de pluie haute visibilit\u00e9 niveau 3"},"content":{"rendered":"<p>Couvre-pantalon imperm\u00e9able pour faciliter le travail par temps extr\u00eame. Ce pantalon \u00e9tanche haute visibilit\u00e9 a \u00e9t\u00e9 con\u00e7u pour les t\u00e2ches exigeantes dans des conditions m\u00e9t\u00e9orologiques extr\u00eames. Le mat\u00e9riau est r\u00e9sistant et solide, mais le pantalon reste souple et confortable \u00e0 porter par-dessus des v\u00eatements de travail normaux. Le pantalon est \u00e9lastique \u00e0 l'arri\u00e8re et les bas de jambe r\u00e9glables avec boutons facilitent l'enfilage et le retrait par-dessus les bottes. Il poss\u00e8de des poches pratiques \u00e0 soufflet et \u00e0 rabat, et une poche m\u00e8tre avec porte-couteau est facilement accessible pour rendre le travail plus efficace. Le pantalon est renforc\u00e9 aux genoux et au bas de la jambe pour une plus grande durabilit\u00e9. Certifi\u00e9 EN 343, v\u00eatements de protection contre le mauvais temps et EN ISO 20471, classe 2, v\u00eatements de protection \u00e0 haute visibilit\u00e9.<\/p>\n<p>FERMETURE : Bas de jambes r\u00e9glables avec boutons. D\u00c9TAILS : Bretelles r\u00e9glables et amovibles avec \u00e9lastique. R\u00e9glable \u00e0 la taille avec un cordon de serrage et un large \u00e9lastique dans le dos. FONCTIONNALIT\u00c9 : Imperm\u00e9able au vent et \u00e0 l'eau avec coutures soud\u00e9es. CARACT\u00c9RISTIQUES PRINCIPALES : Jardinier. EN 343. R\u00c9FLEXE : Bandes r\u00e9fl\u00e9chissantes de 65 mm de large. TISSU : pour hommes. Jaune haute visibilit\u00e9. coupe-vent. Pluie. POCHE : Poche sur la jambe avec soufflet et rabat. Ouverture avec rabat pour permettre de d\u00e9crocher les poches \u00e0 clous. Poche pour m\u00e8tre pliant avec poche suppl\u00e9mentaire et porte-couteau. INSTRUCTIONS DE LAVAGE : Nombre de lavages : 25. 40\u00b0 C. RENFORCEMENT : Renforc\u00e9 aux genoux et aux mollets. CERTIFICATION : EN 343, classe 3.1. EN ISO 20471, classe 2.<\/p>\n<p>100% polyester (84% PVC\/16% PU), imperm\u00e9able au vent et \u00e0 l'eau, respirant, 350 g\/m<\/p>","protected":false},"excerpt":{"rendered":"<p>Wasserdichte \u00dcberziehhose, um die Arbeit bei extremen Wetter zu erleichtern. Diese wasserdichte High Vis Hose wurde f\u00fcr fordernde Aufgaben unter extremen Wetterbedingungen entwickelt. Das Material ist strapazierf\u00e4hig und fest, aber die Hose ist trotzdem flexibel und bequem \u00fcber normaler Arbeitskleidung zu tragen. Die Hose ist hinten elastisch und einstellbare Beinabschl\u00fcsse mit Kn\u00f6pfen erleichtern das an- [&hellip;]<\/p>\n","protected":false},"featured_media":577103,"template":"","meta":[],"product_brand":[],"product_cat":[4185],"product_tag":[],"class_list":{"0":"post-577061","1":"product","2":"type-product","3":"status-publish","4":"has-post-thumbnail","6":"product_cat-hosen","7":"pa_brand-blaklaeder","8":"pa_brand-type-workwear","9":"pa_filter-color-gelb","10":"pa_filter-color-orange","12":"first","13":"instock","14":"sale","15":"taxable","16":"shipping-taxable","17":"purchasable","18":"product-type-variable","19":"add-to-wishlist-before_image"},"exclude_global_add_ons":[],"addons":[],"acf":[],"_links":{"self":[{"href":"https:\/\/shop.kustom.ch\/fr\/wp-json\/wp\/v2\/product\/577061"}],"collection":[{"href":"https:\/\/shop.kustom.ch\/fr\/wp-json\/wp\/v2\/product"}],"about":[{"href":"https:\/\/shop.kustom.ch\/fr\/wp-json\/wp\/v2\/types\/product"}],"wp:featuredmedia":[{"embeddable":true,"href":"https:\/\/shop.kustom.ch\/fr\/wp-json\/wp\/v2\/media\/577103"}],"wp:attachment":[{"href":"https:\/\/shop.kustom.ch\/fr\/wp-json\/wp\/v2\/media?parent=577061"}],"wp:term":[{"taxonomy":"product_brand","embeddable":true,"href":"https:\/\/shop.kustom.ch\/fr\/wp-json\/wp\/v2\/product_brand?post=577061"},{"taxonomy":"product_cat","embeddable":true,"href":"https:\/\/shop.kustom.ch\/fr\/wp-json\/wp\/v2\/product_cat?post=577061"},{"taxonomy":"product_tag","embeddable":true,"href":"https:\/\/shop.kustom.ch\/fr\/wp-json\/wp\/v2\/product_tag?post=577061"}],"curies":[{"name":"wp","href":"https:\/\/api.w.org\/{rel}","templated":true}]}}