{"id":577036,"date":"2025-03-04T08:34:03","date_gmt":"2025-03-04T07:34:03","guid":{"rendered":"https:\/\/shop.kustom.ch\/?post_type=product&#038;p=577036"},"modified":"2026-03-31T08:18:26","modified_gmt":"2026-03-31T07:18:26","slug":"regenhose-level-2-2","status":"publish","type":"product","link":"https:\/\/shop.kustom.ch\/fr\/produit\/regenhose-level-2-2\/","title":{"rendered":"Pantalon de pluie niveau 2"},"content":{"rendered":"<p>Un pantalon de pluie pour tous ceux qui ont des t\u00e2ches \u00e0 accomplir et qui ont besoin de v\u00eatements de pluie robustes mais mobiles. Le pantalon est \u00e9tanche au vent et \u00e0 l'eau avec des coutures soud\u00e9es. Il a une bonne coupe avec une large bande \u00e9lastique au dos, des bretelles r\u00e9glables et amovibles et des extr\u00e9mit\u00e9s de jambes r\u00e9glables avec des boutons. Des poches facilement accessibles, comme une poche sur la jambe avec soufflet et rabat, une poche m\u00e8tre avec poche suppl\u00e9mentaire et porte-m\u00e8tre et une ouverture avec rabat pour permettre des poches \u00e0 clous qui d\u00e9passent. Le pantalon est renforc\u00e9 aux genoux et aux mollets. Certifi\u00e9 selon la norme EN 343, v\u00eatements de protection contre le mauvais temps.<\/p>\n<p>FERMETURE : Bas de jambes r\u00e9glables avec boutons. D\u00c9TAILS : Bretelles r\u00e9glables et amovibles avec \u00e9lastique. R\u00e9glable \u00e0 la taille avec un cordon de serrage et un large \u00e9lastique dans le dos. FONCTIONNALIT\u00c9 : Imperm\u00e9able au vent et \u00e0 l'eau avec coutures soud\u00e9es. CARACT\u00c9RISTIQUES PRINCIPALES : Artisan. EN 343. REFLEX : D\u00e9tails r\u00e9fl\u00e9chissants sur la jambe. TISSU : Hommes. vert. coupe-vent. Pluie. POCHES : Poche sur la jambe avec soufflet et rabat. Ouverture avec rabat pour permettre de d\u00e9crocher les poches \u00e0 clous. Poche m\u00e8tre avec poche suppl\u00e9mentaire et porte-couteau. INSTRUCTIONS DE LAVAGE : Nombre de lavages : 25. Ne pas blanchir. RENFORCEMENT : Renforc\u00e9 aux genoux et aux mollets. CERTIFICATION : EN 343, classe 3.1<\/p>\n<p>polyester 100%, enduit de PU, coupe-vent et imperm\u00e9able, 240g\/m<\/p>","protected":false},"excerpt":{"rendered":"<p>Eine Regenhose f\u00fcr all jene mit Arbeitsaufgaben, die robuste aber bewegliche Regenkleidung erfordern. Die Hose ist wind- und wasserdicht mit verschweissten N\u00e4hten. Sie hat eine gute Passform mit breitem Gummiband am R\u00fccken, verstellbare und abnehmbare Hosentr\u00e4ger und einstellbare Beinenden mit Kn\u00f6pfen. Leicht zug\u00e4ngliche Taschen, wie eine Beintasche mit Balg und Patte, Zollstocktasche mit extra Tasche [&hellip;]<\/p>\n","protected":false},"featured_media":577099,"template":"","meta":[],"product_brand":[],"product_cat":[4185],"product_tag":[],"class_list":{"0":"post-577036","1":"product","2":"type-product","3":"status-publish","4":"has-post-thumbnail","6":"product_cat-hosen","7":"pa_brand-blaklaeder","8":"pa_brand-type-workwear","9":"pa_filter-color-gruen","10":"pa_filter-color-schwarz","12":"first","13":"instock","14":"sale","15":"taxable","16":"shipping-taxable","17":"purchasable","18":"product-type-variable","19":"add-to-wishlist-before_image"},"exclude_global_add_ons":[],"addons":[],"acf":[],"_links":{"self":[{"href":"https:\/\/shop.kustom.ch\/fr\/wp-json\/wp\/v2\/product\/577036"}],"collection":[{"href":"https:\/\/shop.kustom.ch\/fr\/wp-json\/wp\/v2\/product"}],"about":[{"href":"https:\/\/shop.kustom.ch\/fr\/wp-json\/wp\/v2\/types\/product"}],"wp:featuredmedia":[{"embeddable":true,"href":"https:\/\/shop.kustom.ch\/fr\/wp-json\/wp\/v2\/media\/577099"}],"wp:attachment":[{"href":"https:\/\/shop.kustom.ch\/fr\/wp-json\/wp\/v2\/media?parent=577036"}],"wp:term":[{"taxonomy":"product_brand","embeddable":true,"href":"https:\/\/shop.kustom.ch\/fr\/wp-json\/wp\/v2\/product_brand?post=577036"},{"taxonomy":"product_cat","embeddable":true,"href":"https:\/\/shop.kustom.ch\/fr\/wp-json\/wp\/v2\/product_cat?post=577036"},{"taxonomy":"product_tag","embeddable":true,"href":"https:\/\/shop.kustom.ch\/fr\/wp-json\/wp\/v2\/product_tag?post=577036"}],"curies":[{"name":"wp","href":"https:\/\/api.w.org\/{rel}","templated":true}]}}