{"id":576986,"date":"2025-03-04T08:33:30","date_gmt":"2025-03-04T07:33:30","guid":{"rendered":"https:\/\/shop.kustom.ch\/?post_type=product&#038;p=576986"},"modified":"2026-03-31T08:18:06","modified_gmt":"2026-03-31T07:18:06","slug":"regenhose-level-1","status":"publish","type":"product","link":"https:\/\/shop.kustom.ch\/fr\/produit\/regenhose-level-1\/","title":{"rendered":"Pantalon de pluie niveau 1"},"content":{"rendered":"<p>Un pantalon de pluie pour tous ceux qui ont des t\u00e2ches professionnelles n\u00e9cessitant des v\u00eatements de pluie l\u00e9gers et doux. Il est imperm\u00e9able au vent et \u00e0 l'eau et ses coutures sont soud\u00e9es. Il a une bonne coupe avec une bande \u00e9lastique et un cordon de serrage \u00e0 la taille et des bas de jambes r\u00e9glables avec des boutons. Le pantalon poss\u00e8de des bandes r\u00e9fl\u00e9chissantes \u00e0 l'avant et au dos. Certifi\u00e9 selon la norme EN 343, v\u00eatements de protection contre le mauvais temps. Les couleurs 4600 et 9900 ont \u00e9t\u00e9 mises \u00e0 jour. L'ancien mod\u00e8le est disponible jusqu'\u00e0 \u00e9puisement des stocks.<\/p>\n<p>FERMETURE : Bas de jambes r\u00e9glables avec boutons. D\u00c9TAILS : \u00c9lastique et cordon de serrage \u00e0 la taille. FONCTIONNALIT\u00c9 : Imperm\u00e9able au vent et \u00e0 l'eau avec coutures soud\u00e9es. TRAVAUX PRINCIPAUX : Travailleurs de la route et du b\u00e2timent. EN 343. REFLEX : D\u00e9tails r\u00e9fl\u00e9chissants sur la jambe. TISSU : Hommes. vert. coupe-vent. Pluie. INSTRUCTIONS DE LAVAGE : Nombre de lavages : 25. Ne pas essorer. CERTIFICATION : EN 343, classe 3.1<\/p>\n<p>polyester 100%, enduit de PU, coupe-vent et imperm\u00e9able, 185g\/m<\/p>","protected":false},"excerpt":{"rendered":"<p>Eine Regenhose f\u00fcr all jene mit Arbeitsaufgaben, die leichte und sanfte Regenkleidung erfordern. Sie ist wind- und wasserdicht und hat verschweisste N\u00e4hte. Sie hat eine gute Passform mit Gummiband und Kordelzug an der Taille und verstellbare Beinenden mit Kn\u00f6pfen. Die Hose besitzt Reflexstreifen vorne und am R\u00fccken. Zertifiziert nach EN 343, Schutzkleidung vor schlechtem Wetter. [&hellip;]<\/p>\n","protected":false},"featured_media":576989,"template":"","meta":[],"product_brand":[],"product_cat":[4185],"product_tag":[],"class_list":{"0":"post-576986","1":"product","2":"type-product","3":"status-publish","4":"has-post-thumbnail","6":"product_cat-hosen","7":"pa_brand-blaklaeder","8":"pa_brand-type-workwear","9":"pa_filter-color-gruen","10":"pa_filter-color-schwarz","12":"first","13":"instock","14":"sale","15":"taxable","16":"shipping-taxable","17":"purchasable","18":"product-type-variable","19":"add-to-wishlist-before_image"},"exclude_global_add_ons":[],"addons":[],"acf":[],"_links":{"self":[{"href":"https:\/\/shop.kustom.ch\/fr\/wp-json\/wp\/v2\/product\/576986"}],"collection":[{"href":"https:\/\/shop.kustom.ch\/fr\/wp-json\/wp\/v2\/product"}],"about":[{"href":"https:\/\/shop.kustom.ch\/fr\/wp-json\/wp\/v2\/types\/product"}],"wp:featuredmedia":[{"embeddable":true,"href":"https:\/\/shop.kustom.ch\/fr\/wp-json\/wp\/v2\/media\/576989"}],"wp:attachment":[{"href":"https:\/\/shop.kustom.ch\/fr\/wp-json\/wp\/v2\/media?parent=576986"}],"wp:term":[{"taxonomy":"product_brand","embeddable":true,"href":"https:\/\/shop.kustom.ch\/fr\/wp-json\/wp\/v2\/product_brand?post=576986"},{"taxonomy":"product_cat","embeddable":true,"href":"https:\/\/shop.kustom.ch\/fr\/wp-json\/wp\/v2\/product_cat?post=576986"},{"taxonomy":"product_tag","embeddable":true,"href":"https:\/\/shop.kustom.ch\/fr\/wp-json\/wp\/v2\/product_tag?post=576986"}],"curies":[{"name":"wp","href":"https:\/\/api.w.org\/{rel}","templated":true}]}}