{"id":576899,"date":"2025-03-04T08:32:46","date_gmt":"2025-03-04T07:32:46","guid":{"rendered":"https:\/\/shop.kustom.ch\/?post_type=product&#038;p=576899"},"modified":"2026-03-31T08:18:01","modified_gmt":"2026-03-31T07:18:01","slug":"high-vis-arbeitshose-4-wege-stretch-ohne-nageltaschen-2","status":"publish","type":"product","link":"https:\/\/shop.kustom.ch\/fr\/produit\/high-vis-arbeitshose-4-wege-stretch-ohne-nageltaschen-2\/","title":{"rendered":"Pantalon de travail haute visibilit\u00e9 4-way stretch sans poches \u00e0 clous"},"content":{"rendered":"<p>Un pantalon de travail haute visibilit\u00e9 pour un maximum de confort et de libert\u00e9 de mouvement, extr\u00eamement souple et flexible avec des jambes fusel\u00e9es. Ce pantalon a \u00e9t\u00e9 con\u00e7u pour r\u00e9pondre \u00e0 des t\u00e2ches exigeantes sans faire de compromis sur le confort et la coupe. Le mat\u00e9riau est un tissu stretch doux \u00e0 4 voies qui est extensible dans toutes les directions et robuste. Le pantalon est dot\u00e9 de d\u00e9tails avanc\u00e9s et de poches pratiques avec des renforts en CORDURA\u00ae. Le tissu en mesh stretch doux dans le creux des genoux assure une bonne ventilation.<\/p>\n<p>FERMETURE : Bas de jambe avec renforts CORDURA\u00ae. D\u00c9TAILS : Anneau en D. Boutons en m\u00e9tal. Porte-couteau avec bouton. Couture \u00e0 l'entrejambe comme double couture. Fermeture \u00e0 glissi\u00e8re en plastique \u00e0 l'entrejambe. Deux passants sur les c\u00f4t\u00e9s avec un bouton pour le porte-marteau. Anneau en D \u00e0 la taille. FONCTIONNALIT\u00c9 : stretch 4 directions. TRAVAILLEURS PRINCIPAUX : Travailleurs de la route et du b\u00e2timent. EN 14004. REFLEX : mat\u00e9riau r\u00e9fl\u00e9chissant autour des jambes. TISSU : Hommes. Bleu. Tissu stretch. Protection haute visibilit\u00e9. POCHES : Poche sur la jambe avec fermeture \u00e9clair. Poches arri\u00e8re \u00e0 soufflet, renforc\u00e9es. Une avec rabat. Poches rembourr\u00e9es aux genoux. Poches lat\u00e9rales. Poche m\u00e8tre renforc\u00e9e avec porte couteau et poche stylo. INSTRUCTIONS DE LAVAGE : Nombre de lavages : 20. Ne pas nettoyer \u00e0 sec. RENFORCEMENT : Poche pour m\u00e8tre pliant et poche pour genou renforc\u00e9es en Cordura\u00ae. CERTIFICATION : EN 14404:2004+A1:2010 avec genouill\u00e8res 4027, 4057, 4058 et 4032. Groupe de certification Y<\/p>\n<p>94% polyester, 6% \u00e9lasthanne, stretch 4 directions, 320 g\/m<\/p>","protected":false},"excerpt":{"rendered":"<p>Eine High Vis Arbeitshose f\u00fcr maximalen Komfort und Bewegungsfreiheit, extrem weich und flexibel mit konisch zulaufenden Beinen. Diese Hose wurde entwickelt, um anspruchsvollen Aufgaben gerecht zu werden, ohne Kompromisse bei Komfort und Passform einzugehen. Das Material ist ein weicher 4-Wege-Stretch-Stoff, der in alle Richtungen dehnbar und robust ist. Die Hose hat fortschrittliche Details und praktische [&hellip;]<\/p>\n","protected":false},"featured_media":576926,"template":"","meta":[],"product_brand":[],"product_cat":[4185],"product_tag":[],"class_list":{"0":"post-576899","1":"product","2":"type-product","3":"status-publish","4":"has-post-thumbnail","6":"product_cat-hosen","7":"pa_brand-blaklaeder","8":"pa_brand-type-workwear","9":"pa_filter-color-blau","10":"pa_filter-color-gelb","11":"pa_filter-color-orange","12":"pa_filter-color-schwarz","14":"first","15":"instock","16":"sale","17":"taxable","18":"shipping-taxable","19":"purchasable","20":"product-type-variable","21":"add-to-wishlist-before_image"},"exclude_global_add_ons":[],"addons":[],"acf":[],"_links":{"self":[{"href":"https:\/\/shop.kustom.ch\/fr\/wp-json\/wp\/v2\/product\/576899"}],"collection":[{"href":"https:\/\/shop.kustom.ch\/fr\/wp-json\/wp\/v2\/product"}],"about":[{"href":"https:\/\/shop.kustom.ch\/fr\/wp-json\/wp\/v2\/types\/product"}],"wp:featuredmedia":[{"embeddable":true,"href":"https:\/\/shop.kustom.ch\/fr\/wp-json\/wp\/v2\/media\/576926"}],"wp:attachment":[{"href":"https:\/\/shop.kustom.ch\/fr\/wp-json\/wp\/v2\/media?parent=576899"}],"wp:term":[{"taxonomy":"product_brand","embeddable":true,"href":"https:\/\/shop.kustom.ch\/fr\/wp-json\/wp\/v2\/product_brand?post=576899"},{"taxonomy":"product_cat","embeddable":true,"href":"https:\/\/shop.kustom.ch\/fr\/wp-json\/wp\/v2\/product_cat?post=576899"},{"taxonomy":"product_tag","embeddable":true,"href":"https:\/\/shop.kustom.ch\/fr\/wp-json\/wp\/v2\/product_tag?post=576899"}],"curies":[{"name":"wp","href":"https:\/\/api.w.org\/{rel}","templated":true}]}}