{"id":576802,"date":"2025-03-04T08:31:24","date_gmt":"2025-03-04T07:31:24","guid":{"rendered":"https:\/\/shop.kustom.ch\/?post_type=product&#038;p=576802"},"modified":"2026-03-31T08:17:47","modified_gmt":"2026-03-31T07:17:47","slug":"high-vis-arbeitshose-4-wege-stretch-ohne-nageltaschen","status":"publish","type":"product","link":"https:\/\/shop.kustom.ch\/fr\/produit\/high-vis-arbeitshose-4-wege-stretch-ohne-nageltaschen\/","title":{"rendered":"Pantalon de travail haute visibilit\u00e9 4-way stretch sans poches \u00e0 clous"},"content":{"rendered":"<p>Un pantalon de travail haute visibilit\u00e9 pour un maximum de confort et de libert\u00e9 de mouvement, extr\u00eamement souple et flexible avec une coupe slim. Ce pantalon est con\u00e7u pour r\u00e9sister aux travaux les plus durs sans faire de compromis sur le confort et la coupe. Le mat\u00e9riau est un tissu stretch lisse \u00e0 4 voies, solide et extensible dans toutes les directions. Le pantalon est dot\u00e9 de d\u00e9tails avanc\u00e9s et de poches pratiques renforc\u00e9es par du CORDURA\u00ae. Un filet souple et \u00e9lastique \u00e0 l'arri\u00e8re des genoux assure une bonne ventilation.<\/p>\n<p>FERMETURE : Bas de jambe avec renforts CORDURA\u00ae. D\u00c9TAILS : Anneau en D. Boutons en m\u00e9tal. Porte-couteau avec bouton. Couture \u00e0 l'entrejambe comme double couture. Fermeture \u00e0 glissi\u00e8re en plastique \u00e0 l'entrejambe. Deux passants sur les c\u00f4t\u00e9s avec un bouton pour le porte-marteau. Anneau en D \u00e0 la taille. FONCTIONNALIT\u00c9 : stretch 4 directions. TRAVAILLEURS PRINCIPAUX : Travailleurs de la route et du b\u00e2timent. EN 14004. REFLEX : mat\u00e9riau r\u00e9fl\u00e9chissant autour des jambes. TISSU : Hommes. Jaune. Tissu stretch. Protection haute visibilit\u00e9. POCHES : Poche sur la jambe avec soufflet et rabat avec fermeture velcro et poche int\u00e9rieure pour t\u00e9l\u00e9phone portable en mesh. Poches arri\u00e8re \u00e0 soufflet, renforc\u00e9es. Une avec rabat. Poches rembourr\u00e9es aux genoux. Poches lat\u00e9rales. Poche m\u00e8tre renforc\u00e9e avec porte couteau et poche stylo. INSTRUCTIONS DE LAVAGE : Nombre de lavages : 20. Ne pas essorer. RENFORCEMENT : Poche m\u00e8tre renforc\u00e9e en CORDURA\u00ae. CERTIFICATION : EN 14404:2004+A1:2010 avec genouill\u00e8res 4027, 4057, 4058 et 4032. Groupe de certification W<\/p>\n<p>94% polyester, 6% \u00e9lasthanne, stretch 4 directions, 320 g\/m<\/p>","protected":false},"excerpt":{"rendered":"<p>Eine High Vis Arbeitshose f\u00fcr maximalen Komfort und Bewegungsfreiheit, extrem weich und flexibel mit schlanker Passform. Diese Hose ist so entwickelt, dass sie auch harten Arbeiten standh\u00e4lt, ohne Kompromisse bei Komfort und Passform einzugehen. Das Material ist ein glatter 4-Wege-Stretch Stoff, der stark und in alle Richtungen dehnbar ist. Die Hose verf\u00fcgt \u00fcber fortschrittliche Details [&hellip;]<\/p>\n","protected":false},"featured_media":576865,"template":"","meta":[],"product_brand":[],"product_cat":[4185],"product_tag":[],"class_list":{"0":"post-576802","1":"product","2":"type-product","3":"status-publish","4":"has-post-thumbnail","6":"product_cat-hosen","7":"pa_brand-blaklaeder","8":"pa_brand-type-workwear","9":"pa_filter-color-blau","10":"pa_filter-color-gelb","11":"pa_filter-color-orange","12":"pa_filter-color-schwarz","14":"first","15":"instock","16":"sale","17":"taxable","18":"shipping-taxable","19":"purchasable","20":"product-type-variable","21":"add-to-wishlist-before_image"},"exclude_global_add_ons":[],"addons":[],"acf":[],"_links":{"self":[{"href":"https:\/\/shop.kustom.ch\/fr\/wp-json\/wp\/v2\/product\/576802"}],"collection":[{"href":"https:\/\/shop.kustom.ch\/fr\/wp-json\/wp\/v2\/product"}],"about":[{"href":"https:\/\/shop.kustom.ch\/fr\/wp-json\/wp\/v2\/types\/product"}],"wp:featuredmedia":[{"embeddable":true,"href":"https:\/\/shop.kustom.ch\/fr\/wp-json\/wp\/v2\/media\/576865"}],"wp:attachment":[{"href":"https:\/\/shop.kustom.ch\/fr\/wp-json\/wp\/v2\/media?parent=576802"}],"wp:term":[{"taxonomy":"product_brand","embeddable":true,"href":"https:\/\/shop.kustom.ch\/fr\/wp-json\/wp\/v2\/product_brand?post=576802"},{"taxonomy":"product_cat","embeddable":true,"href":"https:\/\/shop.kustom.ch\/fr\/wp-json\/wp\/v2\/product_cat?post=576802"},{"taxonomy":"product_tag","embeddable":true,"href":"https:\/\/shop.kustom.ch\/fr\/wp-json\/wp\/v2\/product_tag?post=576802"}],"curies":[{"name":"wp","href":"https:\/\/api.w.org\/{rel}","templated":true}]}}