{"id":576778,"date":"2025-03-04T08:31:19","date_gmt":"2025-03-04T07:31:19","guid":{"rendered":"https:\/\/shop.kustom.ch\/?post_type=product&#038;p=576778"},"modified":"2026-03-31T08:15:52","modified_gmt":"2026-03-31T07:15:52","slug":"malerhose-mit-stretch-2","status":"publish","type":"product","link":"https:\/\/shop.kustom.ch\/fr\/produit\/malerhose-mit-stretch-2\/","title":{"rendered":"Pantalon de peintre avec stretch"},"content":{"rendered":"<p>Pantalon de peintre intelligent et fonctionnel avec poches \u00e0 clous, qui r\u00e9siste \u00e0 un usage intensif. Pantalon d'aspect agr\u00e9able, extr\u00eamement r\u00e9sistant, mais n\u00e9anmoins l\u00e9ger et flexible. Le mat\u00e9riau est compos\u00e9 d'un tissu ripstop l\u00e9ger, il a une bonne r\u00e9sistance \u00e0 la d\u00e9chirure et la capacit\u00e9 de r\u00e9sister \u00e0 l'usure et aux d\u00e9chirures. Le mod\u00e8le est dot\u00e9 d'inserts stretch \u00e0 l'entrejambe, aux genoux et aux mollets pour une flexibilit\u00e9 maximale. Les poches de genouill\u00e8res \u00e0 remplir par le haut, en tissu CORDURA\u00ae Stretch, avec du stretch \u00e0 l'int\u00e9rieur comme \u00e0 l'ext\u00e9rieur, offrent un ajustement ergonomique. Le pantalon poss\u00e8de des poches \u00e0 clous et une poche \u00e0 spatule renforc\u00e9e en CORDURA\u00ae, une poche \u00e0 couteau, des d\u00e9tails r\u00e9fl\u00e9chissants discrets et une poche pour t\u00e9l\u00e9phone portable \u00e0 l'int\u00e9rieur. <\/p>\n<p>FERMETURE : Bas de jambes r\u00e9glables avec boutons. D\u00c9TAILS : Anneau en D. Boucle pour marteau sur le c\u00f4t\u00e9. Fermeture \u00e0 glissi\u00e8re en plastique \u00e0 l'entrejambe. FONCTIONNALIT\u00c9 : Inserts stretch \u00e0 l'entrejambe, au mollet et poche genouill\u00e8re. Jambes de pantalon de forme particuli\u00e8rement ergonomique. CARACTERISTIQUES PRINCIPALES : Ma\u00e7on \/ Carreleur. EN 14004. REFLEX : D\u00e9tails r\u00e9fl\u00e9chissants. TISSU : Hommes. Blanc. Poches \u00e0 clous. Tissu stretch. POSSIBILIT\u00c9S : Poche pour spatule, couteau, poche pour m\u00e8tre pliant et pinceau. Poches arri\u00e8re. Poches pour genouill\u00e8res - en haut avec rabat et fermeture velcro. Mat\u00e9riau stretch \u00e0 l'ext\u00e9rieur et \u00e0 l'int\u00e9rieur pour un meilleur ajustement ergonomique. Poches \u00e0 clous. Poches de pantalon avec poche \u00e0 fermeture \u00e9clair. INSTRUCTIONS DE LAVAGE : 60\u00b0 C. RENFORCEMENT : poches genouill\u00e8res renforc\u00e9es en Cordura\u00ae Stretch. CERTIFICATION : EN 14404:2004+A1:2010 avec genouill\u00e8res 4027, 4057, 4058 et 4032.<\/p>\n<p>Coton 60%, polyester 40%, ripstop 250g\/m<\/p>","protected":false},"excerpt":{"rendered":"<p>Intelligente und funktionelle Malerhose mit Nageltaschen, die schwerer Nutzung stand h\u00e4lt. Gut aussehende Hose, extrem strapazierf\u00e4hig aber trotzdem leicht und flexibel. Das Material besteht aus einem leichten Ripstop Stoff, hat eine gute Reissfestigkeit und die F\u00e4higkeit, Abnutzung und Rissen stand zu halten. Das Modell hat Stretch Eins\u00e4tze im Schritt, an den Knien und an der [&hellip;]<\/p>\n","protected":false},"featured_media":576808,"template":"","meta":[],"product_brand":[],"product_cat":[4185],"product_tag":[],"class_list":{"0":"post-576778","1":"product","2":"type-product","3":"status-publish","4":"has-post-thumbnail","6":"product_cat-hosen","7":"pa_brand-blaklaeder","8":"pa_brand-type-workwear","9":"pa_filter-color-grau","10":"pa_filter-color-weiss","12":"first","13":"instock","14":"sale","15":"taxable","16":"shipping-taxable","17":"purchasable","18":"product-type-variable","19":"add-to-wishlist-before_image"},"exclude_global_add_ons":[],"addons":[],"acf":[],"_links":{"self":[{"href":"https:\/\/shop.kustom.ch\/fr\/wp-json\/wp\/v2\/product\/576778"}],"collection":[{"href":"https:\/\/shop.kustom.ch\/fr\/wp-json\/wp\/v2\/product"}],"about":[{"href":"https:\/\/shop.kustom.ch\/fr\/wp-json\/wp\/v2\/types\/product"}],"wp:featuredmedia":[{"embeddable":true,"href":"https:\/\/shop.kustom.ch\/fr\/wp-json\/wp\/v2\/media\/576808"}],"wp:attachment":[{"href":"https:\/\/shop.kustom.ch\/fr\/wp-json\/wp\/v2\/media?parent=576778"}],"wp:term":[{"taxonomy":"product_brand","embeddable":true,"href":"https:\/\/shop.kustom.ch\/fr\/wp-json\/wp\/v2\/product_brand?post=576778"},{"taxonomy":"product_cat","embeddable":true,"href":"https:\/\/shop.kustom.ch\/fr\/wp-json\/wp\/v2\/product_cat?post=576778"},{"taxonomy":"product_tag","embeddable":true,"href":"https:\/\/shop.kustom.ch\/fr\/wp-json\/wp\/v2\/product_tag?post=576778"}],"curies":[{"name":"wp","href":"https:\/\/api.w.org\/{rel}","templated":true}]}}