{"id":576735,"date":"2025-03-04T08:30:41","date_gmt":"2025-03-04T07:30:41","guid":{"rendered":"https:\/\/shop.kustom.ch\/?post_type=product&#038;p=576735"},"modified":"2026-03-31T08:15:49","modified_gmt":"2026-03-31T07:15:49","slug":"malerhose-mit-stretch","status":"publish","type":"product","link":"https:\/\/shop.kustom.ch\/fr\/produit\/malerhose-mit-stretch\/","title":{"rendered":"Pantalon de peintre avec stretch"},"content":{"rendered":"<p>Pantalon de peintre intelligent et fonctionnel qui r\u00e9siste \u00e0 un usage intensif. Pantalon d'aspect agr\u00e9able, extr\u00eamement r\u00e9sistant \u00e0 l'usure, mais n\u00e9anmoins l\u00e9ger et flexible. Le mat\u00e9riau est un tissu ripstop l\u00e9ger avec une bonne r\u00e9sistance \u00e0 la d\u00e9chirure et la capacit\u00e9 de r\u00e9sister \u00e0 l'usure et aux d\u00e9chirures. Le mod\u00e8le est dot\u00e9 d'inserts stretch \u00e0 l'entrejambe, aux genoux et aux mollets pour une flexibilit\u00e9 maximale. Les poches de genouill\u00e8res \u00e0 remplir par le haut, en tissu CORDURA\u00ae Stretch, avec du stretch \u00e0 l'int\u00e9rieur comme \u00e0 l'ext\u00e9rieur, offrent un ajustement ergonomique. Le pantalon dispose d'une poche \u00e0 spatule renforc\u00e9e en CORDURA\u00ae, d'une poche pour couteau, de d\u00e9tails r\u00e9fl\u00e9chissants discrets et d'une poche int\u00e9rieure en mesh pour t\u00e9l\u00e9phone portable. <\/p>\n<p>FERMETURE : Taille r\u00e9glable avec bouton. D\u00c9TAILS : Anneau en D. Boucle marteau sur le c\u00f4t\u00e9. Fermeture \u00e0 glissi\u00e8re en plastique \u00e0 l'entrejambe. FONCTIONNALIT\u00c9 : Inserts stretch \u00e0 l'entrejambe, au mollet et poche genouill\u00e8re. Jambes de pantalon de forme particuli\u00e8rement ergonomique. CARACTERISTIQUES PRINCIPALES : Ma\u00e7on \/ Carreleur. EN 14004. REFLEX : D\u00e9tails r\u00e9fl\u00e9chissants. TISSU : Hommes. Gris. Empi\u00e8cement en stretch. Tissu stretch. POCHES : Poche pour spatule, couteau, poche pour m\u00e8tre pliant et pinceau. Poches arri\u00e8re. Poches pour genouill\u00e8res - en haut avec rabat et fermeture velcro. Tissu stretch \u00e0 l'ext\u00e9rieur et \u00e0 l'int\u00e9rieur pour un meilleur ajustement ergonomique. Poches de pantalon avec poche \u00e0 fermeture \u00e9clair. INSTRUCTIONS DE LAVAGE : Ne pas blanchir. RENFORCEMENT : Poche \u00e0 spatule renforc\u00e9e en CORDURA\u00ae. CERTIFICATION : EN 14404:2004+A1:2010 ensemble avec genouill\u00e8res 4027, 4057, 4058 et 4032<\/p>\n<p>Coton 60%, polyester 40%, ripstop 250g\/m<\/p>","protected":false},"excerpt":{"rendered":"<p>Intelligente und funktionelle Malerhose, die schwerer Nutzung stand h\u00e4lt. Gut aussehende Hose, extrem strapazierf\u00e4hig aber trotzdem leicht und flexibel. Das Material besteht aus einem leichten Ripstop Stoff mit guter Reissfestigkeit und der F\u00e4higkeit, Abnutzung und Rissen stand zu halten. Das Modell hat Stretch Eins\u00e4tze im Schritt, an den Knien und an der Wade f\u00fcr maximale [&hellip;]<\/p>\n","protected":false},"featured_media":576764,"template":"","meta":[],"product_brand":[],"product_cat":[4185],"product_tag":[],"class_list":{"0":"post-576735","1":"product","2":"type-product","3":"status-publish","4":"has-post-thumbnail","6":"product_cat-hosen","7":"pa_brand-blaklaeder","8":"pa_brand-type-workwear","9":"pa_filter-color-grau","10":"pa_filter-color-weiss","12":"first","13":"instock","14":"sale","15":"taxable","16":"shipping-taxable","17":"purchasable","18":"product-type-variable","19":"add-to-wishlist-before_image"},"exclude_global_add_ons":[],"addons":[],"acf":[],"_links":{"self":[{"href":"https:\/\/shop.kustom.ch\/fr\/wp-json\/wp\/v2\/product\/576735"}],"collection":[{"href":"https:\/\/shop.kustom.ch\/fr\/wp-json\/wp\/v2\/product"}],"about":[{"href":"https:\/\/shop.kustom.ch\/fr\/wp-json\/wp\/v2\/types\/product"}],"wp:featuredmedia":[{"embeddable":true,"href":"https:\/\/shop.kustom.ch\/fr\/wp-json\/wp\/v2\/media\/576764"}],"wp:attachment":[{"href":"https:\/\/shop.kustom.ch\/fr\/wp-json\/wp\/v2\/media?parent=576735"}],"wp:term":[{"taxonomy":"product_brand","embeddable":true,"href":"https:\/\/shop.kustom.ch\/fr\/wp-json\/wp\/v2\/product_brand?post=576735"},{"taxonomy":"product_cat","embeddable":true,"href":"https:\/\/shop.kustom.ch\/fr\/wp-json\/wp\/v2\/product_cat?post=576735"},{"taxonomy":"product_tag","embeddable":true,"href":"https:\/\/shop.kustom.ch\/fr\/wp-json\/wp\/v2\/product_tag?post=576735"}],"curies":[{"name":"wp","href":"https:\/\/api.w.org\/{rel}","templated":true}]}}