{"id":576692,"date":"2025-03-04T08:30:03","date_gmt":"2025-03-04T07:30:03","guid":{"rendered":"https:\/\/shop.kustom.ch\/?post_type=product&#038;p=576692"},"modified":"2026-03-31T08:15:32","modified_gmt":"2026-03-31T07:15:32","slug":"maler-arbeitshose","status":"publish","type":"product","link":"https:\/\/shop.kustom.ch\/fr\/produit\/maler-arbeitshose\/","title":{"rendered":"Pantalon de travail pour peintre"},"content":{"rendered":"<p>Pantalon de peintre avec des fonctions et des renforts bien pens\u00e9s pour une utilisation quotidienne. Le tissu en coton pr\u00e9sente une excellente capacit\u00e9 d'absorption pour prot\u00e9ger la peau de la peinture. Poches renforc\u00e9es pour les genouill\u00e8res, poches libres pour les outils et les pinceaux, en CORDURA\u00ae robuste.<\/p>\n<p>D\u00c9TAILS : Boucle marteau sur le c\u00f4t\u00e9. Boutons en m\u00e9tal. Couture int\u00e9rieure de la jambe avec triple couture. Fermeture \u00e9clair en plastique \u00e0 l'entrejambe. Passants, dont un avec anneau en D. CARACTERISTIQUES PRINCIPALES : Ma\u00e7on \/ Carreleur. EN 14004. TISSU : hommes. blanc. Poches pour genouill\u00e8res. Peintre en b\u00e2timent. POSITIONS : Poche sur la jambe avec poche crayon, poche pour t\u00e9l\u00e9phone portable et poche pour carte d'identit\u00e9. Poches arri\u00e8re avec soufflet. Poches rembourr\u00e9es aux genoux. Poches avant avec soufflet. INSTRUCTIONS DE LAVAGE : Ne pas blanchir. RENFORCEMENT : Genoux renforc\u00e9s en CORDURA\u00ae, poches arri\u00e8res et poche \u00e0 spatules. CERTIFICATION : EN 14404:2004+A1:2010 avec genouill\u00e8res 4027, 4057, 4058 et 4032.<\/p>\n<p>100% Coton, serg\u00e9, 320 g\/m<\/p>","protected":false},"excerpt":{"rendered":"<p>Malerhose mit durchdachten Funktionen und Verst\u00e4rkungen f\u00fcr den t\u00e4glichenEinsatz. Der Baumwollstoff weist eine exzellente Saugf\u00e4higkeit auf, um ihre Haut vor der Farbe zu sch\u00fctzen. Verst\u00e4rkte Kniepolstertaschen, lose Werkzeugtaschen und Taschen f\u00fcr die Pinsel, aus robustem CORDURA\u00ae. DETAILS: Hammerschlaufe an der Seite. Metallkn\u00f6pfe. Innenbeinnaht mit 3-fach-Naht. Kunststoff-Reissverschluss im Schritt. Schlaufen, davon eine mit D-Ring. HAUPTEIGENSCHAFTEN: Maurer [&hellip;]<\/p>\n","protected":false},"featured_media":576713,"template":"","meta":[],"product_brand":[],"product_cat":[4185],"product_tag":[],"class_list":{"0":"post-576692","1":"product","2":"type-product","3":"status-publish","4":"has-post-thumbnail","6":"product_cat-hosen","7":"pa_brand-blaklaeder","8":"pa_brand-type-workwear","9":"pa_filter-color-grau","10":"pa_filter-color-weiss","12":"first","13":"instock","14":"sale","15":"taxable","16":"shipping-taxable","17":"purchasable","18":"product-type-variable","19":"add-to-wishlist-before_image"},"exclude_global_add_ons":[],"addons":[],"acf":[],"_links":{"self":[{"href":"https:\/\/shop.kustom.ch\/fr\/wp-json\/wp\/v2\/product\/576692"}],"collection":[{"href":"https:\/\/shop.kustom.ch\/fr\/wp-json\/wp\/v2\/product"}],"about":[{"href":"https:\/\/shop.kustom.ch\/fr\/wp-json\/wp\/v2\/types\/product"}],"wp:featuredmedia":[{"embeddable":true,"href":"https:\/\/shop.kustom.ch\/fr\/wp-json\/wp\/v2\/media\/576713"}],"wp:attachment":[{"href":"https:\/\/shop.kustom.ch\/fr\/wp-json\/wp\/v2\/media?parent=576692"}],"wp:term":[{"taxonomy":"product_brand","embeddable":true,"href":"https:\/\/shop.kustom.ch\/fr\/wp-json\/wp\/v2\/product_brand?post=576692"},{"taxonomy":"product_cat","embeddable":true,"href":"https:\/\/shop.kustom.ch\/fr\/wp-json\/wp\/v2\/product_cat?post=576692"},{"taxonomy":"product_tag","embeddable":true,"href":"https:\/\/shop.kustom.ch\/fr\/wp-json\/wp\/v2\/product_tag?post=576692"}],"curies":[{"name":"wp","href":"https:\/\/api.w.org\/{rel}","templated":true}]}}