{"id":576671,"date":"2025-03-04T08:29:58","date_gmt":"2025-03-04T07:29:58","guid":{"rendered":"https:\/\/shop.kustom.ch\/?post_type=product&#038;p=576671"},"modified":"2026-03-31T08:15:29","modified_gmt":"2026-03-31T07:15:29","slug":"malerhose-4-wege-stretch-2","status":"publish","type":"product","link":"https:\/\/shop.kustom.ch\/fr\/produit\/malerhose-4-wege-stretch-2\/","title":{"rendered":"Pantalon de peintre 4-way stretch"},"content":{"rendered":"<p>Flexible et confortable, ce pantalon de peintre aux jambes ajust\u00e9es offre une grande libert\u00e9 de mouvement et est extr\u00eamement souple. Ce pantalon est con\u00e7u pour r\u00e9sister aux travaux les plus durs sans faire de compromis sur le confort et la coupe. Le mat\u00e9riau est un tissu stretch lisse \u00e0 4 voies qui est solide et extensible dans toutes les directions. Le pantalon est dot\u00e9 de d\u00e9tails avanc\u00e9s et de poches sp\u00e9cialement con\u00e7ues pour les pinceaux, les spatules et les couteaux \u00e0 peindre. La poche de genouill\u00e8re est renforc\u00e9e \u00e0 l'ext\u00e9rieur par du CORDURA\u00ae stretch et \u00e0 l'int\u00e9rieur par du stretch pour une plus grande libert\u00e9 de mouvement. Un filet doux et \u00e9lastique \u00e0 l'arri\u00e8re du genou assure une bonne a\u00e9ration. L'ourlet de la jambe, renforc\u00e9 \u00e0 l'arri\u00e8re, offre une protection efficace contre l'usure. <\/p>\n<p>FERMETURE : Bas de jambe avec renfort \u00e0 l'arri\u00e8re. D\u00c9TAILS : Poche amovible pour carte d'identit\u00e9. Boutons en m\u00e9tal. Porte-couteau avec bouton. Couture int\u00e9rieure de la jambe avec triple couture. Fermeture \u00e0 glissi\u00e8re en plastique \u00e0 l'entrejambe. Deux passants de ceinture sur les c\u00f4t\u00e9s avec un bouton pour un passant pour marteau, un passant de ceinture avec anneau en D \u00e0 l'avant. Large passant de ceinture \u00e0 l'arri\u00e8re. Anneau en D \u00e0 la taille. FONCTIONNALIT\u00c9 : stretch 4 directions. CARACTERISTIQUES PRINCIPALES : Ma\u00e7on \/ Carreleur. EN 14004. REFLEX : D\u00e9tails r\u00e9fl\u00e9chissants sur le mollet. TISSU : Hommes. Gris. Poches pour genouill\u00e8res. Tissu stretch. POCHES : Poche sur la jambe avec soufflet et rabat avec fermeture velcro et poche int\u00e9rieure pour t\u00e9l\u00e9phone portable en mesh. Poches arri\u00e8re \u00e0 soufflet. Poches rembourr\u00e9es aux genoux. Poches de pantalon avec poche \u00e0 fermeture \u00e9clair. INSTRUCTIONS DE LAVAGE : Ne pas nettoyer \u00e0 sec. RENFORCEMENT : Poches de genouill\u00e8res renforc\u00e9es en Cordura\u00ae Stretch. CERTIFICATION : EN 14404:2004+A1:2010 avec genouill\u00e8res 4027, 4057, 4058 et 4032.<\/p>\n<p>92% polyamide, 8% \u00e9lasthanne, double tissage, stretch quadri-directionnel, 230 g\/m<\/p>","protected":false},"excerpt":{"rendered":"<p>Diese flexible und bequeme Malerhose mit eng geschnittenen Beinen bietet Bewegungsfreiheit und ist extrem weich. Diese Hose ist so entwickelt, dass sie auch harten Arbeiten standh\u00e4lt, ohne Kompromisse bei Komfort und Passform einzugehen. Das Material ist ein glatter 4-Wege-Stretch Stoff, der stark und in alle Richtungen dehnbar ist. Die Hose hat fortschrittliche Details und speziell [&hellip;]<\/p>\n","protected":false},"featured_media":576712,"template":"","meta":[],"product_brand":[],"product_cat":[4185],"product_tag":[],"class_list":{"0":"post-576671","1":"product","2":"type-product","3":"status-publish","4":"has-post-thumbnail","6":"product_cat-hosen","7":"pa_brand-blaklaeder","8":"pa_brand-type-workwear","9":"pa_filter-color-grau","10":"pa_filter-color-weiss","12":"first","13":"instock","14":"sale","15":"taxable","16":"shipping-taxable","17":"purchasable","18":"product-type-variable","19":"add-to-wishlist-before_image"},"exclude_global_add_ons":[],"addons":[],"acf":[],"_links":{"self":[{"href":"https:\/\/shop.kustom.ch\/fr\/wp-json\/wp\/v2\/product\/576671"}],"collection":[{"href":"https:\/\/shop.kustom.ch\/fr\/wp-json\/wp\/v2\/product"}],"about":[{"href":"https:\/\/shop.kustom.ch\/fr\/wp-json\/wp\/v2\/types\/product"}],"wp:featuredmedia":[{"embeddable":true,"href":"https:\/\/shop.kustom.ch\/fr\/wp-json\/wp\/v2\/media\/576712"}],"wp:attachment":[{"href":"https:\/\/shop.kustom.ch\/fr\/wp-json\/wp\/v2\/media?parent=576671"}],"wp:term":[{"taxonomy":"product_brand","embeddable":true,"href":"https:\/\/shop.kustom.ch\/fr\/wp-json\/wp\/v2\/product_brand?post=576671"},{"taxonomy":"product_cat","embeddable":true,"href":"https:\/\/shop.kustom.ch\/fr\/wp-json\/wp\/v2\/product_cat?post=576671"},{"taxonomy":"product_tag","embeddable":true,"href":"https:\/\/shop.kustom.ch\/fr\/wp-json\/wp\/v2\/product_tag?post=576671"}],"curies":[{"name":"wp","href":"https:\/\/api.w.org\/{rel}","templated":true}]}}