{"id":576539,"date":"2025-03-04T08:28:17","date_gmt":"2025-03-04T07:28:17","guid":{"rendered":"https:\/\/shop.kustom.ch\/?post_type=product&#038;p=576539"},"modified":"2026-03-31T08:24:38","modified_gmt":"2026-03-31T07:24:38","slug":"industrie-arbeitshose-stretch","status":"publish","type":"product","link":"https:\/\/shop.kustom.ch\/fr\/produit\/industrie-arbeitshose-stretch\/","title":{"rendered":"Pantalon de travail industriel stretch"},"content":{"rendered":"<p>Ce pantalon lavable industriellement, qui ne gratte pas, avec des poches pour les genoux, est en toile de coton confortable avec un stretch bidirectionnel et est \u00e9lastique \u00e0 la taille pour plus de confort. Le pantalon est dot\u00e9 de d\u00e9tails r\u00e9fl\u00e9chissants pour vous rendre visible en cas de besoin. \u00c9galement disponible en mod\u00e8le femme 7106.<\/p>\n<p>D\u00c9TAILS : Anneau en D. Boutons-pression en m\u00e9tal. Couture int\u00e9rieure de la jambe avec triple couture. Fermeture \u00e9clair m\u00e9tallique \u00e0 l'entrejambe. \u00c9lastique \u00e0 la taille. FONCTIONNALIT\u00c9 : Stretch \u00e0 deux sens. Jambes de pantalon particuli\u00e8rement ergonomiques. CARACT\u00c9RISTIQUES PRINCIPALES : M\u00e9canicien. EN 14004. REFLEX : D\u00e9tails r\u00e9fl\u00e9chissants sur la jambe. TISSU : Hommes. Noir. Poches pour genouill\u00e8res. Industrie \/ Service. POCHES : Poches sur la jambe avec soufflet et rabat, boutons m\u00e9talliques cach\u00e9s. Poche arri\u00e8re, une avec rabat. Poche pour t\u00e9l\u00e9phone portable \u00e0 l'int\u00e9rieur. Poches ext\u00e9rieures pour genouill\u00e8res. Poche int\u00e9rieure avec poche zipp\u00e9e cach\u00e9e. Poche m\u00e8tre \u00e0 l'int\u00e9rieur. INSTRUCTIONS DE LAVAGE : Ne pas nettoyer \u00e0 sec. LAVAGE : Lavage industriel EN ISO 15797. CERTIFICATION : EN 14404:2004+A1:2010 avec genouill\u00e8re 4057<\/p>\n<p>98% coton, 2% \u00e9lastol\u00e9fine, toile, 285 g\/m<\/p>","protected":false},"excerpt":{"rendered":"<p>Diese industriell waschbare, kratzfreie Hose mit Kniepolstertaschen besteht aus gem\u00fctlichem Baumwoll-Canvas mit Zwei-Wege-Stretch und ist in der Taille elastisch, um den Komfort zu erh\u00f6hen. Die Hose hat reflektierende Details, damit Sie bei Bedarf gesehen werden. Auch als Damenmodell 7106 erh\u00e4ltlich. DETAILS: D-Ring. Metall-Druckkn\u00f6pfe. Innenbeinnaht mit 3-fach-Naht. Metall-Reissverschluss im Schritt. Gummizug an der Taille. FUNKTIONALIT\u00c4T: 2-Wege-Stretch. [&hellip;]<\/p>\n","protected":false},"featured_media":576557,"template":"","meta":[],"product_brand":[],"product_cat":[4185],"product_tag":[],"class_list":{"0":"post-576539","1":"product","2":"type-product","3":"status-publish","4":"has-post-thumbnail","6":"product_cat-hosen","7":"pa_brand-blaklaeder","8":"pa_brand-type-workwear","9":"pa_filter-color-blau","10":"pa_filter-color-grau","11":"pa_filter-color-schwarz","13":"first","14":"instock","15":"sale","16":"taxable","17":"shipping-taxable","18":"purchasable","19":"product-type-variable","20":"add-to-wishlist-before_image"},"exclude_global_add_ons":[],"addons":[],"acf":[],"_links":{"self":[{"href":"https:\/\/shop.kustom.ch\/fr\/wp-json\/wp\/v2\/product\/576539"}],"collection":[{"href":"https:\/\/shop.kustom.ch\/fr\/wp-json\/wp\/v2\/product"}],"about":[{"href":"https:\/\/shop.kustom.ch\/fr\/wp-json\/wp\/v2\/types\/product"}],"wp:featuredmedia":[{"embeddable":true,"href":"https:\/\/shop.kustom.ch\/fr\/wp-json\/wp\/v2\/media\/576557"}],"wp:attachment":[{"href":"https:\/\/shop.kustom.ch\/fr\/wp-json\/wp\/v2\/media?parent=576539"}],"wp:term":[{"taxonomy":"product_brand","embeddable":true,"href":"https:\/\/shop.kustom.ch\/fr\/wp-json\/wp\/v2\/product_brand?post=576539"},{"taxonomy":"product_cat","embeddable":true,"href":"https:\/\/shop.kustom.ch\/fr\/wp-json\/wp\/v2\/product_cat?post=576539"},{"taxonomy":"product_tag","embeddable":true,"href":"https:\/\/shop.kustom.ch\/fr\/wp-json\/wp\/v2\/product_tag?post=576539"}],"curies":[{"name":"wp","href":"https:\/\/api.w.org\/{rel}","templated":true}]}}