{"id":576061,"date":"2025-03-04T08:24:11","date_gmt":"2025-03-04T07:24:11","guid":{"rendered":"https:\/\/shop.kustom.ch\/?post_type=product&#038;p=576061"},"modified":"2026-03-31T08:10:08","modified_gmt":"2026-03-31T07:10:08","slug":"hose-mit-schenkeltaschen-young","status":"publish","type":"product","link":"https:\/\/shop.kustom.ch\/fr\/produit\/hose-mit-schenkeltaschen-young\/","title":{"rendered":"Pantalon avec poches sur les cuisses YOUNG"},"content":{"rendered":"<p>Double et triple coutures rabattues sur les jambes et \u00e0 l'entrejambe. Taille basse et ceinture moul\u00e9e. Les jambes du pantalon ont une forme ergonomique. Passants de ceinture. Braguette avec fermeture \u00e0 glissi\u00e8re. Poches avant avec renforts. Poches arri\u00e8re renforc\u00e9es et munies d'un rabat avec fermeture velcro. Passant pour marteau, r\u00e9glable. Poche sur la cuisse avec renforts, poche pour t\u00e9l\u00e9phone portable et rabat avec fermeture velcro. Poche m\u00e8tre renforc\u00e9e, avec petite poche \u00e0 l'ext\u00e9rieur. Poche pour stylo. Coutures contrast\u00e9es, orange. Effets r\u00e9fl\u00e9chissants.<\/p>\n<p>OEKO-TEX\u00ae STANDARD 100<br \/>\n65% polyester\/35% coton<br \/>\nStructure en toile avec effet stretch.<br \/>\n310 g\/m<br \/>\nLavage couleur, max. 60\u00b0 C ; Pas de blanchiment ; Supporte le s\u00e8che-linge - temp\u00e9rature de d\u00e9part max. 80\u00b0 C ; Repassage \u00e0 basse temp\u00e9rature, max. 100\u00b0 C ; Supporte le nettoyage normal<\/p>\n<p><a href=\"https:\/\/mascotsitecore-1ccb8.kxcdn.com\/pdf\/05279-010-010-de.pdf\" target=\"_blank\" rel=\"noopener\"><u>Ouvrir la fiche produit<\/u><\/a><\/p>","protected":false},"excerpt":{"rendered":"<ul>\n<li>Les triples coutures en pointe r\u00e9sistantes prolongent la dur\u00e9e de vie du produit.<\/li>\n<li>La taille basse avec une ceinture moul\u00e9e fait en sorte que le pantalon suive tous les mouvements du corps.<\/li>\n<li>Jambes de pantalons ergonomiques, form\u00e9es selon les mouvements naturels du corps.<\/li>\n<li>Poches renforc\u00e9es sur les cuisses avec poche pour t\u00e9l\u00e9phone portable, rabat et fermeture velcro.<\/li>\n<li>Am\u00e9lioration de la visibilit\u00e9 pour l'entourage \u00e0 l'aide d'effets r\u00e9fl\u00e9chissants.<\/li>\n<\/ul>","protected":false},"featured_media":576118,"template":"","meta":[],"product_brand":[],"product_cat":[4185],"product_tag":[],"class_list":{"0":"post-576061","1":"product","2":"type-product","3":"status-publish","4":"has-post-thumbnail","6":"product_cat-hosen","7":"pa_brand-mascot","8":"pa_brand-type-workwear","9":"pa_filter-color-grau","10":"pa_filter-color-schwarz","12":"first","13":"instock","14":"sale","15":"taxable","16":"shipping-taxable","17":"purchasable","18":"product-type-variable","19":"add-to-wishlist-before_image"},"exclude_global_add_ons":[],"addons":[],"acf":[],"_links":{"self":[{"href":"https:\/\/shop.kustom.ch\/fr\/wp-json\/wp\/v2\/product\/576061"}],"collection":[{"href":"https:\/\/shop.kustom.ch\/fr\/wp-json\/wp\/v2\/product"}],"about":[{"href":"https:\/\/shop.kustom.ch\/fr\/wp-json\/wp\/v2\/types\/product"}],"wp:featuredmedia":[{"embeddable":true,"href":"https:\/\/shop.kustom.ch\/fr\/wp-json\/wp\/v2\/media\/576118"}],"wp:attachment":[{"href":"https:\/\/shop.kustom.ch\/fr\/wp-json\/wp\/v2\/media?parent=576061"}],"wp:term":[{"taxonomy":"product_brand","embeddable":true,"href":"https:\/\/shop.kustom.ch\/fr\/wp-json\/wp\/v2\/product_brand?post=576061"},{"taxonomy":"product_cat","embeddable":true,"href":"https:\/\/shop.kustom.ch\/fr\/wp-json\/wp\/v2\/product_cat?post=576061"},{"taxonomy":"product_tag","embeddable":true,"href":"https:\/\/shop.kustom.ch\/fr\/wp-json\/wp\/v2\/product_tag?post=576061"}],"curies":[{"name":"wp","href":"https:\/\/api.w.org\/{rel}","templated":true}]}}