{"id":575627,"date":"2025-03-04T08:19:38","date_gmt":"2025-03-04T07:19:38","guid":{"rendered":"https:\/\/shop.kustom.ch\/?post_type=product&#038;p=575627"},"modified":"2026-03-31T08:08:30","modified_gmt":"2026-03-31T07:08:30","slug":"jacke-unique-5","status":"publish","type":"product","link":"https:\/\/shop.kustom.ch\/fr\/produit\/jacke-unique-5\/","title":{"rendered":"Veste UNIQUE"},"content":{"rendered":"<p>Bicolore, avec des motifs. Triples coutures rabattues sur les manches et les c\u00f4t\u00e9s. Col montant. Fermeture avec fermeture \u00e9clair, rabat de protection contre les intemp\u00e9ries et boutons-pression cach\u00e9s. Le dos est allong\u00e9. Poches poitrine avec rabat et boutons-pression cach\u00e9s. Acc\u00e8s facile \u00e0 la poche int\u00e9gr\u00e9e pour t\u00e9l\u00e9phone portable dans la poche de poitrine. Poches avant. Anneau en D. Les manches \u00e0 la coupe ergonomique permettent une grande libert\u00e9 de mouvement. Poches int\u00e9rieures. Ceinture avec r\u00e9glage par bouton-pression. Poignets avec r\u00e9glage par bouton-pression. Coutures contrast\u00e9es. Effets r\u00e9fl\u00e9chissants.<\/p>\n<p>OEKO-TEX\u00ae STANDARD 100 ; ProWash\u00ae - EN ISO 15797<br \/>\n58% Coton\/39% Polyester\/3% \u00c9lastol\u00e9fine<br \/>\nRipstop.<br \/>\n320 g\/m<br \/>\nLavage couleur, max. 60\u00b0 C ; Pas de blanchiment ; Supporte le s\u00e8che-linge - temp\u00e9rature de d\u00e9part max. 80\u00b0 C ; Repassage \u00e0 temp\u00e9rature moyenne, max. 150\u00b0 C ; Supporte le nettoyage normal<\/p>\n<p><a href=\"https:\/\/mascotsitecore-1ccb8.kxcdn.com\/pdf\/21909-459-0918-de.pdf\" target=\"_blank\" rel=\"noopener\"><u>Ouvrir la fiche produit<\/u><\/a><\/p>","protected":false},"excerpt":{"rendered":"<ul>\n<li>Le produit est adapt\u00e9 au lavage industriel.<\/li>\n<li>Des coutures r\u00e9sistantes \u00e0 triple rabattage sur les manches, les \u00e9paules et les c\u00f4t\u00e9s prolongent la dur\u00e9e de vie du produit.<\/li>\n<li>Fermeture avec fermeture \u00e9clair, double rabat de protection contre les intemp\u00e9ries et boutons-pression cach\u00e9s.<\/li>\n<li>Manches ergonomiques form\u00e9es en fonction des mouvements naturels des bras.<\/li>\n<li>Dos rallong\u00e9.<\/li>\n<li>Am\u00e9lioration de la visibilit\u00e9 pour l'entourage \u00e0 l'aide d'effets r\u00e9fl\u00e9chissants.<\/li>\n<\/ul>","protected":false},"featured_media":575678,"template":"","meta":[],"product_brand":[],"product_cat":[4186],"product_tag":[],"class_list":{"0":"post-575627","1":"product","2":"type-product","3":"status-publish","4":"has-post-thumbnail","6":"product_cat-jacken","7":"pa_brand-mascot","8":"pa_brand-type-workwear","9":"pa_filter-color-grau","10":"pa_filter-color-schwarz","12":"first","13":"instock","14":"sale","15":"taxable","16":"shipping-taxable","17":"purchasable","18":"product-type-variable","19":"add-to-wishlist-before_image"},"exclude_global_add_ons":[],"addons":[],"acf":[],"_links":{"self":[{"href":"https:\/\/shop.kustom.ch\/fr\/wp-json\/wp\/v2\/product\/575627"}],"collection":[{"href":"https:\/\/shop.kustom.ch\/fr\/wp-json\/wp\/v2\/product"}],"about":[{"href":"https:\/\/shop.kustom.ch\/fr\/wp-json\/wp\/v2\/types\/product"}],"wp:featuredmedia":[{"embeddable":true,"href":"https:\/\/shop.kustom.ch\/fr\/wp-json\/wp\/v2\/media\/575678"}],"wp:attachment":[{"href":"https:\/\/shop.kustom.ch\/fr\/wp-json\/wp\/v2\/media?parent=575627"}],"wp:term":[{"taxonomy":"product_brand","embeddable":true,"href":"https:\/\/shop.kustom.ch\/fr\/wp-json\/wp\/v2\/product_brand?post=575627"},{"taxonomy":"product_cat","embeddable":true,"href":"https:\/\/shop.kustom.ch\/fr\/wp-json\/wp\/v2\/product_cat?post=575627"},{"taxonomy":"product_tag","embeddable":true,"href":"https:\/\/shop.kustom.ch\/fr\/wp-json\/wp\/v2\/product_tag?post=575627"}],"curies":[{"name":"wp","href":"https:\/\/api.w.org\/{rel}","templated":true}]}}