{"id":575124,"date":"2025-03-04T08:14:46","date_gmt":"2025-03-04T07:14:46","guid":{"rendered":"https:\/\/shop.kustom.ch\/?post_type=product&#038;p=575124"},"modified":"2026-03-31T08:07:07","modified_gmt":"2026-03-31T07:07:07","slug":"hard-shell-jacke-unique","status":"publish","type":"product","link":"https:\/\/shop.kustom.ch\/fr\/produit\/hard-shell-jacke-unique\/","title":{"rendered":"Veste hard shell UNIQUE"},"content":{"rendered":"<p>Tissu stretch ultime, l\u00e9ger et tr\u00e8s r\u00e9sistant. Respirant, imperm\u00e9able au vent et \u00e0 l'eau. Les coutures sont coll\u00e9es. Fermeture avec fermeture \u00e9clair \u00e9tanche et rabat de protection contre les intemp\u00e9ries \u00e0 l'int\u00e9rieur. Capuche amovible, doubl\u00e9e et munie de cordons \u00e9lastiques r\u00e9glables. Poches poitrine avec fermeture \u00e0 glissi\u00e8re. La coupe ergonomique des manches permet une grande libert\u00e9 de mouvement. Poches avant avec fermeture \u00e9clair. Le dos est allong\u00e9. \u00c9lastique r\u00e9glable \u00e0 l'ourlet inf\u00e9rieur. Poignets c\u00f4tel\u00e9s (cach\u00e9s sous la patte de protection contre les intemp\u00e9ries). Effets r\u00e9fl\u00e9chissants.<\/p>\n<p>OEKO-TEX\u00ae STANDARD 100 ; EN 343 3\/3<br \/>\n87% Polyamide\/13% \u00c9lasthanne<br \/>\nSTRETCH ULTIME. Twill.<br \/>\n200 g\/m\u00b2 (1,5 lb)<br \/>\nLinge d\u00e9licat, max. 40\u00b0 C ; Ne pas blanchir ; Ne pas s\u00e9cher au s\u00e8che-linge ; Ne pas repasser ; Supporte le nettoyage normal<\/p>\n<p><a href=\"https:\/\/mascotsitecore-1ccb8.kxcdn.com\/pdf\/18601-411-010-de.pdf\" target=\"_blank\" rel=\"noopener\"><u>Ouvrir la fiche produit<\/u><\/a><\/p>","protected":false},"excerpt":{"rendered":"<ul>\n<li>Le tissu stretch est \u00e9lastique dans toutes les directions et offre une libert\u00e9 de mouvement in\u00e9gal\u00e9e, o\u00f9 rien ne tire ou ne g\u00eane.<\/li>\n<li>Le tissu stretch multifonctionnel combine un faible poids avec une tr\u00e8s grande r\u00e9sistance et est en outre imperm\u00e9able.<\/li>\n<li>Respirant, \u00e9tanche au vent et \u00e0 l'eau avec coutures scell\u00e9es.<\/li>\n<li>Capuche doubl\u00e9e amovible, avec cordons \u00e9lastiques r\u00e9glables.<\/li>\n<li>Am\u00e9lioration de la visibilit\u00e9 pour l'entourage \u00e0 l'aide d'effets r\u00e9fl\u00e9chissants.<\/li>\n<\/ul>","protected":false},"featured_media":575168,"template":"","meta":[],"product_brand":[],"product_cat":[4186],"product_tag":[],"class_list":{"0":"post-575124","1":"product","2":"type-product","3":"status-publish","4":"has-post-thumbnail","6":"product_cat-jacken","7":"pa_brand-mascot","8":"pa_brand-type-workwear","9":"pa_filter-color-blau","10":"pa_filter-color-grau","11":"pa_filter-color-schwarz","13":"first","14":"instock","15":"sale","16":"taxable","17":"shipping-taxable","18":"purchasable","19":"product-type-variable","20":"add-to-wishlist-before_image"},"exclude_global_add_ons":[],"addons":[],"acf":[],"_links":{"self":[{"href":"https:\/\/shop.kustom.ch\/fr\/wp-json\/wp\/v2\/product\/575124"}],"collection":[{"href":"https:\/\/shop.kustom.ch\/fr\/wp-json\/wp\/v2\/product"}],"about":[{"href":"https:\/\/shop.kustom.ch\/fr\/wp-json\/wp\/v2\/types\/product"}],"wp:featuredmedia":[{"embeddable":true,"href":"https:\/\/shop.kustom.ch\/fr\/wp-json\/wp\/v2\/media\/575168"}],"wp:attachment":[{"href":"https:\/\/shop.kustom.ch\/fr\/wp-json\/wp\/v2\/media?parent=575124"}],"wp:term":[{"taxonomy":"product_brand","embeddable":true,"href":"https:\/\/shop.kustom.ch\/fr\/wp-json\/wp\/v2\/product_brand?post=575124"},{"taxonomy":"product_cat","embeddable":true,"href":"https:\/\/shop.kustom.ch\/fr\/wp-json\/wp\/v2\/product_cat?post=575124"},{"taxonomy":"product_tag","embeddable":true,"href":"https:\/\/shop.kustom.ch\/fr\/wp-json\/wp\/v2\/product_tag?post=575124"}],"curies":[{"name":"wp","href":"https:\/\/api.w.org\/{rel}","templated":true}]}}