{"id":574983,"date":"2025-03-04T08:13:42","date_gmt":"2025-03-04T07:13:42","guid":{"rendered":"https:\/\/shop.kustom.ch\/?post_type=product&#038;p=574983"},"modified":"2026-03-31T08:06:53","modified_gmt":"2026-03-31T07:06:53","slug":"shorts-unique-2","status":"publish","type":"product","link":"https:\/\/shop.kustom.ch\/fr\/produit\/shorts-unique-2\/","title":{"rendered":"Short UNIQUE"},"content":{"rendered":"<p>Bicolore, avec des couleurs vives. Qualit\u00e9 l\u00e9g\u00e8re. Triples coutures rabattues sur les jambes et \u00e0 l'entrejambe. Taille basse et ceinture moul\u00e9e. Passants de ceinture. Anneau en D. Braguette avec fermeture \u00e0 glissi\u00e8re. Boucle pour outils \u00e0 la taille. Spacieuses poches avant avec renforts en tissu CORDURA\u00ae - une avec poche pour t\u00e9l\u00e9phone portable facilement accessible. Poches arri\u00e8re renforc\u00e9es. Passant pour marteau, r\u00e9glable. Poche sur la cuisse avec poche pour t\u00e9l\u00e9phone portable, rabat et boutons-pression cach\u00e9s. Poche m\u00e8tre renforc\u00e9e par du tissu CORDURA\u00ae. Poche pour stylo. Une couche suppl\u00e9mentaire de tissu a \u00e9t\u00e9 ajout\u00e9e \u00e0 l'int\u00e9rieur du produit, \u00e0 l'endroit o\u00f9 se trouvent la poche arri\u00e8re, la poche sur la cuisse et la poche m\u00e8tre.<\/p>\n<p>OEKO-TEX\u00ae STANDARD 100<br \/>\n50% Coton\/50% Polyester<br \/>\nTissu en serg\u00e9. Peut r\u00e9tr\u00e9cir 1-2%.<br \/>\n205 g\/m\u00b2 (1,5 lb)<br \/>\nLavage couleur, max. 60\u00b0 C ; Pas de blanchiment ; Supporte le s\u00e8che-linge - temp\u00e9rature de d\u00e9part max. 80\u00b0 C ; Repassage \u00e0 basse temp\u00e9rature, max. 100\u00b0 C ; Supporte le nettoyage normal<\/p>\n<p><a href=\"https:\/\/mascotsitecore-1ccb8.kxcdn.com\/pdf\/18349-230-0209-de.pdf\" target=\"_blank\" rel=\"noopener\"><u>Ouvrir la fiche produit<\/u><\/a><\/p>","protected":false},"excerpt":{"rendered":"<ul>\n<li>Mat\u00e9riau l\u00e9ger, particuli\u00e8rement adapt\u00e9 aux environnements chauds.<\/li>\n<li>Des coutures r\u00e9sistantes \u00e0 triple rabattage sur les jambes et \u00e0 l'entrejambe prolongent la dur\u00e9e de vie du produit.<\/li>\n<li>La taille basse avec une ceinture moul\u00e9e fait en sorte que le pantalon suive tous les mouvements du corps.<\/li>\n<li>Acc\u00e8s facile au contenu du sac gr\u00e2ce \u00e0 la conception sp\u00e9ciale des poches avant.<\/li>\n<li>Poche sur la cuisse inclin\u00e9e et spacieuse avec une poche pour t\u00e9l\u00e9phone portable facilement accessible.<\/li>\n<li>Renforts sur les poches arri\u00e8re et la poche m\u00e8tre.<\/li>\n<\/ul>","protected":false},"featured_media":575041,"template":"","meta":[],"product_brand":[],"product_cat":[4198],"product_tag":[],"class_list":{"0":"post-574983","1":"product","2":"type-product","3":"status-publish","4":"has-post-thumbnail","6":"product_cat-shorts","7":"pa_brand-mascot","8":"pa_brand-type-workwear","9":"pa_filter-color-beige","10":"pa_filter-color-blau","11":"pa_filter-color-grau","12":"pa_filter-color-gruen","13":"pa_filter-color-rot","14":"pa_filter-color-schwarz","15":"pa_filter-color-weiss","17":"first","18":"instock","19":"sale","20":"taxable","21":"shipping-taxable","22":"purchasable","23":"product-type-variable","24":"add-to-wishlist-before_image"},"exclude_global_add_ons":[],"addons":[],"acf":[],"_links":{"self":[{"href":"https:\/\/shop.kustom.ch\/fr\/wp-json\/wp\/v2\/product\/574983"}],"collection":[{"href":"https:\/\/shop.kustom.ch\/fr\/wp-json\/wp\/v2\/product"}],"about":[{"href":"https:\/\/shop.kustom.ch\/fr\/wp-json\/wp\/v2\/types\/product"}],"wp:featuredmedia":[{"embeddable":true,"href":"https:\/\/shop.kustom.ch\/fr\/wp-json\/wp\/v2\/media\/575041"}],"wp:attachment":[{"href":"https:\/\/shop.kustom.ch\/fr\/wp-json\/wp\/v2\/media?parent=574983"}],"wp:term":[{"taxonomy":"product_brand","embeddable":true,"href":"https:\/\/shop.kustom.ch\/fr\/wp-json\/wp\/v2\/product_brand?post=574983"},{"taxonomy":"product_cat","embeddable":true,"href":"https:\/\/shop.kustom.ch\/fr\/wp-json\/wp\/v2\/product_cat?post=574983"},{"taxonomy":"product_tag","embeddable":true,"href":"https:\/\/shop.kustom.ch\/fr\/wp-json\/wp\/v2\/product_tag?post=574983"}],"curies":[{"name":"wp","href":"https:\/\/api.w.org\/{rel}","templated":true}]}}