{"id":574627,"date":"2025-03-04T08:10:28","date_gmt":"2025-03-04T07:10:28","guid":{"rendered":"https:\/\/shop.kustom.ch\/?post_type=product&#038;p=574627"},"modified":"2026-03-31T08:06:01","modified_gmt":"2026-03-31T07:06:01","slug":"hose-mit-schenkeltaschen-unique-3","status":"publish","type":"product","link":"https:\/\/shop.kustom.ch\/fr\/produit\/hose-mit-schenkeltaschen-unique-3\/","title":{"rendered":"Pantalon avec poches sur les cuisses UNIQUE"},"content":{"rendered":"<p>De couleur unie. Qualit\u00e9 l\u00e9g\u00e8re. Triples coutures rabattues sur les jambes et \u00e0 l'entrejambe. Taille basse et ceinture moul\u00e9e. Les jambes du pantalon ont une forme ergonomique. Passants de ceinture. Anneau en D. Braguette avec fermeture \u00e0 glissi\u00e8re. Spacieuses poches avant avec renforts en tissu CORDURA\u00ae - une avec une poche pour t\u00e9l\u00e9phone portable facilement accessible. Poches arri\u00e8re renforc\u00e9es. Poches sur les cuisses avec rabat et boutons-pression cach\u00e9s. Poche pour t\u00e9l\u00e9phone portable. Une couche suppl\u00e9mentaire de tissu a \u00e9t\u00e9 ajout\u00e9e \u00e0 l'int\u00e9rieur du produit, \u00e0 l'endroit o\u00f9 se trouvent la poche arri\u00e8re et les poches sur les cuisses. Effets r\u00e9fl\u00e9chissants.<\/p>\n<p>OEKO-TEX\u00ae STANDARD 100<br \/>\n50% Coton\/50% Polyester<br \/>\nTissu en serg\u00e9. Peut r\u00e9tr\u00e9cir 1-2%.<br \/>\n205 g\/m\u00b2 (1,5 lb)<br \/>\nLavage couleur, max. 60\u00b0 C ; Pas de blanchiment ; Supporte le s\u00e8che-linge - temp\u00e9rature de d\u00e9part max. 80\u00b0 C ; Repassage \u00e0 basse temp\u00e9rature, max. 100\u00b0 C ; Supporte le nettoyage normal<\/p>\n<p><a href=\"https:\/\/mascotsitecore-1ccb8.kxcdn.com\/pdf\/16179-230-010-de.pdf\" target=\"_blank\" rel=\"noopener\"><u>Ouvrir la fiche produit<\/u><\/a><\/p>","protected":false},"excerpt":{"rendered":"<ul>\n<li>Particuli\u00e8rement adapt\u00e9 aux environnements chauds, car particuli\u00e8rement l\u00e9ger et avec une forte teneur en coton.<\/li>\n<li>Des coutures r\u00e9sistantes \u00e0 triple rabattage sur les jambes et \u00e0 l'entrejambe prolongent la dur\u00e9e de vie du produit.<\/li>\n<li>La taille basse avec une ceinture moul\u00e9e fait en sorte que le pantalon suive tous les mouvements du corps.<\/li>\n<li>Super coupe avec jambes ergonomiques et inserts cun\u00e9iformes \u00e0 l'int\u00e9rieur des jambes et \u00e0 l'entrejambe (avec renfort suppl\u00e9mentaire).<\/li>\n<li>Am\u00e9lioration de la visibilit\u00e9 pour l'entourage \u00e0 l'aide d'effets r\u00e9fl\u00e9chissants.<\/li>\n<\/ul>","protected":false},"featured_media":574671,"template":"","meta":[],"product_brand":[],"product_cat":[4185],"product_tag":[],"class_list":{"0":"post-574627","1":"product","2":"type-product","3":"status-publish","4":"has-post-thumbnail","6":"product_cat-hosen","7":"pa_brand-mascot","8":"pa_brand-type-workwear","9":"pa_filter-color-schwarz","11":"first","12":"instock","13":"sale","14":"taxable","15":"shipping-taxable","16":"purchasable","17":"product-type-variable","18":"add-to-wishlist-before_image"},"exclude_global_add_ons":[],"addons":[],"acf":[],"_links":{"self":[{"href":"https:\/\/shop.kustom.ch\/fr\/wp-json\/wp\/v2\/product\/574627"}],"collection":[{"href":"https:\/\/shop.kustom.ch\/fr\/wp-json\/wp\/v2\/product"}],"about":[{"href":"https:\/\/shop.kustom.ch\/fr\/wp-json\/wp\/v2\/types\/product"}],"wp:featuredmedia":[{"embeddable":true,"href":"https:\/\/shop.kustom.ch\/fr\/wp-json\/wp\/v2\/media\/574671"}],"wp:attachment":[{"href":"https:\/\/shop.kustom.ch\/fr\/wp-json\/wp\/v2\/media?parent=574627"}],"wp:term":[{"taxonomy":"product_brand","embeddable":true,"href":"https:\/\/shop.kustom.ch\/fr\/wp-json\/wp\/v2\/product_brand?post=574627"},{"taxonomy":"product_cat","embeddable":true,"href":"https:\/\/shop.kustom.ch\/fr\/wp-json\/wp\/v2\/product_cat?post=574627"},{"taxonomy":"product_tag","embeddable":true,"href":"https:\/\/shop.kustom.ch\/fr\/wp-json\/wp\/v2\/product_tag?post=574627"}],"curies":[{"name":"wp","href":"https:\/\/api.w.org\/{rel}","templated":true}]}}