{"id":574496,"date":"2025-03-04T08:09:07","date_gmt":"2025-03-04T07:09:07","guid":{"rendered":"https:\/\/shop.kustom.ch\/?post_type=product&#038;p=574496"},"modified":"2026-03-31T08:05:33","modified_gmt":"2026-03-31T07:05:33","slug":"fleecejacke-unique-3","status":"publish","type":"product","link":"https:\/\/shop.kustom.ch\/fr\/produit\/fleecejacke-unique-3\/","title":{"rendered":"Veste polaire UNIQUE"},"content":{"rendered":"<p>Bicolore, avec des poches. Fermeture avec fermeture \u00e9clair et rabat de protection contre les intemp\u00e9ries \u00e0 l'int\u00e9rieur. Poche de poitrine avec fermeture \u00e0 glissi\u00e8re. Poches sur le devant. Poche int\u00e9rieure. La coupe ergonomique des manches permet une grande libert\u00e9 de mouvement. Le dos est allong\u00e9. Bande \u00e9lastique aux poignets et \u00e0 l'ourlet inf\u00e9rieur. Effets r\u00e9fl\u00e9chissants.<\/p>\n<p>OEKO-TEX\u00ae STANDARD 100<br \/>\n100% Polyester<br \/>\nTissu polaire au m\u00e8tre.<br \/>\n270 g\/m<br \/>\nLinge d\u00e9licat, max. 40\u00b0 C ; Ne pas blanchir ; Ne pas s\u00e9cher au s\u00e8che-linge ; Ne pas repasser ; Supporte le nettoyage normal<\/p>\n<p><a href=\"https:\/\/mascotsitecore-1ccb8.kxcdn.com\/pdf\/16003-302-0209-de.pdf\" target=\"_blank\" rel=\"noopener\"><u>Ouvrir la fiche produit<\/u><\/a><\/p>","protected":false},"excerpt":{"rendered":"<ul>\n<li>Manches ergonomiques form\u00e9es en fonction des mouvements naturels des bras.<\/li>\n<li>Avec des \u00e9lastiques aux manches et \u00e0 l'ourlet.<\/li>\n<li>Avec fermeture \u00e9clair et rabat de protection contre les intemp\u00e9ries \u00e0 l'int\u00e9rieur, qui emp\u00eache le vent de passer.<\/li>\n<li>Protection suppl\u00e9mentaire contre le froid gr\u00e2ce au dos rallong\u00e9.<\/li>\n<li>Am\u00e9lioration de la visibilit\u00e9 pour l'entourage \u00e0 l'aide d'effets r\u00e9fl\u00e9chissants.<\/li>\n<\/ul>","protected":false},"featured_media":574550,"template":"","meta":[],"product_brand":[],"product_cat":[4184],"product_tag":[],"class_list":{"0":"post-574496","1":"product","2":"type-product","3":"status-publish","4":"has-post-thumbnail","6":"product_cat-hoodies-pullover","7":"pa_brand-mascot","8":"pa_brand-type-workwear","9":"pa_filter-color-blau","10":"pa_filter-color-grau","11":"pa_filter-color-rot","12":"pa_filter-color-schwarz","14":"first","15":"instock","16":"sale","17":"taxable","18":"shipping-taxable","19":"purchasable","20":"product-type-variable","21":"add-to-wishlist-before_image"},"exclude_global_add_ons":[],"addons":[],"acf":[],"_links":{"self":[{"href":"https:\/\/shop.kustom.ch\/fr\/wp-json\/wp\/v2\/product\/574496"}],"collection":[{"href":"https:\/\/shop.kustom.ch\/fr\/wp-json\/wp\/v2\/product"}],"about":[{"href":"https:\/\/shop.kustom.ch\/fr\/wp-json\/wp\/v2\/types\/product"}],"wp:featuredmedia":[{"embeddable":true,"href":"https:\/\/shop.kustom.ch\/fr\/wp-json\/wp\/v2\/media\/574550"}],"wp:attachment":[{"href":"https:\/\/shop.kustom.ch\/fr\/wp-json\/wp\/v2\/media?parent=574496"}],"wp:term":[{"taxonomy":"product_brand","embeddable":true,"href":"https:\/\/shop.kustom.ch\/fr\/wp-json\/wp\/v2\/product_brand?post=574496"},{"taxonomy":"product_cat","embeddable":true,"href":"https:\/\/shop.kustom.ch\/fr\/wp-json\/wp\/v2\/product_cat?post=574496"},{"taxonomy":"product_tag","embeddable":true,"href":"https:\/\/shop.kustom.ch\/fr\/wp-json\/wp\/v2\/product_tag?post=574496"}],"curies":[{"name":"wp","href":"https:\/\/api.w.org\/{rel}","templated":true}]}}