{"id":574375,"date":"2025-03-04T08:07:43","date_gmt":"2025-03-04T07:07:43","guid":{"rendered":"https:\/\/shop.kustom.ch\/?post_type=product&#038;p=574375"},"modified":"2026-03-31T08:05:07","modified_gmt":"2026-03-31T07:05:07","slug":"thermojacke-unique","status":"publish","type":"product","link":"https:\/\/shop.kustom.ch\/fr\/produit\/thermojacke-unique\/","title":{"rendered":"Veste thermique UNIQUE"},"content":{"rendered":"<p>Bicolore, elle est tr\u00e8s confortable. Respirant, coupe-vent et d\u00e9perlant. Avec CLIMASCOT\u00ae Lightweight Insulation. Fermeture avec fermeture \u00e9clair et rabat de protection contre les intemp\u00e9ries \u00e0 l'int\u00e9rieur. Col montant. Poche int\u00e9rieure avec fermeture \u00e9clair. Poche de poitrine avec fermeture \u00e9clair. Anneau en D. Poche pour stylo. Poches avant avec fermeture \u00e9clair. Manches ergonomiques permettant une grande libert\u00e9 de mouvement. Tissu stretch sur les c\u00f4t\u00e9s. Bande \u00e9lastique aux poignets et \u00e0 l'ourlet inf\u00e9rieur. Effets r\u00e9fl\u00e9chissants.<\/p>\n<p>OEKO-TEX\u00ae STANDARD 100<br \/>\n100% Polyester<br \/>\nTissu piqu\u00e9 au m\u00e8tre.<br \/>\n300 g\/m<br \/>\nLinge d\u00e9licat, max. 40\u00b0 C ; Pas de blanchiment ; Supporte le s\u00e8che-linge - temp\u00e9rature de d\u00e9part max. 60\u00b0 C ; Pas de repassage ; Supporte le nettoyage normal<\/p>\n<p><a href=\"https:\/\/mascotsitecore-1ccb8.kxcdn.com\/pdf\/15615-249-0209-de.pdf\" target=\"_blank\" rel=\"noopener\"><u>Ouvrir la fiche produit<\/u><\/a><\/p>","protected":false},"excerpt":{"rendered":"<ul>\n<li>L'isolation CLIMASCOT\u00ae unique en son genre r\u00e9chauffe efficacement, est l\u00e9g\u00e8re, douce et peut \u00eatre comprim\u00e9e dans un faible volume.<\/li>\n<li>Manches ergonomiques form\u00e9es en fonction des mouvements naturels des bras.<\/li>\n<li>Respirant, coupe-vent et d\u00e9perlant.<\/li>\n<li>Le mat\u00e9riau \u00e9lastique sur les c\u00f4t\u00e9s offre une plus grande libert\u00e9 de mouvement.<\/li>\n<li>Am\u00e9lioration de la visibilit\u00e9 pour l'entourage \u00e0 l'aide d'effets r\u00e9fl\u00e9chissants.<\/li>\n<\/ul>","protected":false},"featured_media":574433,"template":"","meta":[],"product_brand":[],"product_cat":[4186],"product_tag":[],"class_list":{"0":"post-574375","1":"product","2":"type-product","3":"status-publish","4":"has-post-thumbnail","6":"product_cat-jacken","7":"pa_brand-mascot","8":"pa_brand-type-workwear","9":"pa_filter-color-blau","10":"pa_filter-color-grau","11":"pa_filter-color-rot","12":"pa_filter-color-schwarz","14":"first","15":"instock","16":"sale","17":"taxable","18":"shipping-taxable","19":"purchasable","20":"product-type-variable","21":"add-to-wishlist-before_image"},"exclude_global_add_ons":[],"addons":[],"acf":[],"_links":{"self":[{"href":"https:\/\/shop.kustom.ch\/fr\/wp-json\/wp\/v2\/product\/574375"}],"collection":[{"href":"https:\/\/shop.kustom.ch\/fr\/wp-json\/wp\/v2\/product"}],"about":[{"href":"https:\/\/shop.kustom.ch\/fr\/wp-json\/wp\/v2\/types\/product"}],"wp:featuredmedia":[{"embeddable":true,"href":"https:\/\/shop.kustom.ch\/fr\/wp-json\/wp\/v2\/media\/574433"}],"wp:attachment":[{"href":"https:\/\/shop.kustom.ch\/fr\/wp-json\/wp\/v2\/media?parent=574375"}],"wp:term":[{"taxonomy":"product_brand","embeddable":true,"href":"https:\/\/shop.kustom.ch\/fr\/wp-json\/wp\/v2\/product_brand?post=574375"},{"taxonomy":"product_cat","embeddable":true,"href":"https:\/\/shop.kustom.ch\/fr\/wp-json\/wp\/v2\/product_cat?post=574375"},{"taxonomy":"product_tag","embeddable":true,"href":"https:\/\/shop.kustom.ch\/fr\/wp-json\/wp\/v2\/product_tag?post=574375"}],"curies":[{"name":"wp","href":"https:\/\/api.w.org\/{rel}","templated":true}]}}