{"id":574161,"date":"2025-03-04T08:05:14","date_gmt":"2025-03-04T07:05:14","guid":{"rendered":"https:\/\/shop.kustom.ch\/?post_type=product&#038;p=574161"},"modified":"2026-03-31T08:04:17","modified_gmt":"2026-03-31T07:04:17","slug":"hose-mit-haengetaschen-unique-2","status":"publish","type":"product","link":"https:\/\/shop.kustom.ch\/fr\/produit\/hose-mit-haengetaschen-unique-2\/","title":{"rendered":"Pantalon avec poches suspendues UNIQUE"},"content":{"rendered":"<p>De couleur unie. Contient du TENCEL\u00ae qui rend le tissu au m\u00e8tre plus frais, plus doux et qui absorbe tr\u00e8s bien l'humidit\u00e9. Triples coutures rabattues sur les jambes et \u00e0 l'entrejambe. Taille basse et ceinture moul\u00e9e. Les jambes du pantalon ont une forme ergonomique. Passants de ceinture. Anneau en D. Braguette avec fermeture \u00e0 glissi\u00e8re. Passants pour outils de chaque c\u00f4t\u00e9 de la ceinture. Poches suspendues en tissu CORDURA\u00ae. Passant pour marteau, r\u00e9glable. Spacieuses poches avant - dont une avec une poche pour t\u00e9l\u00e9phone portable facilement accessible. Poches arri\u00e8re renforc\u00e9es. Poche sur la cuisse avec poche pour t\u00e9l\u00e9phone portable, rabat et boutons-pression cach\u00e9s. Poche m\u00e8tre renforc\u00e9e. Poche pour stylo. Poches genouill\u00e8res en CORDURA\u00ae (1000 D) super r\u00e9sistant, r\u00e9glables en hauteur et avec rabat et acc\u00e8s par le haut. Effets r\u00e9fl\u00e9chissants.<\/p>\n<p>OEKO-TEX\u00ae STANDARD 100 ; ProWash\u00ae - EN ISO 15797<br \/>\n70% Polyester\/30% Lyocell (TENCEL\u00ae)<br \/>\nSerg\u00e9.<br \/>\n340 g\/m<br \/>\nLavage couleur, max. 60\u00b0 C ; Pas de blanchiment ; Supporte le s\u00e8che-linge - temp\u00e9rature de d\u00e9part max. 80\u00b0 C ; Repassage \u00e0 temp\u00e9rature moyenne, max. 150\u00b0 C ; Supporte le nettoyage normal<\/p>\n<p><a href=\"https:\/\/mascotsitecore-1ccb8.kxcdn.com\/pdf\/14131-203-09-de.pdf\" target=\"_blank\" rel=\"noopener\"><u>Ouvrir la fiche produit<\/u><\/a><\/p>","protected":false},"excerpt":{"rendered":"<ul>\n<li>La teneur en TENCEL\u00ae rend le mat\u00e9riau doux et lui conf\u00e8re des propri\u00e9t\u00e9s rafra\u00eechissantes et d'absorption de la transpiration.<\/li>\n<li>Des coutures r\u00e9sistantes \u00e0 triple rabattage sur les jambes et \u00e0 l'entrejambe prolongent la dur\u00e9e de vie du produit.<\/li>\n<li>Super coupe avec jambes ergonomiques et inserts cun\u00e9iformes \u00e0 l'int\u00e9rieur des jambes et \u00e0 l'entrejambe (avec renfort suppl\u00e9mentaire).<\/li>\n<li>Sacs suspendus en tissu CORDURA\u00ae avec poches suppl\u00e9mentaires pour les outils.<\/li>\n<li>Poches genouill\u00e8res renforc\u00e9es avec du tissu CORDURA\u00ae, acc\u00e8s \u00e0 la protection des genoux par le haut et rabat pour \u00e9viter l'accumulation de salet\u00e9s.<\/li>\n<\/ul>","protected":false},"featured_media":574187,"template":"","meta":[],"product_brand":[],"product_cat":[4185],"product_tag":[],"class_list":{"0":"post-574161","1":"product","2":"type-product","3":"status-publish","4":"has-post-thumbnail","6":"product_cat-hosen","7":"pa_brand-mascot","8":"pa_brand-type-workwear","9":"pa_filter-color-schwarz","11":"first","12":"instock","13":"sale","14":"taxable","15":"shipping-taxable","16":"purchasable","17":"product-type-variable","18":"add-to-wishlist-before_image"},"exclude_global_add_ons":[],"addons":[],"acf":[],"_links":{"self":[{"href":"https:\/\/shop.kustom.ch\/fr\/wp-json\/wp\/v2\/product\/574161"}],"collection":[{"href":"https:\/\/shop.kustom.ch\/fr\/wp-json\/wp\/v2\/product"}],"about":[{"href":"https:\/\/shop.kustom.ch\/fr\/wp-json\/wp\/v2\/types\/product"}],"wp:featuredmedia":[{"embeddable":true,"href":"https:\/\/shop.kustom.ch\/fr\/wp-json\/wp\/v2\/media\/574187"}],"wp:attachment":[{"href":"https:\/\/shop.kustom.ch\/fr\/wp-json\/wp\/v2\/media?parent=574161"}],"wp:term":[{"taxonomy":"product_brand","embeddable":true,"href":"https:\/\/shop.kustom.ch\/fr\/wp-json\/wp\/v2\/product_brand?post=574161"},{"taxonomy":"product_cat","embeddable":true,"href":"https:\/\/shop.kustom.ch\/fr\/wp-json\/wp\/v2\/product_cat?post=574161"},{"taxonomy":"product_tag","embeddable":true,"href":"https:\/\/shop.kustom.ch\/fr\/wp-json\/wp\/v2\/product_tag?post=574161"}],"curies":[{"name":"wp","href":"https:\/\/api.w.org\/{rel}","templated":true}]}}