{"id":573036,"date":"2025-03-04T07:55:24","date_gmt":"2025-03-04T06:55:24","guid":{"rendered":"https:\/\/shop.kustom.ch\/?post_type=product&#038;p=573036"},"modified":"2026-03-31T08:02:11","modified_gmt":"2026-03-31T07:02:11","slug":"jacke-unique-3","status":"publish","type":"product","link":"https:\/\/shop.kustom.ch\/fr\/produit\/jacke-unique-3\/","title":{"rendered":"Veste UNIQUE"},"content":{"rendered":"<p>Bicolore, en deux couleurs. Tissu l\u00e9ger au m\u00e8tre. Triples coutures rabattues sur les manches et les c\u00f4t\u00e9s. Col montant. Fermeture avec fermeture \u00e9clair, rabat de protection contre les intemp\u00e9ries ainsi que boutons-pression cach\u00e9s. Dos allong\u00e9. Poches poitrine avec rabat et boutons-pression cach\u00e9s. Acc\u00e8s facile \u00e0 la poche int\u00e9gr\u00e9e pour t\u00e9l\u00e9phone portable dans la poche de poitrine. Poches avant. Anneau en D. Les manches \u00e0 la coupe ergonomique permettent une grande libert\u00e9 de mouvement. Poches int\u00e9rieures. Ceinture avec r\u00e9glage par bouton-pression. Poignets avec r\u00e9glage par bouton-pression. Coutures contrast\u00e9es. Effets r\u00e9fl\u00e9chissants.<\/p>\n<p>OEKO-TEX\u00ae STANDARD 100 ; ProWash\u00ae - EN ISO 15797<br \/>\n65% polyester\/35% coton<br \/>\nSerg\u00e9.<br \/>\n270 g\/m<br \/>\nLavage couleur, max. 60\u00b0 C ; Pas de blanchiment ; Supporte le s\u00e8che-linge - temp\u00e9rature de d\u00e9part max. 80\u00b0 C ; Repassage \u00e0 temp\u00e9rature moyenne, max. 150\u00b0 C ; Supporte le nettoyage normal<\/p>\n<p><a href=\"https:\/\/mascotsitecore-1ccb8.kxcdn.com\/pdf\/12209-442-01011-de.pdf\" target=\"_blank\" rel=\"noopener\"><u>Ouvrir la fiche produit<\/u><\/a><\/p>","protected":false},"excerpt":{"rendered":"<ul>\n<li>Les triples coutures en pointe r\u00e9sistantes prolongent la dur\u00e9e de vie du produit.<\/li>\n<li>Grande libert\u00e9 de mouvement gr\u00e2ce aux manches coup\u00e9es en forme.<\/li>\n<li>Dos l\u00e9g\u00e8rement allong\u00e9.<\/li>\n<li>L'ourlet arrondi offre une parfaite libert\u00e9 de mouvement et un acc\u00e8s facile aux poches avant.<\/li>\n<li>Am\u00e9lioration de la visibilit\u00e9 pour l'entourage \u00e0 l'aide d'effets r\u00e9fl\u00e9chissants.<\/li>\n<\/ul>","protected":false},"featured_media":573070,"template":"","meta":[],"product_brand":[],"product_cat":[4186],"product_tag":[],"class_list":{"0":"post-573036","1":"product","2":"type-product","3":"status-publish","4":"has-post-thumbnail","6":"product_cat-jacken","7":"pa_brand-mascot","8":"pa_brand-type-workwear","9":"pa_filter-color-beige","10":"pa_filter-color-blau","11":"pa_filter-color-grau","12":"pa_filter-color-gruen","13":"pa_filter-color-rot","14":"pa_filter-color-schwarz","15":"pa_filter-color-weiss","17":"first","18":"instock","19":"sale","20":"taxable","21":"shipping-taxable","22":"purchasable","23":"product-type-variable","24":"add-to-wishlist-before_image"},"exclude_global_add_ons":[],"addons":[],"acf":[],"_links":{"self":[{"href":"https:\/\/shop.kustom.ch\/fr\/wp-json\/wp\/v2\/product\/573036"}],"collection":[{"href":"https:\/\/shop.kustom.ch\/fr\/wp-json\/wp\/v2\/product"}],"about":[{"href":"https:\/\/shop.kustom.ch\/fr\/wp-json\/wp\/v2\/types\/product"}],"wp:featuredmedia":[{"embeddable":true,"href":"https:\/\/shop.kustom.ch\/fr\/wp-json\/wp\/v2\/media\/573070"}],"wp:attachment":[{"href":"https:\/\/shop.kustom.ch\/fr\/wp-json\/wp\/v2\/media?parent=573036"}],"wp:term":[{"taxonomy":"product_brand","embeddable":true,"href":"https:\/\/shop.kustom.ch\/fr\/wp-json\/wp\/v2\/product_brand?post=573036"},{"taxonomy":"product_cat","embeddable":true,"href":"https:\/\/shop.kustom.ch\/fr\/wp-json\/wp\/v2\/product_cat?post=573036"},{"taxonomy":"product_tag","embeddable":true,"href":"https:\/\/shop.kustom.ch\/fr\/wp-json\/wp\/v2\/product_tag?post=573036"}],"curies":[{"name":"wp","href":"https:\/\/api.w.org\/{rel}","templated":true}]}}