{"id":572440,"date":"2025-03-04T07:49:05","date_gmt":"2025-03-04T06:49:05","guid":{"rendered":"https:\/\/shop.kustom.ch\/?post_type=product&#038;p=572440"},"modified":"2026-03-31T08:01:05","modified_gmt":"2026-03-31T07:01:05","slug":"jacke-unique-2","status":"publish","type":"product","link":"https:\/\/shop.kustom.ch\/fr\/produit\/jacke-unique-2\/","title":{"rendered":"Veste UNIQUE"},"content":{"rendered":"<p>De couleur unie. Contient du TENCEL\u00ae qui rend le tissu au m\u00e8tre plus frais, plus doux et qui absorbe tr\u00e8s bien l'humidit\u00e9. Coutures triples sur les manches et les c\u00f4t\u00e9s. Col montant. Fermeture avec fermeture \u00e9clair, rabat de protection contre les intemp\u00e9ries et boutons-pression cach\u00e9s. Le dos est allong\u00e9. Poches poitrine avec rabat et boutons-pression cach\u00e9s. Acc\u00e8s facile \u00e0 la poche pour t\u00e9l\u00e9phone portable int\u00e9gr\u00e9e dans la poche de poitrine. Poches avant. Anneau en D. Les manches \u00e0 la coupe ergonomique permettent une grande libert\u00e9 de mouvement. Poches int\u00e9rieures. Ceinture avec r\u00e9glage par bouton-pression. Poignets avec r\u00e9glage par bouton-pression. Coutures contrast\u00e9es. Effets r\u00e9fl\u00e9chissants.<\/p>\n<p>OEKO-TEX\u00ae STANDARD 100 ; ProWash\u00ae - EN ISO 15797<br \/>\n70% Polyester\/30% Lyocell (TENCEL\u00ae)<br \/>\nSerg\u00e9.<br \/>\n340 g\/m<br \/>\nLavage couleur, max. 60\u00b0 C ; Pas de blanchiment ; Supporte le s\u00e8che-linge - temp\u00e9rature de d\u00e9part max. 80\u00b0 C ; Repassage \u00e0 temp\u00e9rature moyenne, max. 150\u00b0 C ; Supporte le nettoyage normal<\/p>\n<p><a href=\"https:\/\/mascotsitecore-1ccb8.kxcdn.com\/pdf\/12109-203-010-de.pdf\" target=\"_blank\" rel=\"noopener\"><u>Ouvrir la fiche produit<\/u><\/a><\/p>","protected":false},"excerpt":{"rendered":"<ul>\n<li>La teneur en TENCEL\u00ae rend le mat\u00e9riau doux et lui conf\u00e8re des propri\u00e9t\u00e9s rafra\u00eechissantes et d'absorption de la transpiration.<\/li>\n<li>Les triples coutures en pointe r\u00e9sistantes prolongent la dur\u00e9e de vie du produit.<\/li>\n<li>Acc\u00e8s facile \u00e0 la poche int\u00e9gr\u00e9e pour t\u00e9l\u00e9phone portable dans la poche de poitrine.<\/li>\n<li>Grande libert\u00e9 de mouvement gr\u00e2ce aux manches coup\u00e9es en forme.<\/li>\n<li>Am\u00e9lioration de la visibilit\u00e9 pour l'entourage \u00e0 l'aide d'effets r\u00e9fl\u00e9chissants.<\/li>\n<\/ul>","protected":false},"featured_media":572453,"template":"","meta":[],"product_brand":[],"product_cat":[4186],"product_tag":[],"class_list":{"0":"post-572440","1":"product","2":"type-product","3":"status-publish","4":"has-post-thumbnail","6":"product_cat-jacken","7":"pa_brand-mascot","8":"pa_brand-type-workwear","9":"pa_filter-color-schwarz","11":"first","12":"instock","13":"sale","14":"taxable","15":"shipping-taxable","16":"purchasable","17":"product-type-variable","18":"add-to-wishlist-before_image"},"exclude_global_add_ons":[],"addons":[],"acf":[],"_links":{"self":[{"href":"https:\/\/shop.kustom.ch\/fr\/wp-json\/wp\/v2\/product\/572440"}],"collection":[{"href":"https:\/\/shop.kustom.ch\/fr\/wp-json\/wp\/v2\/product"}],"about":[{"href":"https:\/\/shop.kustom.ch\/fr\/wp-json\/wp\/v2\/types\/product"}],"wp:featuredmedia":[{"embeddable":true,"href":"https:\/\/shop.kustom.ch\/fr\/wp-json\/wp\/v2\/media\/572453"}],"wp:attachment":[{"href":"https:\/\/shop.kustom.ch\/fr\/wp-json\/wp\/v2\/media?parent=572440"}],"wp:term":[{"taxonomy":"product_brand","embeddable":true,"href":"https:\/\/shop.kustom.ch\/fr\/wp-json\/wp\/v2\/product_brand?post=572440"},{"taxonomy":"product_cat","embeddable":true,"href":"https:\/\/shop.kustom.ch\/fr\/wp-json\/wp\/v2\/product_cat?post=572440"},{"taxonomy":"product_tag","embeddable":true,"href":"https:\/\/shop.kustom.ch\/fr\/wp-json\/wp\/v2\/product_tag?post=572440"}],"curies":[{"name":"wp","href":"https:\/\/api.w.org\/{rel}","templated":true}]}}