{"id":572423,"date":"2025-03-04T07:49:01","date_gmt":"2025-03-04T06:49:01","guid":{"rendered":"https:\/\/shop.kustom.ch\/?post_type=product&#038;p=572423"},"modified":"2026-03-31T08:01:03","modified_gmt":"2026-03-31T07:01:03","slug":"softshell-jacke-unique-2","status":"publish","type":"product","link":"https:\/\/shop.kustom.ch\/fr\/produit\/softshell-jacke-unique-2\/","title":{"rendered":"Veste softshell UNIQUE"},"content":{"rendered":"<p>De couleur unie. Respirant, coupe-vent et d\u00e9perlant. Polaire \u00e0 l'int\u00e9rieur. Fermeture avec fermeture \u00e9clair et rabat de protection contre les intemp\u00e9ries \u00e0 l'int\u00e9rieur. Dos allong\u00e9. Poches poitrine avec fermeture \u00e9clair. Anneau en D. Poches avant avec fermeture \u00e9clair. Poches int\u00e9rieures. Manches ergonomiques permettant une grande libert\u00e9 de mouvement. Poche pour stylo. Fermeture velcro aux poignets. \u00c9lastique r\u00e9glable \u00e0 l'ourlet inf\u00e9rieur. Coutures contrast\u00e9es. Effets r\u00e9fl\u00e9chissants.<\/p>\n<p>OEKO-TEX\u00ae STANDARD 100<br \/>\n97% Polyester\/3% \u00c9lasthanne<br \/>\nSoftshell \u00e0 3 couches.<br \/>\n305 g\/m<br \/>\nLinge d\u00e9licat, max. 40\u00b0 C ; Ne pas blanchir ; Ne pas s\u00e9cher au s\u00e8che-linge ; Ne pas repasser ; Supporte le nettoyage normal<\/p>\n<p><a href=\"https:\/\/mascotsitecore-1ccb8.kxcdn.com\/pdf\/12102-149-010-de.pdf\" target=\"_blank\" rel=\"noopener\"><u>Ouvrir la fiche produit<\/u><\/a><\/p>","protected":false},"excerpt":{"rendered":"<ul>\n<li>Respirant, coupe-vent et d\u00e9perlant.<\/li>\n<li>Avec fermeture \u00e9clair et rabat de protection contre les intemp\u00e9ries \u00e0 l'int\u00e9rieur, qui emp\u00eache le vent de passer.<\/li>\n<li>Poches avec fermeture \u00e0 glissi\u00e8re.<\/li>\n<li>Grande libert\u00e9 de mouvement gr\u00e2ce aux manches coup\u00e9es en forme.<\/li>\n<li>Am\u00e9lioration de la visibilit\u00e9 pour l'entourage \u00e0 l'aide d'effets r\u00e9fl\u00e9chissants.<\/li>\n<\/ul>","protected":false},"featured_media":572451,"template":"","meta":[],"product_brand":[],"product_cat":[4186],"product_tag":[],"class_list":{"0":"post-572423","1":"product","2":"type-product","3":"status-publish","4":"has-post-thumbnail","6":"product_cat-jacken","7":"pa_brand-mascot","8":"pa_brand-type-workwear","9":"pa_filter-color-schwarz","11":"first","12":"instock","13":"sale","14":"taxable","15":"shipping-taxable","16":"purchasable","17":"product-type-variable","18":"add-to-wishlist-before_image"},"exclude_global_add_ons":[],"addons":[],"acf":[],"_links":{"self":[{"href":"https:\/\/shop.kustom.ch\/fr\/wp-json\/wp\/v2\/product\/572423"}],"collection":[{"href":"https:\/\/shop.kustom.ch\/fr\/wp-json\/wp\/v2\/product"}],"about":[{"href":"https:\/\/shop.kustom.ch\/fr\/wp-json\/wp\/v2\/types\/product"}],"wp:featuredmedia":[{"embeddable":true,"href":"https:\/\/shop.kustom.ch\/fr\/wp-json\/wp\/v2\/media\/572451"}],"wp:attachment":[{"href":"https:\/\/shop.kustom.ch\/fr\/wp-json\/wp\/v2\/media?parent=572423"}],"wp:term":[{"taxonomy":"product_brand","embeddable":true,"href":"https:\/\/shop.kustom.ch\/fr\/wp-json\/wp\/v2\/product_brand?post=572423"},{"taxonomy":"product_cat","embeddable":true,"href":"https:\/\/shop.kustom.ch\/fr\/wp-json\/wp\/v2\/product_cat?post=572423"},{"taxonomy":"product_tag","embeddable":true,"href":"https:\/\/shop.kustom.ch\/fr\/wp-json\/wp\/v2\/product_tag?post=572423"}],"curies":[{"name":"wp","href":"https:\/\/api.w.org\/{rel}","templated":true}]}}