{"id":571827,"date":"2025-03-04T07:36:56","date_gmt":"2025-03-04T06:36:56","guid":{"rendered":"https:\/\/shop.kustom.ch\/?post_type=product&#038;p=571827"},"modified":"2026-03-31T08:00:30","modified_gmt":"2026-03-31T07:00:30","slug":"latzhose-mit-knietaschen-unique","status":"publish","type":"product","link":"https:\/\/shop.kustom.ch\/fr\/produit\/latzhose-mit-knietaschen-unique\/","title":{"rendered":"Salopette avec poches genouill\u00e8res UNIQUE"},"content":{"rendered":"<p>Bicolore, le tissu est tr\u00e8s doux. Contient du TENCEL\u00ae qui rend le tissu au m\u00e8tre plus frais, plus doux et qui absorbe tr\u00e8s bien l'humidit\u00e9. Coutures triples au niveau des jambes et de l'entrejambe. Bretelles en tissu, r\u00e9glables, avec un \u00e9lastique court et solide et des boucles en plastique. Poche bavette avec poche pour stylo, poche pour t\u00e9l\u00e9phone portable et rabat avec boutons-pression cach\u00e9s. Anneau en D. Poche int\u00e9rieure avec fermeture velcro. La taille est r\u00e9glable. Les jambes du pantalon ont une forme ergonomique. Braguette avec fermeture \u00e9clair. Poches avant et arri\u00e8re. Poches arri\u00e8re renforc\u00e9es. Passant pour marteau, r\u00e9glable. Poche sur la cuisse avec poche pour t\u00e9l\u00e9phone portable, rabat et boutons-pression cach\u00e9s. Poche m\u00e8tre renforc\u00e9e. Poche pour stylo. Poches genouill\u00e8res en CORDURA\u00ae (1000 D) super r\u00e9sistant, r\u00e9glables en hauteur et avec rabat et acc\u00e8s par le haut. Effets r\u00e9fl\u00e9chissants.<\/p>\n<p>OEKO-TEX\u00ae STANDARD 100 ; ProWash\u00ae - EN ISO 15797<br \/>\n70% Polyester\/30% Lyocell (TENCEL\u00ae)<br \/>\nSerg\u00e9.<br \/>\n340 g\/m<br \/>\nLavage couleur, max. 60\u00b0 C ; Pas de blanchiment ; Supporte le s\u00e8che-linge - temp\u00e9rature de d\u00e9part max. 80\u00b0 C ; Repassage \u00e0 temp\u00e9rature moyenne, max. 150\u00b0 C ; Supporte le nettoyage normal<\/p>\n<p><a href=\"https:\/\/mascotsitecore-1ccb8.kxcdn.com\/pdf\/12069-203-01011-de.pdf\" target=\"_blank\" rel=\"noopener\"><u>Ouvrir la fiche produit<\/u><\/a><\/p>","protected":false},"excerpt":{"rendered":"<ul>\n<li>La teneur en TENCEL\u00ae rend le mat\u00e9riau doux et lui conf\u00e8re des propri\u00e9t\u00e9s rafra\u00eechissantes et d'absorption de la transpiration.<\/li>\n<li>Des coutures r\u00e9sistantes \u00e0 triple rabattage sur les jambes et \u00e0 l'entrejambe prolongent la dur\u00e9e de vie du produit.<\/li>\n<li>Super coupe avec jambes ergonomiques et inserts cun\u00e9iformes \u00e0 l'int\u00e9rieur des jambes et \u00e0 l'entrejambe (avec renfort suppl\u00e9mentaire).<\/li>\n<li>Poches genouill\u00e8res renforc\u00e9es avec du tissu CORDURA\u00ae, acc\u00e8s \u00e0 la protection des genoux par le haut et rabat pour \u00e9viter l'accumulation de salet\u00e9s.<\/li>\n<li>Am\u00e9lioration de la visibilit\u00e9 pour l'entourage \u00e0 l'aide d'effets r\u00e9fl\u00e9chissants.<\/li>\n<\/ul>","protected":false},"featured_media":571869,"template":"","meta":[],"product_brand":[],"product_cat":[10448],"product_tag":[],"class_list":{"0":"post-571827","1":"product","2":"type-product","3":"status-publish","4":"has-post-thumbnail","6":"product_cat-latzhose","7":"pa_brand-mascot","8":"pa_brand-type-workwear","9":"pa_filter-color-beige","10":"pa_filter-color-blau","11":"pa_filter-color-grau","12":"pa_filter-color-gruen","13":"pa_filter-color-rot","14":"pa_filter-color-schwarz","15":"pa_filter-color-weiss","17":"first","18":"instock","19":"sale","20":"taxable","21":"shipping-taxable","22":"purchasable","23":"product-type-variable","24":"add-to-wishlist-before_image"},"exclude_global_add_ons":[],"addons":[],"acf":[],"_links":{"self":[{"href":"https:\/\/shop.kustom.ch\/fr\/wp-json\/wp\/v2\/product\/571827"}],"collection":[{"href":"https:\/\/shop.kustom.ch\/fr\/wp-json\/wp\/v2\/product"}],"about":[{"href":"https:\/\/shop.kustom.ch\/fr\/wp-json\/wp\/v2\/types\/product"}],"wp:featuredmedia":[{"embeddable":true,"href":"https:\/\/shop.kustom.ch\/fr\/wp-json\/wp\/v2\/media\/571869"}],"wp:attachment":[{"href":"https:\/\/shop.kustom.ch\/fr\/wp-json\/wp\/v2\/media?parent=571827"}],"wp:term":[{"taxonomy":"product_brand","embeddable":true,"href":"https:\/\/shop.kustom.ch\/fr\/wp-json\/wp\/v2\/product_brand?post=571827"},{"taxonomy":"product_cat","embeddable":true,"href":"https:\/\/shop.kustom.ch\/fr\/wp-json\/wp\/v2\/product_cat?post=571827"},{"taxonomy":"product_tag","embeddable":true,"href":"https:\/\/shop.kustom.ch\/fr\/wp-json\/wp\/v2\/product_tag?post=571827"}],"curies":[{"name":"wp","href":"https:\/\/api.w.org\/{rel}","templated":true}]}}