{"id":571686,"date":"2025-03-04T07:35:47","date_gmt":"2025-03-04T06:35:47","guid":{"rendered":"https:\/\/shop.kustom.ch\/?post_type=product&#038;p=571686"},"modified":"2026-03-31T08:00:09","modified_gmt":"2026-03-31T07:00:09","slug":"shorts-unique","status":"publish","type":"product","link":"https:\/\/shop.kustom.ch\/fr\/produit\/shorts-unique\/","title":{"rendered":"Short UNIQUE"},"content":{"rendered":"<p>Bicolore, en deux couleurs. Tissu l\u00e9ger au m\u00e8tre. Triple couture rabattue sur les jambes et \u00e0 l'entrejambe. Taille basse et ceinture moul\u00e9e. Passants de ceinture. Anneau en D. Braguette avec fermeture \u00e0 glissi\u00e8re. Boucle pour outils \u00e0 la taille. Spacieuses poches avant - dont une avec une poche pour t\u00e9l\u00e9phone portable facilement accessible. Poches arri\u00e8re renforc\u00e9es. Passant pour marteau, r\u00e9glable. Poche sur la cuisse avec poche pour t\u00e9l\u00e9phone portable, rabat et boutons-pression cach\u00e9s. Poche m\u00e8tre renforc\u00e9e. Poche pour stylo.<\/p>\n<p>OEKO-TEX\u00ae STANDARD 100 ; ProWash\u00ae - EN ISO 15797<br \/>\n65% polyester\/35% coton<br \/>\nSerg\u00e9.<br \/>\n270 g\/m<br \/>\nLavage couleur, max. 60\u00b0 C ; Pas de blanchiment ; Supporte le s\u00e8che-linge - temp\u00e9rature de d\u00e9part max. 80\u00b0 C ; Repassage \u00e0 temp\u00e9rature moyenne, max. 150\u00b0 C ; Supporte le nettoyage normal<\/p>\n<p><a href=\"https:\/\/mascotsitecore-1ccb8.kxcdn.com\/pdf\/12049-442-0209-de.pdf\" target=\"_blank\" rel=\"noopener\"><u>Ouvrir la fiche produit<\/u><\/a><\/p>","protected":false},"excerpt":{"rendered":"<ul>\n<li>Des coutures r\u00e9sistantes \u00e0 triple rabattage sur les jambes et \u00e0 l'entrejambe prolongent la dur\u00e9e de vie du produit.<\/li>\n<li>La taille basse avec une ceinture moul\u00e9e fait en sorte que le pantalon suive tous les mouvements du corps.<\/li>\n<li>Poche pour t\u00e9l\u00e9phone portable int\u00e9gr\u00e9e dans la poche avant droite.<\/li>\n<li>Renforts sur les poches arri\u00e8re et la poche m\u00e8tre.<\/li>\n<li>Acc\u00e8s facile au contenu du sac gr\u00e2ce \u00e0 la conception sp\u00e9ciale des poches avant.<\/li>\n<\/ul>","protected":false},"featured_media":571742,"template":"","meta":[],"product_brand":[],"product_cat":[4198],"product_tag":[],"class_list":{"0":"post-571686","1":"product","2":"type-product","3":"status-publish","4":"has-post-thumbnail","6":"product_cat-shorts","7":"pa_brand-mascot","8":"pa_brand-type-workwear","9":"pa_filter-color-beige","10":"pa_filter-color-blau","11":"pa_filter-color-grau","12":"pa_filter-color-gruen","13":"pa_filter-color-rot","14":"pa_filter-color-schwarz","15":"pa_filter-color-weiss","17":"first","18":"instock","19":"sale","20":"taxable","21":"shipping-taxable","22":"purchasable","23":"product-type-variable","24":"add-to-wishlist-before_image"},"exclude_global_add_ons":[],"addons":[],"acf":[],"_links":{"self":[{"href":"https:\/\/shop.kustom.ch\/fr\/wp-json\/wp\/v2\/product\/571686"}],"collection":[{"href":"https:\/\/shop.kustom.ch\/fr\/wp-json\/wp\/v2\/product"}],"about":[{"href":"https:\/\/shop.kustom.ch\/fr\/wp-json\/wp\/v2\/types\/product"}],"wp:featuredmedia":[{"embeddable":true,"href":"https:\/\/shop.kustom.ch\/fr\/wp-json\/wp\/v2\/media\/571742"}],"wp:attachment":[{"href":"https:\/\/shop.kustom.ch\/fr\/wp-json\/wp\/v2\/media?parent=571686"}],"wp:term":[{"taxonomy":"product_brand","embeddable":true,"href":"https:\/\/shop.kustom.ch\/fr\/wp-json\/wp\/v2\/product_brand?post=571686"},{"taxonomy":"product_cat","embeddable":true,"href":"https:\/\/shop.kustom.ch\/fr\/wp-json\/wp\/v2\/product_cat?post=571686"},{"taxonomy":"product_tag","embeddable":true,"href":"https:\/\/shop.kustom.ch\/fr\/wp-json\/wp\/v2\/product_tag?post=571686"}],"curies":[{"name":"wp","href":"https:\/\/api.w.org\/{rel}","templated":true}]}}