{"id":571489,"date":"2025-03-04T07:33:26","date_gmt":"2025-03-04T06:33:26","guid":{"rendered":"https:\/\/shop.kustom.ch\/?post_type=product&#038;p=571489"},"modified":"2026-03-31T07:59:20","modified_gmt":"2026-03-31T06:59:20","slug":"winteroverall-safe-young","status":"publish","type":"product","link":"https:\/\/shop.kustom.ch\/fr\/produit\/winteroverall-safe-young\/","title":{"rendered":"Combinaison d'hiver SAFE YOUNG"},"content":{"rendered":"<p>Fluorescent et avec des reflets obliques. Bicolore, elle est tr\u00e8s r\u00e9sistante. Respirant, imperm\u00e9able au vent et \u00e0 l'eau. Coutures coll\u00e9es. Coutures \u00e0 double rabat sur les jambes et \u00e0 l'entrejambe. Doublure en fourrure synth\u00e9tique sur le corps. Doublure en piqu\u00e9 dans les jambes et les manches. Capuche amovible, doubl\u00e9e et munie de cordons \u00e9lastiques r\u00e9glables. Col int\u00e9rieur en tricot. Fermeture par zip, rabat de protection contre les intemp\u00e9ries et boutons-pression cach\u00e9s. Poches zipp\u00e9es sous la bande de protection contre les intemp\u00e9ries. Poche de poitrine avec fermeture \u00e9clair. Poche poitrine avec rabat et fermeture magn\u00e9tique. Anneau en D. Porte-stylo pour stylo. Poches avant avec rabat de protection contre les intemp\u00e9ries. Poche int\u00e9rieure avec fermeture \u00e9clair. Manches ergonomiques permettant une grande libert\u00e9 de mouvement. Poche sur la manche avec fermeture \u00e9clair. Poches arri\u00e8re avec renforts et rabat avec fermeture velcro. Poche sur la cuisse avec rabat et fermeture velcro. Poche pour m\u00e8tre pliant. Fermeture \u00e0 glissi\u00e8re avec rabat de protection contre les intemp\u00e9ries \u00e0 l'ext\u00e9rieur des jambes. Poignets \u00e0 c\u00f4tes (cach\u00e9s sous la bande de protection contre les intemp\u00e9ries) et fermeture \u00e0 boutons-pression. Les produits contenant des aimants ne doivent PAS \u00eatre port\u00e9s par des personnes portant un stimulateur cardiaque\/ICD ou autre.<\/p>\n<p>OEKO-TEX\u00ae STANDARD 100 ; EN ISO 20471 - classe 3 ; EN 343 3\/1 ; EN 342 3\/WP (2.01 clo) ; Hi-Vis groupe A<br \/>\n100% Polyester<br \/>\nStructure en toile. Ne pas utiliser d'adoucissant.<br \/>\n300 g\/m<br \/>\nLinge d\u00e9licat, max. 40\u00b0 C ; Pas de blanchiment ; Pas de s\u00e9chage en tambour ; Pas de repassage ; Ne convient pas au nettoyage \u00e0 sec<\/p>\n<p><a href=\"https:\/\/mascotsitecore-1ccb8.kxcdn.com\/pdf\/11019-025-A49-de.pdf\" target=\"_blank\" rel=\"noopener\"><u>Ouvrir la fiche produit<\/u><\/a><\/p>","protected":false},"excerpt":{"rendered":"<ul>\n<li>MASCOTEX\u00ae respirant, imperm\u00e9able au vent et \u00e0 l'eau avec coutures soud\u00e9es.<\/li>\n<li>Capuche doubl\u00e9e amovible, avec cordons \u00e9lastiques r\u00e9glables.<\/li>\n<li>Des aimants ferment automatiquement les poches de poitrine apr\u00e8s utilisation.<\/li>\n<li>Grande libert\u00e9 de mouvement gr\u00e2ce aux manches coup\u00e9es en forme.<\/li>\n<li>Fermeture \u00e9clair extra-longue avec bande de protection contre les intemp\u00e9ries \u00e0 l'ext\u00e9rieur de la jambe, pour une utilisation facile avec des bottes.<\/li>\n<\/ul>","protected":false},"featured_media":571519,"template":"","meta":[],"product_brand":[],"product_cat":[10454],"product_tag":[],"class_list":{"0":"post-571489","1":"product","2":"type-product","3":"status-publish","4":"has-post-thumbnail","6":"product_cat-overalls","7":"pa_brand-mascot","8":"pa_brand-type-workwear","9":"pa_filter-color-grau","10":"pa_filter-color-rot","12":"first","13":"instock","14":"sale","15":"taxable","16":"shipping-taxable","17":"purchasable","18":"product-type-variable","19":"add-to-wishlist-before_image"},"exclude_global_add_ons":[],"addons":[],"acf":[],"_links":{"self":[{"href":"https:\/\/shop.kustom.ch\/fr\/wp-json\/wp\/v2\/product\/571489"}],"collection":[{"href":"https:\/\/shop.kustom.ch\/fr\/wp-json\/wp\/v2\/product"}],"about":[{"href":"https:\/\/shop.kustom.ch\/fr\/wp-json\/wp\/v2\/types\/product"}],"wp:featuredmedia":[{"embeddable":true,"href":"https:\/\/shop.kustom.ch\/fr\/wp-json\/wp\/v2\/media\/571519"}],"wp:attachment":[{"href":"https:\/\/shop.kustom.ch\/fr\/wp-json\/wp\/v2\/media?parent=571489"}],"wp:term":[{"taxonomy":"product_brand","embeddable":true,"href":"https:\/\/shop.kustom.ch\/fr\/wp-json\/wp\/v2\/product_brand?post=571489"},{"taxonomy":"product_cat","embeddable":true,"href":"https:\/\/shop.kustom.ch\/fr\/wp-json\/wp\/v2\/product_cat?post=571489"},{"taxonomy":"product_tag","embeddable":true,"href":"https:\/\/shop.kustom.ch\/fr\/wp-json\/wp\/v2\/product_tag?post=571489"}],"curies":[{"name":"wp","href":"https:\/\/api.w.org\/{rel}","templated":true}]}}